{"id":1069,"date":"2020-05-23T12:56:14","date_gmt":"2020-05-23T12:56:14","guid":{"rendered":"https:\/\/seeland.weggli.website\/formations-agiles\/"},"modified":"2022-08-21T22:53:53","modified_gmt":"2022-08-21T22:53:53","slug":"formations-agiles","status":"publish","type":"page","link":"https:\/\/kairos-academy.ch\/fr\/formations-agiles\/","title":{"rendered":"Formations flexibles et diversifi\u00e9es"},"content":{"rendered":"[vc_row type=\u00a0\u00bbfull_width_background\u00a0\u00bb full_screen_row_position=\u00a0\u00bbmiddle\u00a0\u00bb bg_image=\u00a0\u00bb389&Prime; bg_position=\u00a0\u00bbcenter center\u00a0\u00bb bg_repeat=\u00a0\u00bbno-repeat\u00a0\u00bb bg_color=\u00a0\u00bb#333333&Prime; scene_position=\u00a0\u00bbcenter\u00a0\u00bb video_bg=\u00a0\u00bbuse_video\u00a0\u00bb text_color=\u00a0\u00bblight\u00a0\u00bb text_align=\u00a0\u00bbleft\u00a0\u00bb top_padding=\u00a0\u00bb13%\u00a0\u00bb bottom_padding=\u00a0\u00bb13%\u00a0\u00bb color_overlay=\u00a0\u00bb#0a0a0a\u00a0\u00bb overlay_strength=\u00a0\u00bb0.5&Prime; shape_divider_position=\u00a0\u00bbbottom\u00a0\u00bb bg_image_animation=\u00a0\u00bbnone\u00a0\u00bb parallax_bg=\u00a0\u00bbtrue\u00a0\u00bb parallax_bg_speed=\u00a0\u00bbfast\u00a0\u00bb video_mute=\u00a0\u00bbtrue\u00a0\u00bb shape_type=\u00a0\u00bb\u00a0\u00bb][vc_column column_padding=\u00a0\u00bbno-extra-padding\u00a0\u00bb column_padding_position=\u00a0\u00bball\u00a0\u00bb background_color_opacity=\u00a0\u00bb1&Prime; background_hover_color_opacity=\u00a0\u00bb1&Prime; column_link_target=\u00a0\u00bb_self\u00a0\u00bb column_shadow=\u00a0\u00bbnone\u00a0\u00bb column_border_radius=\u00a0\u00bbnone\u00a0\u00bb width=\u00a0\u00bb2\/3&Prime; tablet_width_inherit=\u00a0\u00bbdefault\u00a0\u00bb tablet_text_alignment=\u00a0\u00bbdefault\u00a0\u00bb phone_text_alignment=\u00a0\u00bbdefault\u00a0\u00bb column_border_width=\u00a0\u00bbnone\u00a0\u00bb column_border_style=\u00a0\u00bbsolid\u00a0\u00bb bg_image_animation=\u00a0\u00bbnone\u00a0\u00bb][vc_column_text]\n<h1>Quels sont les avantages ?<\/h1>\n[\/vc_column_text][vc_row_inner column_margin=\u00a0\u00bbdefault\u00a0\u00bb text_align=\u00a0\u00bbleft\u00a0\u00bb][vc_column_inner column_padding=\u00a0\u00bbno-extra-padding\u00a0\u00bb column_padding_position=\u00a0\u00bball\u00a0\u00bb background_color_opacity=\u00a0\u00bb1&Prime; background_hover_color_opacity=\u00a0\u00bb1&Prime; column_shadow=\u00a0\u00bbnone\u00a0\u00bb column_border_radius=\u00a0\u00bbnone\u00a0\u00bb column_link_target=\u00a0\u00bb_self\u00a0\u00bb width=\u00a0\u00bb1\/1&Prime; tablet_width_inherit=\u00a0\u00bbdefault\u00a0\u00bb column_border_width=\u00a0\u00bbnone\u00a0\u00bb column_border_style=\u00a0\u00bbsolid\u00a0\u00bb bg_image_animation=\u00a0\u00bbnone\u00a0\u00bb enable_animation=\u00a0\u00bbtrue\u00a0\u00bb animation=\u00a0\u00bbfade-in-from-bottom\u00a0\u00bb delay=\u00a0\u00bb300&Prime;][vc_custom_heading text=\u00a0\u00bbLes syst\u00e8mes innovatifs s&rsquo;adaptent \u00e0 l&rsquo;\u00e9tudiante, resp. \u00e0 l&rsquo;\u00e9tudiant et ne pas \u00e0 l&rsquo;envers\u00a0\u00bb font_container=\u00a0\u00bbtag:p|text_align:left|color:rgba(255%2C255%2C255%2C0.7)\u00a0\u00bb use_theme_fonts=\u00a0\u00bbyes\u00a0\u00bb][\/vc_column_inner][\/vc_row_inner][\/vc_column][vc_column column_padding=\u00a0\u00bbno-extra-padding\u00a0\u00bb column_padding_position=\u00a0\u00bball\u00a0\u00bb background_color_opacity=\u00a0\u00bb1&Prime; background_hover_color_opacity=\u00a0\u00bb1&Prime; column_link_target=\u00a0\u00bb_self\u00a0\u00bb column_shadow=\u00a0\u00bbnone\u00a0\u00bb column_border_radius=\u00a0\u00bbnone\u00a0\u00bb width=\u00a0\u00bb1\/3&Prime; tablet_width_inherit=\u00a0\u00bbdefault\u00a0\u00bb tablet_text_alignment=\u00a0\u00bbdefault\u00a0\u00bb phone_text_alignment=\u00a0\u00bbdefault\u00a0\u00bb column_border_width=\u00a0\u00bbnone\u00a0\u00bb column_border_style=\u00a0\u00bbsolid\u00a0\u00bb bg_image_animation=\u00a0\u00bbnone\u00a0\u00bb][\/vc_column][\/vc_row][vc_row type=\u00a0\u00bbin_container\u00a0\u00bb full_screen_row_position=\u00a0\u00bbmiddle\u00a0\u00bb scene_position=\u00a0\u00bbcenter\u00a0\u00bb text_color=\u00a0\u00bbdark\u00a0\u00bb text_align=\u00a0\u00bbleft\u00a0\u00bb top_padding=\u00a0\u00bb5%\u00a0\u00bb bottom_padding=\u00a0\u00bb3%\u00a0\u00bb overlay_strength=\u00a0\u00bb0.3&Prime; shape_divider_position=\u00a0\u00bbbottom\u00a0\u00bb bg_image_animation=\u00a0\u00bbnone\u00a0\u00bb shape_type=\u00a0\u00bb\u00a0\u00bb][vc_column column_padding=\u00a0\u00bbno-extra-padding\u00a0\u00bb column_padding_position=\u00a0\u00bball\u00a0\u00bb background_color_opacity=\u00a0\u00bb1&Prime; background_hover_color_opacity=\u00a0\u00bb1&Prime; column_link_target=\u00a0\u00bb_self\u00a0\u00bb column_shadow=\u00a0\u00bbnone\u00a0\u00bb column_border_radius=\u00a0\u00bbnone\u00a0\u00bb width=\u00a0\u00bb3\/4&Prime; tablet_width_inherit=\u00a0\u00bbdefault\u00a0\u00bb tablet_text_alignment=\u00a0\u00bbdefault\u00a0\u00bb phone_text_alignment=\u00a0\u00bbdefault\u00a0\u00bb column_border_width=\u00a0\u00bbnone\u00a0\u00bb column_border_style=\u00a0\u00bbsolid\u00a0\u00bb bg_image_animation=\u00a0\u00bbnone\u00a0\u00bb][vc_custom_heading text=\u00a0\u00bbApprentissage orient\u00e9 comp\u00e9tences\u00a0\u00bb font_container=\u00a0\u00bbtag:h2|font_size:24|text_align:left|line_height:52px\u00a0\u00bb use_theme_fonts=\u00a0\u00bbyes\u00a0\u00bb][vc_column_text css=\u00a0\u00bb.vc_custom_1586795997763{margin-top: 30px !important;margin-bottom: 30px !important;}\u00a0\u00bb]\n<p>Ce qui compte et vous fait progresser, ce sont les comp\u00e9tences. \u00c9largissez vos horizons et d\u00e9butez vos \u00e9tudes maintenant. Une formation encouragera la r\u00e9flexion constructive et stimulera votre ambition, elle apportera du bon vent \u00e0 votre vie priv\u00e9e et professionnelle. Tous les parcours de formation continue alternent entre enseignement en pr\u00e9sentiel et des solutions d\u2019apprentissage digitalis\u00e9es, synchrones et asynchrones. Tous les supports sont adapt\u00e9s \u00e0 la formation pour adultes et d&rsquo;une excellente qualit\u00e9. Chez KAIROS, les \u00e9tudiantes et \u00e9tudiants sont assist\u00e9s par des coachings personnalis\u00e9s. Des outils d\u2019apprentissage interactifs, des visioconf\u00e9rences, des cours en ligne, des contenus disponibles \u00e0 la demande et des contenus num\u00e9riques, dont certains librement accessibles aux \u00e9tudiants permettent un travail individualis\u00e9, orient\u00e9 besoins.\u00a0 Ce concept flexible, d\u00e9velopp\u00e9 par des sp\u00e9cialistes, s\u2019int\u00e8gre parfaitement dans les programmes en direction de vos objectifs et assure la compensation des lacunes individuelles ainsi que le transfert. L\u2019approfondissement des domaines de comp\u00e9tence et ainsi soutenu au maximum. La partie pr\u00e9sentielle de la formation se d\u00e9roule exclusivement en forme de Coachings dans le petit ou le mini-groupe et en campus.<\/p>\n<h5><strong>Comment fonctionnent les programmes \u00ab\u00a0smart\u00a0\u00bb ?<\/strong><\/h5>\n<p>Avec ses m\u00e9thodes innovatrices, KAIROS a mis en place un syst\u00e8me d\u2019apprentissage unique. Le concept de formation favorisant la diversit\u00e9 des approches dans les programmes pr\u00e9paratoires, permet un progr\u00e8s nettement plus efficace que celui r\u00e9alis\u00e9 lors de l&rsquo;enseignement classique, comme il est habituellement propos\u00e9 par les prestataires de la formation. Gr\u00e2ce \u00e0 des nombreux lieux de cours et des solutions flexibles, vous apprenez quand et o\u00f9 vous le souhaitez. Vous profiterez d\u2019un programme qui sera adapt\u00e9 \u00e0 votre mode d&rsquo;apprentissage et \u00e0 vos besoins. En plus,\u00a0 vous pourrez collaborer de mani\u00e8re active \u00e0 la mise en place, dans la direction de vos objectifs. Des m\u00e9thodes intelligentes mettront en accord les contenus \u00e0 transmettre et vos connaissances. Au cours des entretiens avec les accompagnants de formation, vous profiterez d&rsquo;un appui personnalis\u00e9 et soutenu, de sorte que le temps d\u2019apprentissage peut \u00eatre r\u00e9duit, parfois jusqu&rsquo;\u00e0 \u00e0 50%.<\/p>\n<p>En s\u2019appuyant sur les r\u00e9sultats de la recherche sur l\u2019apprentissage humain et la conservation de l\u2019information dans le cerveau, le concept innovateur de KAIROS permet de combler avec beaucoup plus de succ\u00e8s que par le pass\u00e9 les lacunes individuelles en mati\u00e8re de qualifications. Les m\u00e9thodes sont nombreuses:<\/p>\n<ul>\n<li>plateformes novatrices favorisant les \u00e9changes mutuels entre les \u00e9tudiants et les experts<\/li>\n<li>des tandems et des groupes pour l&rsquo;apprentissage collaboratif<\/li>\n<li>un encouragement au travail de projet<\/li>\n<li>un vaste mat\u00e9riel didactique disponible en format digital pour les activit\u00e9s de r\u00e9vision et le travail individuel sur les lacunes de connaissances<\/li>\n<li>innombrables cas d&rsquo;\u00e9tudes, exercices et questionnaires contenant des centaines de questions pour la pr\u00e9paration des examens<\/li>\n<li>des nombreux examens en blanc pour la simulation, l&rsquo;entrainement et l&rsquo;int\u00e9riorisation des mati\u00e8res pr\u00e9par\u00e9es<\/li>\n<\/ul>\n<p>&nbsp;<\/p>\n<h5><strong>Les m\u00e9thodes \u00ab\u00a0Social Blended Learning\u00a0\u00bb<br \/>\n<\/strong><\/h5>\n<p>KAIROS a mis en place, en \u00e9troite collaboration avec les associations professionnelles, une grande vari\u00e9t\u00e9 de formations continues. Les programmes sont adapt\u00e9s aux objectifs et aux besoins des \u00e9tudiants. Les m\u00e9thodes \u00ab\u00a0Social Blended Learning\u00a0\u00bb utilis\u00e9es (apprentissage hybride et \u00e9changes sociaux) sont novatrices et scientifiquement fond\u00e9es. Elles conviennent au concept et renforcent l\u2019efficacit\u00e9 de l\u2019apprentissage.\u00a0 Gr\u00e2ce au \u00ab\u00a0Social Blended Learning\u00a0\u00bb, vous profiterez d\u2019un succ\u00e8s significativement sup\u00e9rieur et d&rsquo;un progr\u00e8s d&rsquo;apprentissage plus rapide. L&rsquo;offre ouvre donc des vraies perspectives. La m\u00e9thode soutient en particulier l\u2019\u00e9change de connaissances sur les meilleures pratiques, selon le fameux concept \u201eBest Practice\u201c.<\/p>\n<p>L\u2019apprentissage hybride, soutenu par des plateformes num\u00e9riques, les possibilit\u00e9s de la technologie, des contenus asynchrones, vous garantissent un progress inou\u00ef dans votre apprentissage. Le d\u00e9veloppement de techniques de r\u00e9solution de probl\u00e8mes et, partant, de comp\u00e9tences personnelles, est activement soutenu par cette m\u00e9thode. En effet, les comp\u00e9tences, contrairement \u00e0 la connaissance, reposent sur des exp\u00e9riences propres. \u00ab\u00a0C\u2019est la raison pour laquelle les comp\u00e9tences ne peuvent pas \u00eatre transmises, mais seulement acquises par la solution de situations probl\u00e9matiques propos\u00e9s p.ex. dans les \u00e9tudes de cas pratiques, c\u2019est-\u00e0-dire de mani\u00e8re cr\u00e9ative (auto-organis\u00e9e).\u00a0\u00bb dit, par exemple, le c\u00e9l\u00e8bre \u00e9conomiste berlinois et professeur Werner Sauter.<\/p>\n<p>Le concept de KAIROS est donc bien plus qu&rsquo;une seule collection de m\u00e9thodes. Au fond, la flexibilit\u00e9 se base plut\u00f4t sur une attitude, un \u00ab\u00a0Mindset\u00a0\u00bb donc, qui peut \u00eatre\u00a0 soutenu par des m\u00e9thodes innovatrices. Les accompagnants de KAIROS aident et conseillent les \u00e9tudiantes et \u00e9tudiants. Leur travail est de contribuer activement et efficacement au d\u00e9veloppement des champs de comp\u00e9tences. Car, les syst\u00e8mes d&rsquo;apprentissages orient\u00e9s comp\u00e9tences s&rsquo;adaptent aux \u00e9tudiants et non pas \u00e0 l&rsquo;envers. Ces tendances vont clairement in direction de la formation du futur.<\/p>\n<p>&nbsp;<\/p>\n<p><strong>Vous visez un changement professionnel, vous avez des objectifs de carri\u00e8re ou\u00a0 un th\u00e8me d&rsquo;int\u00e9r\u00eat personnel ? Chez KAIROS, vous trouverez certainement l&rsquo;offre adapt\u00e9e. Tous les cours d\u00e9butent r\u00e9guli\u00e8rement. Pour un conseil personnalis\u00e9, n&rsquo;h\u00e9sitez pas et contactez-nous, nous nous prenons tout le temps pour vous.<\/strong>[\/vc_column_text][\/vc_column][vc_column column_padding=\u00a0\u00bbno-extra-padding\u00a0\u00bb column_padding_position=\u00a0\u00bball\u00a0\u00bb background_color_opacity=\u00a0\u00bb1&Prime; background_hover_color_opacity=\u00a0\u00bb1&Prime; column_link_target=\u00a0\u00bb_self\u00a0\u00bb column_shadow=\u00a0\u00bbnone\u00a0\u00bb column_border_radius=\u00a0\u00bbnone\u00a0\u00bb width=\u00a0\u00bb1\/4&Prime; tablet_width_inherit=\u00a0\u00bbdefault\u00a0\u00bb tablet_text_alignment=\u00a0\u00bbdefault\u00a0\u00bb phone_text_alignment=\u00a0\u00bbdefault\u00a0\u00bb column_border_width=\u00a0\u00bbnone\u00a0\u00bb column_border_style=\u00a0\u00bbsolid\u00a0\u00bb bg_image_animation=\u00a0\u00bbnone\u00a0\u00bb offset=\u00a0\u00bbvc_hidden-sm vc_hidden-xs\u00a0\u00bb][\/vc_column][\/vc_row]\n","protected":false},"excerpt":{"rendered":"<p>[vc_row type=\u00a0\u00bbfull_width_background\u00a0\u00bb full_screen_row_position=\u00a0\u00bbmiddle\u00a0\u00bb bg_image=\u00a0\u00bb389&Prime; bg_position=\u00a0\u00bbcenter center\u00a0\u00bb bg_repeat=\u00a0\u00bbno-repeat\u00a0\u00bb bg_color=\u00a0\u00bb#333333&Prime; scene_position=\u00a0\u00bbcenter\u00a0\u00bb video_bg=\u00a0\u00bbuse_video\u00a0\u00bb text_color=\u00a0\u00bblight\u00a0\u00bb text_align=\u00a0\u00bbleft\u00a0\u00bb top_padding=\u00a0\u00bb13%\u00a0\u00bb bottom_padding=\u00a0\u00bb13%\u00a0\u00bb color_overlay=\u00a0\u00bb#0a0a0a\u00a0\u00bb overlay_strength=\u00a0\u00bb0.5&Prime; shape_divider_position=\u00a0\u00bbbottom\u00a0\u00bb bg_image_animation=\u00a0\u00bbnone\u00a0\u00bb parallax_bg=\u00a0\u00bbtrue\u00a0\u00bb parallax_bg_speed=\u00a0\u00bbfast\u00a0\u00bb video_mute=\u00a0\u00bbtrue\u00a0\u00bb shape_type=\u00a0\u00bb\u00a0\u00bb][vc_column column_padding=\u00a0\u00bbno-extra-padding\u00a0\u00bb column_padding_position=\u00a0\u00bball\u00a0\u00bb background_color_opacity=\u00a0\u00bb1&Prime; background_hover_color_opacity=\u00a0\u00bb1&Prime; column_link_target=\u00a0\u00bb_self\u00a0\u00bb column_shadow=\u00a0\u00bbnone\u00a0\u00bb column_border_radius=\u00a0\u00bbnone\u00a0\u00bb width=\u00a0\u00bb2\/3&Prime;&#8230;<\/p>\n","protected":false},"author":1,"featured_media":0,"parent":0,"menu_order":0,"comment_status":"closed","ping_status":"closed","template":"","meta":[],"_links":{"self":[{"href":"https:\/\/kairos-academy.ch\/fr\/wp-json\/wp\/v2\/pages\/1069"}],"collection":[{"href":"https:\/\/kairos-academy.ch\/fr\/wp-json\/wp\/v2\/pages"}],"about":[{"href":"https:\/\/kairos-academy.ch\/fr\/wp-json\/wp\/v2\/types\/page"}],"author":[{"embeddable":true,"href":"https:\/\/kairos-academy.ch\/fr\/wp-json\/wp\/v2\/users\/1"}],"replies":[{"embeddable":true,"href":"https:\/\/kairos-academy.ch\/fr\/wp-json\/wp\/v2\/comments?post=1069"}],"version-history":[{"count":19,"href":"https:\/\/kairos-academy.ch\/fr\/wp-json\/wp\/v2\/pages\/1069\/revisions"}],"predecessor-version":[{"id":2526,"href":"https:\/\/kairos-academy.ch\/fr\/wp-json\/wp\/v2\/pages\/1069\/revisions\/2526"}],"wp:attachment":[{"href":"https:\/\/kairos-academy.ch\/fr\/wp-json\/wp\/v2\/media?parent=1069"}],"curies":[{"name":"wp","href":"https:\/\/api.w.org\/{rel}","templated":true}]}}