{"id":2784,"date":"2022-09-06T10:13:55","date_gmt":"2022-09-06T10:13:55","guid":{"rendered":"https:\/\/seeland.dev.mxm.agency\/?page_id=2784"},"modified":"2022-11-09T09:08:26","modified_gmt":"2022-11-09T09:08:26","slug":"impressum-2","status":"publish","type":"page","link":"https:\/\/kairos-academy.ch\/fr\/impressum-2\/","title":{"rendered":"Mentions l\u00e9gales"},"content":{"rendered":"[vc_row type=\u00a0\u00bbfull_width_background\u00a0\u00bb full_screen_row_position=\u00a0\u00bbmiddle\u00a0\u00bb column_margin=\u00a0\u00bbdefault\u00a0\u00bb column_direction=\u00a0\u00bbdefault\u00a0\u00bb column_direction_tablet=\u00a0\u00bbdefault\u00a0\u00bb column_direction_phone=\u00a0\u00bbdefault\u00a0\u00bb bg_color=\u00a0\u00bb#333333&Prime; bg_image=\u00a0\u00bb357&Prime; bg_position=\u00a0\u00bbcenter center\u00a0\u00bb background_image_loading=\u00a0\u00bbdefault\u00a0\u00bb bg_repeat=\u00a0\u00bbno-repeat\u00a0\u00bb video_bg=\u00a0\u00bbuse_video\u00a0\u00bb background_video_loading=\u00a0\u00bbdefault\u00a0\u00bb scene_position=\u00a0\u00bbcenter\u00a0\u00bb top_padding=\u00a0\u00bb13%\u00a0\u00bb bottom_padding=\u00a0\u00bb13%\u00a0\u00bb text_color=\u00a0\u00bblight\u00a0\u00bb text_align=\u00a0\u00bbleft\u00a0\u00bb row_border_radius=\u00a0\u00bbnone\u00a0\u00bb row_border_radius_applies=\u00a0\u00bbbg\u00a0\u00bb overflow=\u00a0\u00bbvisible\u00a0\u00bb color_overlay=\u00a0\u00bb#0a0a0a\u00a0\u00bb overlay_strength=\u00a0\u00bb0.5&Prime; gradient_direction=\u00a0\u00bbleft_to_right\u00a0\u00bb shape_divider_position=\u00a0\u00bbbottom\u00a0\u00bb bg_image_animation=\u00a0\u00bbnone\u00a0\u00bb parallax_bg=\u00a0\u00bbtrue\u00a0\u00bb parallax_bg_speed=\u00a0\u00bbfast\u00a0\u00bb video_mute=\u00a0\u00bbtrue\u00a0\u00bb shape_type=\u00a0\u00bb\u00a0\u00bb][vc_column column_padding=\u00a0\u00bbno-extra-padding\u00a0\u00bb column_padding_tablet=\u00a0\u00bbinherit\u00a0\u00bb column_padding_phone=\u00a0\u00bbinherit\u00a0\u00bb column_padding_position=\u00a0\u00bball\u00a0\u00bb column_element_spacing=\u00a0\u00bbdefault\u00a0\u00bb background_color_opacity=\u00a0\u00bb1&Prime; background_hover_color_opacity=\u00a0\u00bb1&Prime; column_shadow=\u00a0\u00bbnone\u00a0\u00bb column_border_radius=\u00a0\u00bbnone\u00a0\u00bb column_link_target=\u00a0\u00bb_self\u00a0\u00bb column_position=\u00a0\u00bbdefault\u00a0\u00bb gradient_direction=\u00a0\u00bbleft_to_right\u00a0\u00bb overlay_strength=\u00a0\u00bb0.3&Prime; width=\u00a0\u00bb2\/3&Prime; tablet_width_inherit=\u00a0\u00bbdefault\u00a0\u00bb tablet_text_alignment=\u00a0\u00bbdefault\u00a0\u00bb phone_text_alignment=\u00a0\u00bbdefault\u00a0\u00bb animation_type=\u00a0\u00bbdefault\u00a0\u00bb bg_image_animation=\u00a0\u00bbnone\u00a0\u00bb border_type=\u00a0\u00bbsimple\u00a0\u00bb column_border_width=\u00a0\u00bbnone\u00a0\u00bb column_border_style=\u00a0\u00bbsolid\u00a0\u00bb][split_line_heading animation_type=\u00a0\u00bbline-reveal-by-space\u00a0\u00bb font_style=\u00a0\u00bbh1&Prime; line_reveal_by_space_text_effect=\u00a0\u00bbdefault\u00a0\u00bb content_alignment=\u00a0\u00bbdefault\u00a0\u00bb mobile_content_alignment=\u00a0\u00bbinherit\u00a0\u00bb link_target=\u00a0\u00bb_self\u00a0\u00bb text_content=\u00a0\u00bbMENTIONS LEGALES \u00ab\u00a0]\n<h1>Portrait<\/h1>\n[\/split_line_heading][vc_row_inner column_margin=\u00a0\u00bbdefault\u00a0\u00bb column_direction=\u00a0\u00bbdefault\u00a0\u00bb column_direction_tablet=\u00a0\u00bbdefault\u00a0\u00bb column_direction_phone=\u00a0\u00bbdefault\u00a0\u00bb text_align=\u00a0\u00bbleft\u00a0\u00bb row_position=\u00a0\u00bbdefault\u00a0\u00bb row_position_tablet=\u00a0\u00bbinherit\u00a0\u00bb row_position_phone=\u00a0\u00bbinherit\u00a0\u00bb overflow=\u00a0\u00bbvisible\u00a0\u00bb pointer_events=\u00a0\u00bball\u00a0\u00bb][vc_column_inner column_padding=\u00a0\u00bbno-extra-padding\u00a0\u00bb column_padding_tablet=\u00a0\u00bbinherit\u00a0\u00bb column_padding_phone=\u00a0\u00bbinherit\u00a0\u00bb column_padding_position=\u00a0\u00bball\u00a0\u00bb column_element_spacing=\u00a0\u00bbdefault\u00a0\u00bb background_color_opacity=\u00a0\u00bb1&Prime; background_hover_color_opacity=\u00a0\u00bb1&Prime; column_shadow=\u00a0\u00bbnone\u00a0\u00bb column_border_radius=\u00a0\u00bbnone\u00a0\u00bb column_link_target=\u00a0\u00bb_self\u00a0\u00bb gradient_direction=\u00a0\u00bbleft_to_right\u00a0\u00bb overlay_strength=\u00a0\u00bb0.3&Prime; width=\u00a0\u00bb1\/1&Prime; tablet_width_inherit=\u00a0\u00bbdefault\u00a0\u00bb animation_type=\u00a0\u00bbdefault\u00a0\u00bb enable_animation=\u00a0\u00bbtrue\u00a0\u00bb animation=\u00a0\u00bbfade-in-from-bottom\u00a0\u00bb bg_image_animation=\u00a0\u00bbnone\u00a0\u00bb border_type=\u00a0\u00bbsimple\u00a0\u00bb column_border_width=\u00a0\u00bbnone\u00a0\u00bb column_border_style=\u00a0\u00bbsolid\u00a0\u00bb delay=\u00a0\u00bb300&Prime;][\/vc_column_inner][\/vc_row_inner][\/vc_column][vc_column column_padding=\u00a0\u00bbno-extra-padding\u00a0\u00bb column_padding_tablet=\u00a0\u00bbinherit\u00a0\u00bb column_padding_phone=\u00a0\u00bbinherit\u00a0\u00bb column_padding_position=\u00a0\u00bball\u00a0\u00bb column_element_spacing=\u00a0\u00bbdefault\u00a0\u00bb background_color_opacity=\u00a0\u00bb1&Prime; background_hover_color_opacity=\u00a0\u00bb1&Prime; column_shadow=\u00a0\u00bbnone\u00a0\u00bb column_border_radius=\u00a0\u00bbnone\u00a0\u00bb column_link_target=\u00a0\u00bb_self\u00a0\u00bb column_position=\u00a0\u00bbdefault\u00a0\u00bb gradient_direction=\u00a0\u00bbleft_to_right\u00a0\u00bb overlay_strength=\u00a0\u00bb0.3&Prime; width=\u00a0\u00bb1\/3&Prime; tablet_width_inherit=\u00a0\u00bbdefault\u00a0\u00bb tablet_text_alignment=\u00a0\u00bbdefault\u00a0\u00bb phone_text_alignment=\u00a0\u00bbdefault\u00a0\u00bb animation_type=\u00a0\u00bbdefault\u00a0\u00bb bg_image_animation=\u00a0\u00bbnone\u00a0\u00bb border_type=\u00a0\u00bbsimple\u00a0\u00bb column_border_width=\u00a0\u00bbnone\u00a0\u00bb column_border_style=\u00a0\u00bbsolid\u00a0\u00bb][\/vc_column][\/vc_row][vc_row type=\u00a0\u00bbin_container\u00a0\u00bb full_screen_row_position=\u00a0\u00bbmiddle\u00a0\u00bb column_margin=\u00a0\u00bbdefault\u00a0\u00bb column_direction=\u00a0\u00bbdefault\u00a0\u00bb column_direction_tablet=\u00a0\u00bbdefault\u00a0\u00bb column_direction_phone=\u00a0\u00bbdefault\u00a0\u00bb scene_position=\u00a0\u00bbcenter\u00a0\u00bb text_color=\u00a0\u00bbdark\u00a0\u00bb text_align=\u00a0\u00bbleft\u00a0\u00bb row_border_radius=\u00a0\u00bbnone\u00a0\u00bb row_border_radius_applies=\u00a0\u00bbbg\u00a0\u00bb overflow=\u00a0\u00bbvisible\u00a0\u00bb overlay_strength=\u00a0\u00bb0.3&Prime; gradient_direction=\u00a0\u00bbleft_to_right\u00a0\u00bb shape_divider_position=\u00a0\u00bbbottom\u00a0\u00bb bg_image_animation=\u00a0\u00bbnone\u00a0\u00bb][vc_column column_padding=\u00a0\u00bbno-extra-padding\u00a0\u00bb column_padding_tablet=\u00a0\u00bbinherit\u00a0\u00bb column_padding_phone=\u00a0\u00bbinherit\u00a0\u00bb column_padding_position=\u00a0\u00bball\u00a0\u00bb column_element_spacing=\u00a0\u00bbdefault\u00a0\u00bb background_color_opacity=\u00a0\u00bb1&Prime; background_hover_color_opacity=\u00a0\u00bb1&Prime; column_shadow=\u00a0\u00bbnone\u00a0\u00bb column_border_radius=\u00a0\u00bbnone\u00a0\u00bb column_link_target=\u00a0\u00bb_self\u00a0\u00bb column_position=\u00a0\u00bbdefault\u00a0\u00bb gradient_direction=\u00a0\u00bbleft_to_right\u00a0\u00bb overlay_strength=\u00a0\u00bb0.3&Prime; width=\u00a0\u00bb1\/1&Prime; tablet_width_inherit=\u00a0\u00bbdefault\u00a0\u00bb tablet_text_alignment=\u00a0\u00bbdefault\u00a0\u00bb phone_text_alignment=\u00a0\u00bbdefault\u00a0\u00bb animation_type=\u00a0\u00bbdefault\u00a0\u00bb bg_image_animation=\u00a0\u00bbnone\u00a0\u00bb border_type=\u00a0\u00bbsimple\u00a0\u00bb column_border_width=\u00a0\u00bbnone\u00a0\u00bb column_border_style=\u00a0\u00bbsolid\u00a0\u00bb][vc_column_text]&nbsp;<\/p>\n<p>&nbsp;<\/p>\n<p><strong>Adresse<\/strong><br \/>\nKAIROS Academy Ltd. &#8211; si\u00e8ge principal<br \/>\nPRA PURY 19 &#8211; 3280 MURTEN &#8211; MORAT<\/p>\n<p>KAIROS Academy Ltd. &#8211;  si\u00e8ge secondaire<br \/>\nCHEMIN DES BARQUES 9 &#8211; 2503 BIEL &#8211; BIENNE<br \/>\n<span style=\"color: #000000;\"><a style=\"color: #000000;\" href=\"\/fr\/contact\/\">Contact<\/a><\/span><\/p>\n<p><strong>Responsable<\/strong><br \/>\nSandra Gehring<br \/>\nDirectrice <\/p>\n<p><strong>Concept, Design et r\u00e9alisation technique<\/strong><br \/>\nMaxomedia AG<br \/>\nZinggstrasse 1<br \/>\n3007 Bern<br \/>\nTelefon: 031 370 01 11<br \/>\n<span style=\"color: #000000;\"><u><a style=\"color: #000000;\" href=\"https:\/\/www.maxomedia.ch\">www.maxomedia.ch<\/a><\/u><\/span><\/p>\n<p><strong>Droit d\u2019auteur<\/strong><br \/>\nToutes les marques mentionn\u00e9es dans le cadre de l&rsquo;offre Internet et prot\u00e9g\u00e9es le cas \u00e9ch\u00e9ant par des tiers sont soumises aux dispositions du droit des marques en vigueur, ainsi qu&rsquo;aux droits de propri\u00e9t\u00e9. Le copyright pour les images, photos, textes, logos ou autres contenus publi\u00e9s sur le site web et \u00e9labor\u00e9s par KAIROS Academy of Art and Science Ltd. demeure la propri\u00e9t\u00e9 exclusive de la propri\u00e9taire ou de l&rsquo;auteur des m\u00eames. La reproduction ou l\u2019utilisation de tels \u00e9l\u00e9ments dans d&rsquo;autres publications \u00e9lectroniques ou imprim\u00e9es est interdite sans l&rsquo;accord \u00e9crit de KAIROS Academy of Art and Science Ltd. L\u2019accord \u00e9crit de KAIROS Academy of Art and Science Ltd. ou de l\u2019auteur de ces \u00e9l\u00e9ments est \u00e0 demander \u00e0 l\u2019avance.<\/p>\n<p><strong>Clause de non-responsabilit\u00e9<\/strong><br \/>\nKAIROS Academy of Art and Science Ltd. d\u00e9cline toute responsabilit\u00e9 quant \u00e0 l&rsquo;actualit\u00e9, la fiabilit\u00e9, l&rsquo;exhaustivit\u00e9 ou la qualit\u00e9 des informations mises \u00e0 disposition. Les recours en responsabilit\u00e9 \u00e0 l&rsquo;encontre de KAIROS Academy of Art and Science Ltd. qui se rapportent \u00e0 des dommages d&rsquo;ordre mat\u00e9riel ou immat\u00e9riel occasionn\u00e9s par l\u2019acc\u00e8s, par l&rsquo;utilisation ou la non-utilisation des informations propos\u00e9es ou encore par l&rsquo;utilisation d&rsquo;informations erron\u00e9es et incompl\u00e8tes, par l\u2019utilisation abusive de la connexion Internet, par les pannes techniques, sont exclus. KAIROS Academy of Art and Science Ltd. se r\u00e9serve le droit de modifier, de compl\u00e9ter ou de supprimer des pages ou des parties de pages, des offres ou des parties des offres sans avis pr\u00e9alable, ainsi que d&rsquo;en suspendre la publication, que ce soit de fa\u00e7on temporaire ou d\u00e9finitive.<\/p>\n<p><strong>Liens indiqu\u00e9s et renvois sur d\u2019autres sites<\/strong><br \/>\nPour ce qui concerne les renvois \u00e0 des sites Internet de tiers, KAIROS Academy of Art and Science Ltd. d\u00e9clare express\u00e9ment par la pr\u00e9sente qu\u2019elle d\u00e9cline toute responsabilit\u00e9. KAIROS Academy of Art and Science Ltd. se d\u00e9solidarise donc express\u00e9ment des contenus de tous les sites mis en lien et notamment des dommages qui r\u00e9sultent de l&rsquo;utilisation ou de la non-utilisation d\u2019informations de ce type. Le propri\u00e9taire du site faisant l&rsquo;objet d&rsquo;un renvoi est le seul responsable des contenus publi\u00e9s. L\u2019acc\u00e8s et l\u2019utilisation se fait sous la responsabilit\u00e9 et aux risques de l&rsquo;utilisateur.<\/p>\n<p><strong>Validit\u00e9 juridique<\/strong><br \/>\nLes \u00e9l\u00e9ments ci-dessus doivent \u00eatre consid\u00e9r\u00e9s comme faisant partie int\u00e9grante de l&rsquo;offre de KAIROS Academy of Art and Science Ltd.<\/p>\n<p>\u00a9 KAIROS Academy of Art and Science Ltd., Murten-Morat, septembre 2022[\/vc_column_text][\/vc_column][\/vc_row]\n","protected":false},"excerpt":{"rendered":"<p>[vc_row type=\u00a0\u00bbfull_width_background\u00a0\u00bb full_screen_row_position=\u00a0\u00bbmiddle\u00a0\u00bb column_margin=\u00a0\u00bbdefault\u00a0\u00bb column_direction=\u00a0\u00bbdefault\u00a0\u00bb column_direction_tablet=\u00a0\u00bbdefault\u00a0\u00bb column_direction_phone=\u00a0\u00bbdefault\u00a0\u00bb bg_color=\u00a0\u00bb#333333&Prime; bg_image=\u00a0\u00bb357&Prime; bg_position=\u00a0\u00bbcenter center\u00a0\u00bb background_image_loading=\u00a0\u00bbdefault\u00a0\u00bb bg_repeat=\u00a0\u00bbno-repeat\u00a0\u00bb video_bg=\u00a0\u00bbuse_video\u00a0\u00bb background_video_loading=\u00a0\u00bbdefault\u00a0\u00bb scene_position=\u00a0\u00bbcenter\u00a0\u00bb top_padding=\u00a0\u00bb13%\u00a0\u00bb bottom_padding=\u00a0\u00bb13%\u00a0\u00bb text_color=\u00a0\u00bblight\u00a0\u00bb text_align=\u00a0\u00bbleft\u00a0\u00bb row_border_radius=\u00a0\u00bbnone\u00a0\u00bb row_border_radius_applies=\u00a0\u00bbbg\u00a0\u00bb overflow=\u00a0\u00bbvisible\u00a0\u00bb color_overlay=\u00a0\u00bb#0a0a0a\u00a0\u00bb overlay_strength=\u00a0\u00bb0.5&Prime; gradient_direction=\u00a0\u00bbleft_to_right\u00a0\u00bb shape_divider_position=\u00a0\u00bbbottom\u00a0\u00bb bg_image_animation=\u00a0\u00bbnone\u00a0\u00bb parallax_bg=\u00a0\u00bbtrue\u00a0\u00bb parallax_bg_speed=\u00a0\u00bbfast\u00a0\u00bb&#8230;<\/p>\n","protected":false},"author":6,"featured_media":0,"parent":0,"menu_order":0,"comment_status":"closed","ping_status":"closed","template":"","meta":[],"_links":{"self":[{"href":"https:\/\/kairos-academy.ch\/fr\/wp-json\/wp\/v2\/pages\/2784"}],"collection":[{"href":"https:\/\/kairos-academy.ch\/fr\/wp-json\/wp\/v2\/pages"}],"about":[{"href":"https:\/\/kairos-academy.ch\/fr\/wp-json\/wp\/v2\/types\/page"}],"author":[{"embeddable":true,"href":"https:\/\/kairos-academy.ch\/fr\/wp-json\/wp\/v2\/users\/6"}],"replies":[{"embeddable":true,"href":"https:\/\/kairos-academy.ch\/fr\/wp-json\/wp\/v2\/comments?post=2784"}],"version-history":[{"count":12,"href":"https:\/\/kairos-academy.ch\/fr\/wp-json\/wp\/v2\/pages\/2784\/revisions"}],"predecessor-version":[{"id":3395,"href":"https:\/\/kairos-academy.ch\/fr\/wp-json\/wp\/v2\/pages\/2784\/revisions\/3395"}],"wp:attachment":[{"href":"https:\/\/kairos-academy.ch\/fr\/wp-json\/wp\/v2\/media?parent=2784"}],"curies":[{"name":"wp","href":"https:\/\/api.w.org\/{rel}","templated":true}]}}