{"id":772,"date":"2020-03-21T11:32:23","date_gmt":"2020-03-21T11:32:23","guid":{"rendered":"https:\/\/seeland.weggli.website\/lecole\/"},"modified":"2022-08-21T18:48:09","modified_gmt":"2022-08-21T18:48:09","slug":"lecole","status":"publish","type":"page","link":"https:\/\/kairos-academy.ch\/fr\/lecole\/","title":{"rendered":"Portrait"},"content":{"rendered":"[vc_row type=\u00a0\u00bbin_container\u00a0\u00bb full_screen_row_position=\u00a0\u00bbmiddle\u00a0\u00bb scene_position=\u00a0\u00bbcenter\u00a0\u00bb text_color=\u00a0\u00bbdark\u00a0\u00bb text_align=\u00a0\u00bbleft\u00a0\u00bb overlay_strength=\u00a0\u00bb0.3&Prime; shape_divider_position=\u00a0\u00bbbottom\u00a0\u00bb bg_image_animation=\u00a0\u00bbnone\u00a0\u00bb][vc_column column_padding=\u00a0\u00bbno-extra-padding\u00a0\u00bb column_padding_position=\u00a0\u00bball\u00a0\u00bb background_color_opacity=\u00a0\u00bb1&Prime; background_hover_color_opacity=\u00a0\u00bb1&Prime; column_link_target=\u00a0\u00bb_self\u00a0\u00bb column_shadow=\u00a0\u00bbnone\u00a0\u00bb column_border_radius=\u00a0\u00bbnone\u00a0\u00bb width=\u00a0\u00bb1\/1&Prime; tablet_width_inherit=\u00a0\u00bbdefault\u00a0\u00bb tablet_text_alignment=\u00a0\u00bbdefault\u00a0\u00bb phone_text_alignment=\u00a0\u00bbdefault\u00a0\u00bb column_border_width=\u00a0\u00bbnone\u00a0\u00bb column_border_style=\u00a0\u00bbsolid\u00a0\u00bb bg_image_animation=\u00a0\u00bbnone\u00a0\u00bb][vc_column_text][\/vc_column_text][\/vc_column][\/vc_row][vc_row type=\u00a0\u00bbfull_width_background\u00a0\u00bb full_screen_row_position=\u00a0\u00bbmiddle\u00a0\u00bb bg_image=\u00a0\u00bb357&Prime; bg_position=\u00a0\u00bbcenter center\u00a0\u00bb bg_repeat=\u00a0\u00bbno-repeat\u00a0\u00bb bg_color=\u00a0\u00bb#333333&Prime; scene_position=\u00a0\u00bbcenter\u00a0\u00bb video_bg=\u00a0\u00bbuse_video\u00a0\u00bb text_color=\u00a0\u00bblight\u00a0\u00bb text_align=\u00a0\u00bbleft\u00a0\u00bb top_padding=\u00a0\u00bb13%\u00a0\u00bb bottom_padding=\u00a0\u00bb13%\u00a0\u00bb color_overlay=\u00a0\u00bb#0a0a0a\u00a0\u00bb overlay_strength=\u00a0\u00bb0.5&Prime; shape_divider_position=\u00a0\u00bbbottom\u00a0\u00bb bg_image_animation=\u00a0\u00bbnone\u00a0\u00bb parallax_bg=\u00a0\u00bbtrue\u00a0\u00bb parallax_bg_speed=\u00a0\u00bbfast\u00a0\u00bb video_mute=\u00a0\u00bbtrue\u00a0\u00bb shape_type=\u00a0\u00bb\u00a0\u00bb][vc_column column_padding=\u00a0\u00bbno-extra-padding\u00a0\u00bb column_padding_position=\u00a0\u00bball\u00a0\u00bb background_color_opacity=\u00a0\u00bb1&Prime; background_hover_color_opacity=\u00a0\u00bb1&Prime; column_link_target=\u00a0\u00bb_self\u00a0\u00bb column_shadow=\u00a0\u00bbnone\u00a0\u00bb column_border_radius=\u00a0\u00bbnone\u00a0\u00bb width=\u00a0\u00bb2\/3&Prime; tablet_width_inherit=\u00a0\u00bbdefault\u00a0\u00bb tablet_text_alignment=\u00a0\u00bbdefault\u00a0\u00bb phone_text_alignment=\u00a0\u00bbdefault\u00a0\u00bb column_border_width=\u00a0\u00bbnone\u00a0\u00bb column_border_style=\u00a0\u00bbsolid\u00a0\u00bb bg_image_animation=\u00a0\u00bbnone\u00a0\u00bb][split_line_heading]\n<h1>La formation, votre Ticket pour votre future professionnel<\/h1>\n[\/split_line_heading][vc_row_inner column_margin=\u00a0\u00bbdefault\u00a0\u00bb text_align=\u00a0\u00bbleft\u00a0\u00bb][vc_column_inner column_padding=\u00a0\u00bbno-extra-padding\u00a0\u00bb column_padding_position=\u00a0\u00bball\u00a0\u00bb background_color_opacity=\u00a0\u00bb1&Prime; background_hover_color_opacity=\u00a0\u00bb1&Prime; column_shadow=\u00a0\u00bbnone\u00a0\u00bb column_border_radius=\u00a0\u00bbnone\u00a0\u00bb column_link_target=\u00a0\u00bb_self\u00a0\u00bb width=\u00a0\u00bb1\/1&Prime; tablet_width_inherit=\u00a0\u00bbdefault\u00a0\u00bb column_border_width=\u00a0\u00bbnone\u00a0\u00bb column_border_style=\u00a0\u00bbsolid\u00a0\u00bb bg_image_animation=\u00a0\u00bbnone\u00a0\u00bb enable_animation=\u00a0\u00bbtrue\u00a0\u00bb animation=\u00a0\u00bbfade-in-from-bottom\u00a0\u00bb delay=\u00a0\u00bb300&Prime;][vc_custom_heading 1=\u00a0\u00bbclass=\u00ab\u00a0st\u00ab\u00a0&gt;Wir\u00a0\u00bb 2=\u00a0\u00bbsind\u00a0\u00bb 3=\u00a0\u00bb\u00fcberzeugt,\u00a0\u00bb 4=\u00a0\u00bbdass\u00a0\u00bb 5=\u00a0\u00bbes\u00a0\u00bb 6=\u00a0\u00bbJede\u00a0\u00bb 7=\u00a0\u00bbund\u00a0\u00bb 8=\u00a0\u00bbJeder\u00a0\u00bb 9=\u00a0\u00bbschaffen\u00a0\u00bb 10=\u00a0\u00bbkann\u00a0\u00bb 11=\u00a0\u00bb&#8230;\u00ab\u00a0\u00a0\u00bb text=\u00a0\u00bbKAIROS &#8211; Le ticket pour votre future professionnel &#8230;\u00a0\u00bb font_container=\u00a0\u00bbtag:p|text_align:left|color:rgba(255%2C255%2C255%2C0.7)\u00a0\u00bb use_theme_fonts=\u00a0\u00bbyes\u00a0\u00bb][\/vc_column_inner][\/vc_row_inner][\/vc_column][vc_column column_padding=\u00a0\u00bbno-extra-padding\u00a0\u00bb column_padding_position=\u00a0\u00bball\u00a0\u00bb background_color_opacity=\u00a0\u00bb1&Prime; background_hover_color_opacity=\u00a0\u00bb1&Prime; column_link_target=\u00a0\u00bb_self\u00a0\u00bb column_shadow=\u00a0\u00bbnone\u00a0\u00bb column_border_radius=\u00a0\u00bbnone\u00a0\u00bb width=\u00a0\u00bb1\/3&Prime; tablet_width_inherit=\u00a0\u00bbdefault\u00a0\u00bb tablet_text_alignment=\u00a0\u00bbdefault\u00a0\u00bb phone_text_alignment=\u00a0\u00bbdefault\u00a0\u00bb column_border_width=\u00a0\u00bbnone\u00a0\u00bb column_border_style=\u00a0\u00bbsolid\u00a0\u00bb bg_image_animation=\u00a0\u00bbnone\u00a0\u00bb][\/vc_column][\/vc_row][vc_row type=\u00a0\u00bbin_container\u00a0\u00bb full_screen_row_position=\u00a0\u00bbmiddle\u00a0\u00bb scene_position=\u00a0\u00bbcenter\u00a0\u00bb text_color=\u00a0\u00bbdark\u00a0\u00bb text_align=\u00a0\u00bbleft\u00a0\u00bb top_padding=\u00a0\u00bb5%\u00a0\u00bb bottom_padding=\u00a0\u00bb3%\u00a0\u00bb overlay_strength=\u00a0\u00bb0.3&Prime; shape_divider_position=\u00a0\u00bbbottom\u00a0\u00bb bg_image_animation=\u00a0\u00bbnone\u00a0\u00bb shape_type=\u00a0\u00bb\u00a0\u00bb][vc_column column_padding=\u00a0\u00bbno-extra-padding\u00a0\u00bb column_padding_position=\u00a0\u00bball\u00a0\u00bb background_color_opacity=\u00a0\u00bb1&Prime; background_hover_color_opacity=\u00a0\u00bb1&Prime; column_link_target=\u00a0\u00bb_self\u00a0\u00bb column_shadow=\u00a0\u00bbnone\u00a0\u00bb column_border_radius=\u00a0\u00bbnone\u00a0\u00bb width=\u00a0\u00bb3\/4&Prime; tablet_width_inherit=\u00a0\u00bbdefault\u00a0\u00bb tablet_text_alignment=\u00a0\u00bbdefault\u00a0\u00bb phone_text_alignment=\u00a0\u00bbdefault\u00a0\u00bb column_border_width=\u00a0\u00bbnone\u00a0\u00bb column_border_style=\u00a0\u00bbsolid\u00a0\u00bb bg_image_animation=\u00a0\u00bbnone\u00a0\u00bb][vc_custom_heading text=\u00a0\u00bbKAIROS &#8211; Une bonne idee, une nouvelle approche &#8230;\u00a0\u00bb font_container=\u00a0\u00bbtag:h2|font_size:24|text_align:left|line_height:52px\u00a0\u00bb use_theme_fonts=\u00a0\u00bbyes\u00a0\u00bb][vc_column_text css=\u00a0\u00bb.vc_custom_1584794732517{margin-top: 30px !important;margin-bottom: 30px !important;}\u00a0\u00bb]KAIROS Academy of Art &amp; Science s&rsquo;engage pour\u00a0 soutenir\u00a0 l&rsquo;apprentissage tout au long de votre vie et \u00e0 vous offrir des cours de formation dynamiques et innovateurs, en petits groupes, en cours priv\u00e9s ou alors en forme de Coaching. Les s\u00e9quences de formation, appuy\u00e9es par un accompagnement personnalis\u00e9 et l&rsquo;approche \u00ab\u00a0Social Blended Learning\u00a0\u00bb permettent un travail efficace et cibl\u00e9. Vraie alternative aux grandes salles de classe et aulas, remplies de douzaines de participants, ces offres pratiquement taill\u00e9es sur mesure, r\u00e9pondent plus aux besoins des \u00e9tudiantes et \u00e9tudiants en emploi. Les cours d\u00e9butent r\u00e9guli\u00e8rement et pr\u00e9parent aux divers examens des diverses certifications (associations et autres) aux examens f\u00e9d\u00e9raux sup\u00e9rieurs.<\/p>\n<p>Bien \u00e9tabli depuis 15 ans en Suisse, KAIROS Academy of Art &amp; Science suit ais\u00e9ment les tendances et \u00e9volue continuellement. R\u00e9cemment, les m\u00e9dias digitaux ont trouv\u00e9 leur place dans les programmes. Chaque ann\u00e9e, de nombreuses personnes de partout en Suisse suivent les cours, s\u00e9minaires ou Workshops propos\u00e9s. L&rsquo;\u00e9cole veille \u00e0 assurer un accompagnement individualis\u00e9 dans un esprit dynamique, appuyant ainsi l&rsquo;apprentissage vers le progr\u00e8s de chaque \u00e9tudiante et \u00e9tudiant.<\/p>\n<p>Le cercle d&rsquo;enseignement \u00e0 plein temps offre, en plus, des formations tr\u00e8s orient\u00e9es pratique. Ce cursus conviennent particuli\u00e8rement \u00e0 des jeunes \u00e9tudiantes et jeunes \u00e9tudiants sans, ou alors, avec peu de pratique professionnelle. Le programme est int\u00e9ressant pour ces personnes, car il est en partie reconnu en tant qu&rsquo;exp\u00e9rience pratique, p.ex. lors de l&rsquo;admission aux examens f\u00e9d\u00e9raux. L&rsquo;objectif est de faciliter aux jeunes professionnels l&rsquo;acc\u00e8s \u00e0 des formations qualifiantes visant d&rsquo;aboutir \u00e0 un brevet f\u00e9d\u00e9ral dans un des domaines propos\u00e9s. Durant tout leur parcours et m\u00eame apr\u00e8s, les participantes et participants sont suivis et soutenus dans leurs recherches d&rsquo;une premi\u00e8re place de travail ou de stage pratique.<\/p>\n<h4><strong>Histoire<em><br \/>\n<\/em><\/strong><\/h4>\n<p>KAIROS Academy of Art &amp; Science a \u00e9t\u00e9 fond\u00e9 en 2008 \u00e0 Bienne, au c\u0153ur du Seeland bernois. Dirig\u00e9 vers l\u2019avenir, c\u2019est avec enthousiasme que le centre de formation offre une vaste palette de formations. Avec son engagement et sa grande passion pour la formation, l&rsquo;\u00e9cole professionnelle priv\u00e9e atteint r\u00e9guli\u00e8rement des taux de r\u00e9ussite se situant parmi les meilleurs. Les cours se r\u00e9alisent\u00a0 partout en Suisse, et, gr\u00e2ce \u00e0 l&rsquo;\u00e9volution importante des outils digitaux, depuis quelque temps d\u00e9j\u00e0, aussi en format hybride avec entre 30-50% de cours en ligne.<\/p>\n<p>En 2019, le si\u00e8ge de KAIROS \u00e0 \u00e9t\u00e9, pour des raisons organisationnelles, transf\u00e9r\u00e9 \u00e0 Morat FR o\u00f9 l&rsquo;\u00e9cole se trouve aujourd&rsquo;hui pr\u00e8s du fameux \u00ab\u00a0St\u00e4dtli\u00a0\u00bb (ainsi nomm\u00e9e, la vielle ville de Morat). La vue magnifique sur l&rsquo;imposant portail d&rsquo;entr\u00e9e historique, le \u00ab\u00a0Berntor\u00a0\u00bb, rappelle le symbolisme du lieu &#8211; un coup de c\u0153ur, ce nouvel emplacement bilingue \u00e0 l&rsquo;image d&rsquo;une \u00e9cole visant relier les divers r\u00e9gions linguistiques et culturelles suisses.<\/p>\n<p>Gr\u00e2ce \u00e0 sa forte orientation qualit\u00e9, KAIROS Academy of Art &amp; Science s&rsquo;est rapidement construit, aupr\u00e8s des entreprises, associations et du grand public, une excellente renomm\u00e9e. Sa forte identit\u00e9 se rep\u00e8re dans tous les d\u00e9cisions et concepts, et, a permis de renforcer ainsi le positionnement de centre de formation dynamique et progressiste.<\/p>\n<h4><strong>Organisations partenaires<\/strong><\/h4>\n<p>KAIROS Academy of Art &amp; Science a \u00e9t\u00e9 fond\u00e9e en tant que s\u00e0rl. Les fondateurs, responsables des cours et formateurs sont des professionnels passionn\u00e9s venant de secteurs des plus divers, qui se forment eux aussi, r\u00e9guli\u00e8rement et continuellement. Divers instituts partenaires, organisations professionnelles et associations, agences publicitaires, agences Web et agence m\u00e9dias, soutiennent depuis de nombreuses ann\u00e9es d\u00e9j\u00e0 l&rsquo;\u00e9cole trilingue. L&rsquo;offre de formation est r\u00e9alis\u00e9e et actualis\u00e9e en collaboration continue avec ces organisations.<\/p>\n<h4><strong>Remarque<\/strong><\/h4>\n<p>Ce portrait oriente uniquement tr\u00e8s bri\u00e8vement sur la fonction et les objectifs de KAIROS. Vous pouvez demander sans autre et sans aucun engagement pour chaque offre, un entretien -conseil ou une documentation d\u00e9taill\u00e9e \u00e0 part. KAIROS s&rsquo;efforce \u00e0 offrir les m\u00eames formations dans toutes les r\u00e9gions linguistiques, toutefois, le programme francophone peut bien \u00e9videmment varier, des programmes en langue allemande et italienne.[\/vc_column_text][\/vc_column][vc_column column_padding=\u00a0\u00bbno-extra-padding\u00a0\u00bb column_padding_position=\u00a0\u00bball\u00a0\u00bb background_color_opacity=\u00a0\u00bb1&Prime; background_hover_color_opacity=\u00a0\u00bb1&Prime; column_link_target=\u00a0\u00bb_self\u00a0\u00bb column_shadow=\u00a0\u00bbnone\u00a0\u00bb column_border_radius=\u00a0\u00bbnone\u00a0\u00bb width=\u00a0\u00bb1\/4&Prime; tablet_width_inherit=\u00a0\u00bbdefault\u00a0\u00bb tablet_text_alignment=\u00a0\u00bbdefault\u00a0\u00bb phone_text_alignment=\u00a0\u00bbdefault\u00a0\u00bb column_border_width=\u00a0\u00bbnone\u00a0\u00bb column_border_style=\u00a0\u00bbsolid\u00a0\u00bb bg_image_animation=\u00a0\u00bbnone\u00a0\u00bb offset=\u00a0\u00bbvc_hidden-sm vc_hidden-xs\u00a0\u00bb][\/vc_column][\/vc_row]\n","protected":false},"excerpt":{"rendered":"<p>[vc_row type=\u00a0\u00bbin_container\u00a0\u00bb full_screen_row_position=\u00a0\u00bbmiddle\u00a0\u00bb scene_position=\u00a0\u00bbcenter\u00a0\u00bb text_color=\u00a0\u00bbdark\u00a0\u00bb text_align=\u00a0\u00bbleft\u00a0\u00bb overlay_strength=\u00a0\u00bb0.3&Prime; shape_divider_position=\u00a0\u00bbbottom\u00a0\u00bb bg_image_animation=\u00a0\u00bbnone\u00a0\u00bb][vc_column column_padding=\u00a0\u00bbno-extra-padding\u00a0\u00bb column_padding_position=\u00a0\u00bball\u00a0\u00bb background_color_opacity=\u00a0\u00bb1&Prime; background_hover_color_opacity=\u00a0\u00bb1&Prime; column_link_target=\u00a0\u00bb_self\u00a0\u00bb column_shadow=\u00a0\u00bbnone\u00a0\u00bb column_border_radius=\u00a0\u00bbnone\u00a0\u00bb width=\u00a0\u00bb1\/1&Prime; tablet_width_inherit=\u00a0\u00bbdefault\u00a0\u00bb tablet_text_alignment=\u00a0\u00bbdefault\u00a0\u00bb phone_text_alignment=\u00a0\u00bbdefault\u00a0\u00bb column_border_width=\u00a0\u00bbnone\u00a0\u00bb column_border_style=\u00a0\u00bbsolid\u00a0\u00bb bg_image_animation=\u00a0\u00bbnone\u00a0\u00bb][vc_column_text][\/vc_column_text][\/vc_column][\/vc_row][vc_row type=\u00a0\u00bbfull_width_background\u00a0\u00bb full_screen_row_position=\u00a0\u00bbmiddle\u00a0\u00bb bg_image=\u00a0\u00bb357&Prime; bg_position=\u00a0\u00bbcenter center\u00a0\u00bb bg_repeat=\u00a0\u00bbno-repeat\u00a0\u00bb bg_color=\u00a0\u00bb#333333&Prime;&#8230;<\/p>\n","protected":false},"author":1,"featured_media":0,"parent":0,"menu_order":0,"comment_status":"closed","ping_status":"closed","template":"","meta":[],"_links":{"self":[{"href":"https:\/\/kairos-academy.ch\/fr\/wp-json\/wp\/v2\/pages\/772"}],"collection":[{"href":"https:\/\/kairos-academy.ch\/fr\/wp-json\/wp\/v2\/pages"}],"about":[{"href":"https:\/\/kairos-academy.ch\/fr\/wp-json\/wp\/v2\/types\/page"}],"author":[{"embeddable":true,"href":"https:\/\/kairos-academy.ch\/fr\/wp-json\/wp\/v2\/users\/1"}],"replies":[{"embeddable":true,"href":"https:\/\/kairos-academy.ch\/fr\/wp-json\/wp\/v2\/comments?post=772"}],"version-history":[{"count":12,"href":"https:\/\/kairos-academy.ch\/fr\/wp-json\/wp\/v2\/pages\/772\/revisions"}],"predecessor-version":[{"id":2487,"href":"https:\/\/kairos-academy.ch\/fr\/wp-json\/wp\/v2\/pages\/772\/revisions\/2487"}],"wp:attachment":[{"href":"https:\/\/kairos-academy.ch\/fr\/wp-json\/wp\/v2\/media?parent=772"}],"curies":[{"name":"wp","href":"https:\/\/api.w.org\/{rel}","templated":true}]}}