{"id":797,"date":"2020-03-22T20:19:02","date_gmt":"2020-03-22T20:19:02","guid":{"rendered":"https:\/\/seeland.weggli.website\/comment-se-concoivent-les-formations-avec-blended-learning\/"},"modified":"2022-08-21T22:41:15","modified_gmt":"2022-08-21T22:41:15","slug":"comment-se-concoivent-les-formations-avec-blended-learning","status":"publish","type":"page","link":"https:\/\/kairos-academy.ch\/fr\/comment-se-concoivent-les-formations-avec-blended-learning\/","title":{"rendered":"Concept de formation"},"content":{"rendered":"[vc_row type=\u00a0\u00bbfull_width_background\u00a0\u00bb full_screen_row_position=\u00a0\u00bbmiddle\u00a0\u00bb bg_image=\u00a0\u00bb395&Prime; bg_position=\u00a0\u00bbcenter center\u00a0\u00bb bg_repeat=\u00a0\u00bbno-repeat\u00a0\u00bb bg_color=\u00a0\u00bb#333333&Prime; scene_position=\u00a0\u00bbcenter\u00a0\u00bb video_bg=\u00a0\u00bbuse_video\u00a0\u00bb text_color=\u00a0\u00bblight\u00a0\u00bb text_align=\u00a0\u00bbleft\u00a0\u00bb top_padding=\u00a0\u00bb13%\u00a0\u00bb bottom_padding=\u00a0\u00bb13%\u00a0\u00bb color_overlay=\u00a0\u00bb#0a0a0a\u00a0\u00bb overlay_strength=\u00a0\u00bb0.5&Prime; shape_divider_position=\u00a0\u00bbbottom\u00a0\u00bb bg_image_animation=\u00a0\u00bbnone\u00a0\u00bb parallax_bg=\u00a0\u00bbtrue\u00a0\u00bb parallax_bg_speed=\u00a0\u00bbfast\u00a0\u00bb video_mute=\u00a0\u00bbtrue\u00a0\u00bb shape_type=\u00a0\u00bb\u00a0\u00bb][vc_column column_padding=\u00a0\u00bbno-extra-padding\u00a0\u00bb column_padding_position=\u00a0\u00bball\u00a0\u00bb background_color_opacity=\u00a0\u00bb1&Prime; background_hover_color_opacity=\u00a0\u00bb1&Prime; column_link_target=\u00a0\u00bb_self\u00a0\u00bb column_shadow=\u00a0\u00bbnone\u00a0\u00bb column_border_radius=\u00a0\u00bbnone\u00a0\u00bb width=\u00a0\u00bb2\/3&Prime; tablet_width_inherit=\u00a0\u00bbdefault\u00a0\u00bb tablet_text_alignment=\u00a0\u00bbdefault\u00a0\u00bb phone_text_alignment=\u00a0\u00bbdefault\u00a0\u00bb column_border_width=\u00a0\u00bbnone\u00a0\u00bb column_border_style=\u00a0\u00bbsolid\u00a0\u00bb bg_image_animation=\u00a0\u00bbnone\u00a0\u00bb][vc_column_text]\n<h1>\u00a0\u00ab\u00a0Social Blended Learning\u00a0\u00bb, un concept tr\u00e8s dynamique<\/h1>\n[\/vc_column_text][vc_row_inner column_margin=\u00a0\u00bbdefault\u00a0\u00bb text_align=\u00a0\u00bbleft\u00a0\u00bb][vc_column_inner column_padding=\u00a0\u00bbno-extra-padding\u00a0\u00bb column_padding_position=\u00a0\u00bball\u00a0\u00bb background_color_opacity=\u00a0\u00bb1&Prime; background_hover_color_opacity=\u00a0\u00bb1&Prime; column_shadow=\u00a0\u00bbnone\u00a0\u00bb column_border_radius=\u00a0\u00bbnone\u00a0\u00bb column_link_target=\u00a0\u00bb_self\u00a0\u00bb width=\u00a0\u00bb1\/1&Prime; tablet_width_inherit=\u00a0\u00bbdefault\u00a0\u00bb column_border_width=\u00a0\u00bbnone\u00a0\u00bb column_border_style=\u00a0\u00bbsolid\u00a0\u00bb bg_image_animation=\u00a0\u00bbnone\u00a0\u00bb enable_animation=\u00a0\u00bbtrue\u00a0\u00bb animation=\u00a0\u00bbfade-in-from-bottom\u00a0\u00bb delay=\u00a0\u00bb300&Prime;][vc_custom_heading 1=\u00a0\u00bbJahre\u00a0\u00bb 2=\u00a0\u00bbErfahrung\u00a0\u00bb 3=\u00a0\u00bbmit\u00a0\u00bb 4=\u00a0\u00bbder\u00a0\u00bb 5=\u00a0\u00bbBlended Learning\u00a0\u00bb 6=\u00a0\u00bbLernmethode.\u00ab\u00a0\u00a0\u00bb text=\u00a0\u00bbRed\u00e9couvrir le propre potentiel \u00a0\u00bb font_container=\u00a0\u00bbtag:p|text_align:left|color:rgba(255%2C255%2C255%2C0.7)\u00a0\u00bb use_theme_fonts=\u00a0\u00bbyes\u00a0\u00bb][\/vc_column_inner][\/vc_row_inner][\/vc_column][vc_column column_padding=\u00a0\u00bbno-extra-padding\u00a0\u00bb column_padding_position=\u00a0\u00bball\u00a0\u00bb background_color_opacity=\u00a0\u00bb1&Prime; background_hover_color_opacity=\u00a0\u00bb1&Prime; column_link_target=\u00a0\u00bb_self\u00a0\u00bb column_shadow=\u00a0\u00bbnone\u00a0\u00bb column_border_radius=\u00a0\u00bbnone\u00a0\u00bb width=\u00a0\u00bb1\/3&Prime; tablet_width_inherit=\u00a0\u00bbdefault\u00a0\u00bb tablet_text_alignment=\u00a0\u00bbdefault\u00a0\u00bb phone_text_alignment=\u00a0\u00bbdefault\u00a0\u00bb column_border_width=\u00a0\u00bbnone\u00a0\u00bb column_border_style=\u00a0\u00bbsolid\u00a0\u00bb bg_image_animation=\u00a0\u00bbnone\u00a0\u00bb][\/vc_column][\/vc_row][vc_row type=\u00a0\u00bbin_container\u00a0\u00bb full_screen_row_position=\u00a0\u00bbmiddle\u00a0\u00bb scene_position=\u00a0\u00bbcenter\u00a0\u00bb text_color=\u00a0\u00bbdark\u00a0\u00bb text_align=\u00a0\u00bbleft\u00a0\u00bb top_padding=\u00a0\u00bb5%\u00a0\u00bb bottom_padding=\u00a0\u00bb3%\u00a0\u00bb overlay_strength=\u00a0\u00bb0.3&Prime; shape_divider_position=\u00a0\u00bbbottom\u00a0\u00bb bg_image_animation=\u00a0\u00bbnone\u00a0\u00bb shape_type=\u00a0\u00bb\u00a0\u00bb][vc_column column_padding=\u00a0\u00bbno-extra-padding\u00a0\u00bb column_padding_position=\u00a0\u00bball\u00a0\u00bb background_color_opacity=\u00a0\u00bb1&Prime; background_hover_color_opacity=\u00a0\u00bb1&Prime; column_link_target=\u00a0\u00bb_self\u00a0\u00bb column_shadow=\u00a0\u00bbnone\u00a0\u00bb column_border_radius=\u00a0\u00bbnone\u00a0\u00bb width=\u00a0\u00bb3\/4&Prime; tablet_width_inherit=\u00a0\u00bbdefault\u00a0\u00bb tablet_text_alignment=\u00a0\u00bbdefault\u00a0\u00bb phone_text_alignment=\u00a0\u00bbdefault\u00a0\u00bb column_border_width=\u00a0\u00bbnone\u00a0\u00bb column_border_style=\u00a0\u00bbsolid\u00a0\u00bb bg_image_animation=\u00a0\u00bbnone\u00a0\u00bb][vc_custom_heading text=\u00a0\u00bbApprentissage orient\u00e9 au d\u00e9veloppement des comp\u00e9tences\u00a0\u00bb font_container=\u00a0\u00bbtag:h2|font_size:24|text_align:left|line_height:52px\u00a0\u00bb use_theme_fonts=\u00a0\u00bbyes\u00a0\u00bb][vc_column_text css=\u00a0\u00bb.vc_custom_1586798965071{margin-top: 30px !important;margin-bottom: 30px !important;}\u00a0\u00bb]Derri\u00e8re ce terme anglais se cache, en fait, un principe assez simple. Le \u00ab Best Practice \u00bb qui soutient le partage social et l&rsquo;\u00e9change constructif d&rsquo;exp\u00e9riences, et, le \u00ab Blended Learning \u00bb qui combine les m\u00e9thodes d\u2019apprentissage classiques et non classiques, p.ex. en cours pr\u00e9sentiels, travaux de groupes et techniques num\u00e9riques, entre-autres. Gr\u00e2ce aux derni\u00e8res d\u00e9couvertes sur le fonctionnement du cerveau lors de l&rsquo;apprentissage et la r\u00e9tention des connaissances, il est devenu plus facile aujourd&rsquo;hui de combler des lacunes en termes de qualifications individuelles. Les nouvelles technologies apportent un soutien important \u00e9galement. Ainsi, chaque \u00e9tudiante et \u00e9tudiant apprendra \u00e0 son rythme tout en b\u00e9n\u00e9ficiant du soutien d\u2019un formateur-accompagnateur, qui saurait par ces m\u00e9thodes, bien plus facilement comprendre le niveau de chacun, suivre les progr\u00e8s individuels et apporter l&rsquo;appui n\u00e9cessaire.<\/p>\n<p>C&rsquo;est pour ces raisons notamment que les formations de KAIROS Academy privil\u00e9gient le syst\u00e8me d&rsquo;apprentissage mixte. En alternant des p\u00e9riodes de cours en pr\u00e9sentiel et des p\u00e9riodes de travail sur la base d\u2019outils digitalis\u00e9s, les \u00e9tudiantes et \u00e9tudiants sont bien accompagn\u00e9s. De telles m\u00e9thodes, innovantes et tr\u00e8s diversisfi\u00e9es sont par ailleurs, dans leur ensemble, fortement recommand\u00e9es par la F\u00e9d\u00e9ration Suisse pour l&rsquo;enseignement aux adultes FSEA.<\/p>\n<p>Les programmes de formation continue pr\u00e9parant aux dipl\u00f4mes et brevets f\u00e9d\u00e9raux comprennent de nombreuses activit\u00e9s \u00ab Social Blended Learning \u00bb. L&rsquo;initiative didactique vise ainsi \u00e0 mettre \u00e0 la port\u00e9e des \u00e9tudiantes et \u00e9tudiants des cours \u00e0 m\u00e9thodes multiples, avec des exigences en termes de suivi et d\u2019\u00e9valuation aussi \u00e9lev\u00e9es que pour les cours r\u00e9guliers. Ils choisiront ainsi les m\u00e9thodes qui conviennent le mieux \u00e0 leur type d&rsquo;apprentissage, ce qui leur permettra, en plus, de travailler ou r\u00e9viser leurs le\u00e7ons plus ais\u00e9ment depuis chez eux.<\/p>\n<p>Le format des cours chez KAIROS se d\u00e9cline dans l&rsquo;utilisation de plusieurs ressources : 1) des vid\u00e9os, parfois d\u00e9coup\u00e9es en s\u00e9quences ; 2) des questionnaires, quizz et des exercices pour tester les connaissances des \u00e9tudiantes et \u00e9tudiants et leur permettre de valider leurs comp\u00e9tences ; 3) un suivi des participants via un dispositif de correspondance e-mail, Moodle ou aussi, un forum de discussion sur kMeet, Teams ou Zoom ; 4) des visites organis\u00e9es, comprenant d\u2019un c\u00f4t\u00e9 (selon type de formation), les visites aupr\u00e8s d\u2019agences ou d\u2019associations, et, d\u2019un autre c\u00f4t\u00e9 les visites de manifestations et d\u2019\u00e9v\u00e9nements. Ceci se fait surtout dans le but d&rsquo;enrichir les connaissances des \u00e9tudiantes et \u00e9tudiants, cela permet de les orienter sur les tendances et \u00e9volutions en cours ; 5) des projets multim\u00e9dia, pour inciter la pens\u00e9e int\u00e9gr\u00e9e et l\u2019autonomie ; 6) des Case Study, pour d\u00e9velopper les comp\u00e9tences pratiques et les savoirs techniques individuels.<\/p>\n<p>Int\u00e9gr\u00e9 d\u00e8s le d\u00e9part et optimis\u00e9 durant toutes ces ann\u00e9es par les formateurs-accompagnateurs de KAIROS, l&rsquo;approche \u00ab Social Blended Learning \u00bb a d\u00e9j\u00e0 fortement port\u00e9 ses preuves et ses fruits. De nombreux \u00e9tudiants ont fait une exp\u00e9rience tr\u00e8s positive avec les m\u00e9thodes propos\u00e9es durant les parcours de formation suivis. Certains ont parfois m\u00eame p\u00fb d\u00e9couvrir et d\u00e9velopper des nouveaux potentiels d\u2019apprentissage.<\/p>\n<p><strong>L&rsquo;avenir de la formation<br \/>\n<\/strong><\/p>\n<p>Ces syst\u00e8mes d&rsquo;apprentissages mixtes et combin\u00e9s sont les m\u00e9thodes cl\u00e9 du future de la formation. Les m\u00e9thodes sont entre-autres les suivantes : cr\u00e9ation de tandems d&rsquo;\u00e9tudiants pour l&rsquo;apprentissage collaboratif, proposition de plateformes pour l&rsquo;\u00e9change d&rsquo;exp\u00e9riences sous l&rsquo;\u0153il d&rsquo;experts, mise \u00e0 dispostion d&rsquo;un excellent outillage num\u00e9rique, \u00e9laboration de nouveaux environnements d&rsquo;apprentissage, etc. Bien \u00e9videmment, cette approche requi\u00e8rt continuellement des nouvelles id\u00e9es et un bon esprit d&rsquo;innovation.<\/p>\n<p>&nbsp;<\/p>\n<p><strong>Nous sommes fiers de compter aujourd&rsquo;hui, bien plus que 30 de formations pr\u00e9paratoires sous l\u2019optique du \u00ab Social Blended Learning \u00bb, r\u00e9alis\u00e9es en trois langues (allemand, fran\u00e7ais et italien) et dans nombreuses r\u00e9gions suisses.<\/strong>[\/vc_column_text][\/vc_column][vc_column column_padding=\u00a0\u00bbno-extra-padding\u00a0\u00bb column_padding_position=\u00a0\u00bball\u00a0\u00bb background_color_opacity=\u00a0\u00bb1&Prime; background_hover_color_opacity=\u00a0\u00bb1&Prime; column_link_target=\u00a0\u00bb_self\u00a0\u00bb column_shadow=\u00a0\u00bbnone\u00a0\u00bb column_border_radius=\u00a0\u00bbnone\u00a0\u00bb width=\u00a0\u00bb1\/4&Prime; tablet_width_inherit=\u00a0\u00bbdefault\u00a0\u00bb tablet_text_alignment=\u00a0\u00bbdefault\u00a0\u00bb phone_text_alignment=\u00a0\u00bbdefault\u00a0\u00bb column_border_width=\u00a0\u00bbnone\u00a0\u00bb column_border_style=\u00a0\u00bbsolid\u00a0\u00bb bg_image_animation=\u00a0\u00bbnone\u00a0\u00bb offset=\u00a0\u00bbvc_hidden-sm vc_hidden-xs\u00a0\u00bb][\/vc_column][\/vc_row]\n","protected":false},"excerpt":{"rendered":"<p>[vc_row type=\u00a0\u00bbfull_width_background\u00a0\u00bb full_screen_row_position=\u00a0\u00bbmiddle\u00a0\u00bb bg_image=\u00a0\u00bb395&Prime; bg_position=\u00a0\u00bbcenter center\u00a0\u00bb bg_repeat=\u00a0\u00bbno-repeat\u00a0\u00bb bg_color=\u00a0\u00bb#333333&Prime; scene_position=\u00a0\u00bbcenter\u00a0\u00bb video_bg=\u00a0\u00bbuse_video\u00a0\u00bb text_color=\u00a0\u00bblight\u00a0\u00bb text_align=\u00a0\u00bbleft\u00a0\u00bb top_padding=\u00a0\u00bb13%\u00a0\u00bb bottom_padding=\u00a0\u00bb13%\u00a0\u00bb color_overlay=\u00a0\u00bb#0a0a0a\u00a0\u00bb overlay_strength=\u00a0\u00bb0.5&Prime; shape_divider_position=\u00a0\u00bbbottom\u00a0\u00bb bg_image_animation=\u00a0\u00bbnone\u00a0\u00bb parallax_bg=\u00a0\u00bbtrue\u00a0\u00bb parallax_bg_speed=\u00a0\u00bbfast\u00a0\u00bb video_mute=\u00a0\u00bbtrue\u00a0\u00bb shape_type=\u00a0\u00bb\u00a0\u00bb][vc_column column_padding=\u00a0\u00bbno-extra-padding\u00a0\u00bb column_padding_position=\u00a0\u00bball\u00a0\u00bb background_color_opacity=\u00a0\u00bb1&Prime; background_hover_color_opacity=\u00a0\u00bb1&Prime; column_link_target=\u00a0\u00bb_self\u00a0\u00bb column_shadow=\u00a0\u00bbnone\u00a0\u00bb column_border_radius=\u00a0\u00bbnone\u00a0\u00bb width=\u00a0\u00bb2\/3&Prime;&#8230;<\/p>\n","protected":false},"author":1,"featured_media":0,"parent":0,"menu_order":0,"comment_status":"closed","ping_status":"closed","template":"","meta":[],"_links":{"self":[{"href":"https:\/\/kairos-academy.ch\/fr\/wp-json\/wp\/v2\/pages\/797"}],"collection":[{"href":"https:\/\/kairos-academy.ch\/fr\/wp-json\/wp\/v2\/pages"}],"about":[{"href":"https:\/\/kairos-academy.ch\/fr\/wp-json\/wp\/v2\/types\/page"}],"author":[{"embeddable":true,"href":"https:\/\/kairos-academy.ch\/fr\/wp-json\/wp\/v2\/users\/1"}],"replies":[{"embeddable":true,"href":"https:\/\/kairos-academy.ch\/fr\/wp-json\/wp\/v2\/comments?post=797"}],"version-history":[{"count":9,"href":"https:\/\/kairos-academy.ch\/fr\/wp-json\/wp\/v2\/pages\/797\/revisions"}],"predecessor-version":[{"id":1698,"href":"https:\/\/kairos-academy.ch\/fr\/wp-json\/wp\/v2\/pages\/797\/revisions\/1698"}],"wp:attachment":[{"href":"https:\/\/kairos-academy.ch\/fr\/wp-json\/wp\/v2\/media?parent=797"}],"curies":[{"name":"wp","href":"https:\/\/api.w.org\/{rel}","templated":true}]}}