{"id":819,"date":"2020-03-23T07:08:28","date_gmt":"2020-03-23T07:08:28","guid":{"rendered":"https:\/\/seeland.weggli.website\/assurance-dannulation-des-frais-de-cours\/"},"modified":"2021-11-27T18:25:40","modified_gmt":"2021-11-27T18:25:40","slug":"assurance-dannulation-des-frais-de-cours","status":"publish","type":"page","link":"https:\/\/kairos-academy.ch\/fr\/assurance-dannulation-des-frais-de-cours\/","title":{"rendered":"Assurance d&rsquo;annulation des frais de cours"},"content":{"rendered":"[vc_row type=\u00a0\u00bbfull_width_background\u00a0\u00bb full_screen_row_position=\u00a0\u00bbmiddle\u00a0\u00bb bg_image=\u00a0\u00bb414&Prime; bg_position=\u00a0\u00bbcenter center\u00a0\u00bb bg_repeat=\u00a0\u00bbno-repeat\u00a0\u00bb bg_color=\u00a0\u00bb#333333&Prime; scene_position=\u00a0\u00bbcenter\u00a0\u00bb video_bg=\u00a0\u00bbuse_video\u00a0\u00bb text_color=\u00a0\u00bblight\u00a0\u00bb text_align=\u00a0\u00bbleft\u00a0\u00bb top_padding=\u00a0\u00bb13%\u00a0\u00bb bottom_padding=\u00a0\u00bb13%\u00a0\u00bb color_overlay=\u00a0\u00bb#0a0a0a\u00a0\u00bb overlay_strength=\u00a0\u00bb0.5&Prime; shape_divider_position=\u00a0\u00bbbottom\u00a0\u00bb bg_image_animation=\u00a0\u00bbnone\u00a0\u00bb parallax_bg=\u00a0\u00bbtrue\u00a0\u00bb parallax_bg_speed=\u00a0\u00bbfast\u00a0\u00bb video_mute=\u00a0\u00bbtrue\u00a0\u00bb shape_type=\u00a0\u00bb\u00a0\u00bb][vc_column column_padding=\u00a0\u00bbno-extra-padding\u00a0\u00bb column_padding_position=\u00a0\u00bball\u00a0\u00bb background_color_opacity=\u00a0\u00bb1&Prime; background_hover_color_opacity=\u00a0\u00bb1&Prime; column_link_target=\u00a0\u00bb_self\u00a0\u00bb column_shadow=\u00a0\u00bbnone\u00a0\u00bb column_border_radius=\u00a0\u00bbnone\u00a0\u00bb width=\u00a0\u00bb2\/3&Prime; tablet_width_inherit=\u00a0\u00bbdefault\u00a0\u00bb tablet_text_alignment=\u00a0\u00bbdefault\u00a0\u00bb phone_text_alignment=\u00a0\u00bbdefault\u00a0\u00bb column_border_width=\u00a0\u00bbnone\u00a0\u00bb column_border_style=\u00a0\u00bbsolid\u00a0\u00bb bg_image_animation=\u00a0\u00bbnone\u00a0\u00bb][vc_column_text]\n<h1>Interruptions de cours et assurance d&rsquo;annulation des frais de cours<\/h1>\n[\/vc_column_text][vc_row_inner column_margin=\u00a0\u00bbdefault\u00a0\u00bb text_align=\u00a0\u00bbleft\u00a0\u00bb][vc_column_inner column_padding=\u00a0\u00bbno-extra-padding\u00a0\u00bb column_padding_position=\u00a0\u00bball\u00a0\u00bb background_color_opacity=\u00a0\u00bb1&Prime; background_hover_color_opacity=\u00a0\u00bb1&Prime; column_shadow=\u00a0\u00bbnone\u00a0\u00bb column_border_radius=\u00a0\u00bbnone\u00a0\u00bb column_link_target=\u00a0\u00bb_self\u00a0\u00bb width=\u00a0\u00bb1\/1&Prime; tablet_width_inherit=\u00a0\u00bbdefault\u00a0\u00bb column_border_width=\u00a0\u00bbnone\u00a0\u00bb column_border_style=\u00a0\u00bbsolid\u00a0\u00bb bg_image_animation=\u00a0\u00bbnone\u00a0\u00bb enable_animation=\u00a0\u00bbtrue\u00a0\u00bb animation=\u00a0\u00bbfade-in-from-bottom\u00a0\u00bb delay=\u00a0\u00bb300&Prime;][vc_custom_heading text=\u00a0\u00bbAssurance d&rsquo;annulation des frais de cours\u00a0\u00bb font_container=\u00a0\u00bbtag:p|text_align:left|color:rgba(255%2C255%2C255%2C0.7)\u00a0\u00bb use_theme_fonts=\u00a0\u00bbyes\u00a0\u00bb][\/vc_column_inner][\/vc_row_inner][\/vc_column][vc_column column_padding=\u00a0\u00bbno-extra-padding\u00a0\u00bb column_padding_position=\u00a0\u00bball\u00a0\u00bb background_color_opacity=\u00a0\u00bb1&Prime; background_hover_color_opacity=\u00a0\u00bb1&Prime; column_link_target=\u00a0\u00bb_self\u00a0\u00bb column_shadow=\u00a0\u00bbnone\u00a0\u00bb column_border_radius=\u00a0\u00bbnone\u00a0\u00bb width=\u00a0\u00bb1\/3&Prime; tablet_width_inherit=\u00a0\u00bbdefault\u00a0\u00bb tablet_text_alignment=\u00a0\u00bbdefault\u00a0\u00bb phone_text_alignment=\u00a0\u00bbdefault\u00a0\u00bb column_border_width=\u00a0\u00bbnone\u00a0\u00bb column_border_style=\u00a0\u00bbsolid\u00a0\u00bb bg_image_animation=\u00a0\u00bbnone\u00a0\u00bb][\/vc_column][\/vc_row][vc_row type=\u00a0\u00bbin_container\u00a0\u00bb full_screen_row_position=\u00a0\u00bbmiddle\u00a0\u00bb scene_position=\u00a0\u00bbcenter\u00a0\u00bb text_color=\u00a0\u00bbdark\u00a0\u00bb text_align=\u00a0\u00bbleft\u00a0\u00bb top_padding=\u00a0\u00bb5%\u00a0\u00bb bottom_padding=\u00a0\u00bb3%\u00a0\u00bb overlay_strength=\u00a0\u00bb0.3&Prime; shape_divider_position=\u00a0\u00bbbottom\u00a0\u00bb bg_image_animation=\u00a0\u00bbnone\u00a0\u00bb shape_type=\u00a0\u00bb\u00a0\u00bb][vc_column column_padding=\u00a0\u00bbno-extra-padding\u00a0\u00bb column_padding_position=\u00a0\u00bball\u00a0\u00bb background_color_opacity=\u00a0\u00bb1&Prime; background_hover_color_opacity=\u00a0\u00bb1&Prime; column_link_target=\u00a0\u00bb_self\u00a0\u00bb column_shadow=\u00a0\u00bbnone\u00a0\u00bb column_border_radius=\u00a0\u00bbnone\u00a0\u00bb width=\u00a0\u00bb3\/4&Prime; tablet_width_inherit=\u00a0\u00bbdefault\u00a0\u00bb tablet_text_alignment=\u00a0\u00bbdefault\u00a0\u00bb phone_text_alignment=\u00a0\u00bbdefault\u00a0\u00bb column_border_width=\u00a0\u00bbnone\u00a0\u00bb column_border_style=\u00a0\u00bbsolid\u00a0\u00bb bg_image_animation=\u00a0\u00bbnone\u00a0\u00bb][vc_custom_heading text=\u00a0\u00bbOptez pour une plus grande s\u00e9curit\u00e9 et concluez une assurance\u00a0\u00bb font_container=\u00a0\u00bbtag:h2|font_size:24|text_align:left|line_height:52px\u00a0\u00bb use_theme_fonts=\u00a0\u00bbyes\u00a0\u00bb][vc_column_text css=\u00a0\u00bb.vc_custom_1584951026997{margin-top: 30px !important;margin-bottom: 30px !important;}\u00a0\u00bb]\n<h5><strong>Quelques informations de base concernant les interruptions de cours<\/strong><\/h5>\n<p>&nbsp;<\/p>\n<p>Les conditions g\u00e9n\u00e9rales de KAIROS sont transparentes et les descriptions des cours claires et compl\u00e8tes. Par votre inscription, vous acceptez ces conditions. Malgr\u00e9 tout, il est possible que dans le cours de votre formation des impr\u00e9vus se pr\u00e9sentent, que quelque chose change, dans votre vie priv\u00e9e ou professionnelle.<\/p>\n<p>En plus, m\u00eame si les conditions pour les contrats \u00e0 paiement \u00e9chelonn\u00e9s sont pr\u00e9cis\u00e9es dans la documentation du contrat, les programmes, le\u00e7ons, le nombre ainsi que les prestations comprises dans le co\u00fbt de la formation, se communiquent aux participants, au moment de leur inscription, les formatrices et formateurs sont des passionn\u00e9s et des entretiens de conseil personnalis\u00e9s et des soir\u00e9es d&rsquo;information ont lieu de mani\u00e8re r\u00e9guli\u00e8re, tout ne peut pas \u00eatre pr\u00e9vu ni calcul\u00e9. Un parcours de formation est comme une marche en montagne &#8211; il est possible que des impr\u00e9vus se pr\u00e9sentent : le chemin choisi ne peut pas \u00eatre utilis\u00e9 momentan\u00e9ment, un orage se pr\u00e9pare, etc.<\/p>\n<p>Tout le long de la formation, le secr\u00e9tariat des cours (guide de montagne) est \u00e0 disposition des \u00e9tudiantes et \u00e9tudiants pour r\u00e9pondre \u00e0 toutes leurs questions.<\/p>\n<p>Pour votre s\u00e9curit\u00e9, tous les formatrices et formateurs disposent ou bien d&rsquo;une certification de la F\u00e9d\u00e9ration Suisse pour l&rsquo;enseignement aux adultes FSEA ou d&rsquo;un brevet f\u00e9d\u00e9ral de formatrice ou de formateur, ils ont d\u00fb prouver d&rsquo;avoir un bon sens critique et de l&rsquo;ouverture \u00e0 la discussion, peu importe l&rsquo;avancement du cours de formation, lors des divers visites pratiques effectu\u00e9s dans le cadre de leur reconnaissance officielle.<\/p>\n<p>Les prestations sont par cons\u00e9quent d&rsquo;une qualit\u00e9 \u00e9lev\u00e9e et adapt\u00e9es \u00e0 l&rsquo;enseignement aux adultes. Les taux de r\u00e9ussite se trouvent parmi les meilleurs. KAIROS soutient une communication ouverte. Les \u00e9quipes au secr\u00e9tariat central des cours s&rsquo;engagent \u00e0 maintenir toutes les prestations \u00e0 un niveau tr\u00e8s \u00e9lev\u00e9 et toutes leurs actions s&rsquo;orientent \u00e0 la solution.<\/p>\n<p>Si, pour des raisons les plus diverses, un arr\u00eat de la formation s&rsquo;imposerait malgr\u00e9 tout, nous le regretterions vivement, car les interruptions ne sont, comme indiqu\u00e9 dans les CGV, \u00e0 la base pas possibles. Si vous avez des soucis ou vous souhaiteriez d\u00e9poser une plainte, le secr\u00e9tariat des cours est \u00e0 votre disposition durant les heures d&rsquo;ouverture. Les r\u00e9clamations qui nous parviennent de mani\u00e8re retard\u00e9e, comme p. ex. juste avant ou apr\u00e8s la fin de la formation ou les examens, ne peuvent, pour les raisons mentionn\u00e9es ci-dessus, pas \u00eatre retenues.<\/p>\n<p>&nbsp;<\/p>\n<h5><strong>Interruptions de cours dues \u00e0 un accident, une maladie, une grossesse, etc.<\/strong><\/h5>\n<p>&nbsp;<\/p>\n<p>Pour une plus grande s\u00e9curit\u00e9, il est possible, en cas d\u2019int\u00e9r\u00eat, de contracter une assurance d\u2019annulation de frais de cours (comme une assurance de frais d\u2019annulation de frais de voyage), p.ex. aupr\u00e8s d\u2019Elvia (Groupe Allianz). Cette assurance vous assure dans le cas d\u2019une interruption de votre cours de formation, due p.ex. \u00e0 un accident, une maladie, une grossesse, etc. Si souhait\u00e9, le secr\u00e9tariat des cours vous informera d&rsquo;avantage et vous fournira toutes les coordonn\u00e9es.<\/p>\n<p>Pour le reste et dans tous les cas, les conditions g\u00e9n\u00e9rales de vente CGV s&rsquo;appliquent \u00e0 tous les contrats pour toutes les formations et parcours pr\u00e9parant aux examens des divers branches ou f\u00e9d\u00e9raux, conclus entre vous en tant que notre cliente ou notre client et nous en qualit\u00e9 d\u2019exploitante des offres de formation. Dans le cadre des op\u00e9rations d\u2019inscription, ces CGV dans leur version en vigueur au moment de l\u2019inscription s\u2019appliquent. Pour rev\u00eatir un caract\u00e8re obligatoire, toutes conventions orales ou t\u00e9l\u00e9phoniques doivent \u00eatre confirm\u00e9es par \u00e9crit (lettre recommand\u00e9e).<\/p>\n<p><span class=\"Y0NH2b CLPzrc\">Les CGV d\u00e9finissent les modalit\u00e9s financi\u00e8res et commerciales pour votre inscription \u00e0 un cours de formation. En d\u2019autres termes, elles fixent un cadre l\u00e9gal \u00e0 la transaction et s\u00e9curisent la vente. Pour les informations compl\u00e9mentaires et tous les d\u00e9tails, lisez-les de mani\u00e8re attentive.<\/span>[\/vc_column_text][\/vc_column][vc_column column_padding=\u00a0\u00bbno-extra-padding\u00a0\u00bb column_padding_position=\u00a0\u00bball\u00a0\u00bb background_color_opacity=\u00a0\u00bb1&Prime; background_hover_color_opacity=\u00a0\u00bb1&Prime; column_link_target=\u00a0\u00bb_self\u00a0\u00bb column_shadow=\u00a0\u00bbnone\u00a0\u00bb column_border_radius=\u00a0\u00bbnone\u00a0\u00bb width=\u00a0\u00bb1\/4&Prime; tablet_width_inherit=\u00a0\u00bbdefault\u00a0\u00bb tablet_text_alignment=\u00a0\u00bbdefault\u00a0\u00bb phone_text_alignment=\u00a0\u00bbdefault\u00a0\u00bb column_border_width=\u00a0\u00bbnone\u00a0\u00bb column_border_style=\u00a0\u00bbsolid\u00a0\u00bb bg_image_animation=\u00a0\u00bbnone\u00a0\u00bb offset=\u00a0\u00bbvc_hidden-sm vc_hidden-xs\u00a0\u00bb][\/vc_column][\/vc_row]\n","protected":false},"excerpt":{"rendered":"<p>[vc_row type=\u00a0\u00bbfull_width_background\u00a0\u00bb full_screen_row_position=\u00a0\u00bbmiddle\u00a0\u00bb bg_image=\u00a0\u00bb414&Prime; bg_position=\u00a0\u00bbcenter center\u00a0\u00bb bg_repeat=\u00a0\u00bbno-repeat\u00a0\u00bb bg_color=\u00a0\u00bb#333333&Prime; scene_position=\u00a0\u00bbcenter\u00a0\u00bb video_bg=\u00a0\u00bbuse_video\u00a0\u00bb text_color=\u00a0\u00bblight\u00a0\u00bb text_align=\u00a0\u00bbleft\u00a0\u00bb top_padding=\u00a0\u00bb13%\u00a0\u00bb bottom_padding=\u00a0\u00bb13%\u00a0\u00bb color_overlay=\u00a0\u00bb#0a0a0a\u00a0\u00bb overlay_strength=\u00a0\u00bb0.5&Prime; shape_divider_position=\u00a0\u00bbbottom\u00a0\u00bb bg_image_animation=\u00a0\u00bbnone\u00a0\u00bb parallax_bg=\u00a0\u00bbtrue\u00a0\u00bb parallax_bg_speed=\u00a0\u00bbfast\u00a0\u00bb video_mute=\u00a0\u00bbtrue\u00a0\u00bb shape_type=\u00a0\u00bb\u00a0\u00bb][vc_column column_padding=\u00a0\u00bbno-extra-padding\u00a0\u00bb column_padding_position=\u00a0\u00bball\u00a0\u00bb background_color_opacity=\u00a0\u00bb1&Prime; background_hover_color_opacity=\u00a0\u00bb1&Prime; column_link_target=\u00a0\u00bb_self\u00a0\u00bb column_shadow=\u00a0\u00bbnone\u00a0\u00bb column_border_radius=\u00a0\u00bbnone\u00a0\u00bb width=\u00a0\u00bb2\/3&Prime;&#8230;<\/p>\n","protected":false},"author":1,"featured_media":0,"parent":0,"menu_order":0,"comment_status":"closed","ping_status":"closed","template":"","meta":[],"_links":{"self":[{"href":"https:\/\/kairos-academy.ch\/fr\/wp-json\/wp\/v2\/pages\/819"}],"collection":[{"href":"https:\/\/kairos-academy.ch\/fr\/wp-json\/wp\/v2\/pages"}],"about":[{"href":"https:\/\/kairos-academy.ch\/fr\/wp-json\/wp\/v2\/types\/page"}],"author":[{"embeddable":true,"href":"https:\/\/kairos-academy.ch\/fr\/wp-json\/wp\/v2\/users\/1"}],"replies":[{"embeddable":true,"href":"https:\/\/kairos-academy.ch\/fr\/wp-json\/wp\/v2\/comments?post=819"}],"version-history":[{"count":8,"href":"https:\/\/kairos-academy.ch\/fr\/wp-json\/wp\/v2\/pages\/819\/revisions"}],"predecessor-version":[{"id":1637,"href":"https:\/\/kairos-academy.ch\/fr\/wp-json\/wp\/v2\/pages\/819\/revisions\/1637"}],"wp:attachment":[{"href":"https:\/\/kairos-academy.ch\/fr\/wp-json\/wp\/v2\/media?parent=819"}],"curies":[{"name":"wp","href":"https:\/\/api.w.org\/{rel}","templated":true}]}}