{"id":834,"date":"2020-03-23T09:46:14","date_gmt":"2020-03-23T09:46:14","guid":{"rendered":"https:\/\/seeland.weggli.website\/formation-en-emploi\/"},"modified":"2022-08-21T22:28:12","modified_gmt":"2022-08-21T22:28:12","slug":"formation-en-emploi","status":"publish","type":"page","link":"https:\/\/kairos-academy.ch\/fr\/formation-en-emploi\/","title":{"rendered":"Formations en emploi"},"content":{"rendered":"[vc_row type=\u00a0\u00bbfull_width_background\u00a0\u00bb full_screen_row_position=\u00a0\u00bbmiddle\u00a0\u00bb bg_image=\u00a0\u00bb398&Prime; bg_position=\u00a0\u00bbcenter center\u00a0\u00bb bg_repeat=\u00a0\u00bbno-repeat\u00a0\u00bb bg_color=\u00a0\u00bb#333333&Prime; scene_position=\u00a0\u00bbcenter\u00a0\u00bb video_bg=\u00a0\u00bbuse_video\u00a0\u00bb text_color=\u00a0\u00bblight\u00a0\u00bb text_align=\u00a0\u00bbleft\u00a0\u00bb top_padding=\u00a0\u00bb13%\u00a0\u00bb bottom_padding=\u00a0\u00bb13%\u00a0\u00bb color_overlay=\u00a0\u00bb#0a0a0a\u00a0\u00bb overlay_strength=\u00a0\u00bb0.5&Prime; shape_divider_position=\u00a0\u00bbbottom\u00a0\u00bb bg_image_animation=\u00a0\u00bbnone\u00a0\u00bb parallax_bg=\u00a0\u00bbtrue\u00a0\u00bb parallax_bg_speed=\u00a0\u00bbfast\u00a0\u00bb video_mute=\u00a0\u00bbtrue\u00a0\u00bb shape_type=\u00a0\u00bb\u00a0\u00bb][vc_column column_padding=\u00a0\u00bbno-extra-padding\u00a0\u00bb column_padding_position=\u00a0\u00bball\u00a0\u00bb background_color_opacity=\u00a0\u00bb1&Prime; background_hover_color_opacity=\u00a0\u00bb1&Prime; column_link_target=\u00a0\u00bb_self\u00a0\u00bb column_shadow=\u00a0\u00bbnone\u00a0\u00bb column_border_radius=\u00a0\u00bbnone\u00a0\u00bb width=\u00a0\u00bb2\/3&Prime; tablet_width_inherit=\u00a0\u00bbdefault\u00a0\u00bb tablet_text_alignment=\u00a0\u00bbdefault\u00a0\u00bb phone_text_alignment=\u00a0\u00bbdefault\u00a0\u00bb column_border_width=\u00a0\u00bbnone\u00a0\u00bb column_border_style=\u00a0\u00bbsolid\u00a0\u00bb bg_image_animation=\u00a0\u00bbnone\u00a0\u00bb][vc_column_text]\n<h1>Formations en emploi<\/h1>\n[\/vc_column_text][vc_row_inner column_margin=\u00a0\u00bbdefault\u00a0\u00bb text_align=\u00a0\u00bbleft\u00a0\u00bb][vc_column_inner column_padding=\u00a0\u00bbno-extra-padding\u00a0\u00bb column_padding_position=\u00a0\u00bball\u00a0\u00bb background_color_opacity=\u00a0\u00bb1&Prime; background_hover_color_opacity=\u00a0\u00bb1&Prime; column_shadow=\u00a0\u00bbnone\u00a0\u00bb column_border_radius=\u00a0\u00bbnone\u00a0\u00bb column_link_target=\u00a0\u00bb_self\u00a0\u00bb width=\u00a0\u00bb1\/1&Prime; tablet_width_inherit=\u00a0\u00bbdefault\u00a0\u00bb column_border_width=\u00a0\u00bbnone\u00a0\u00bb column_border_style=\u00a0\u00bbsolid\u00a0\u00bb bg_image_animation=\u00a0\u00bbnone\u00a0\u00bb enable_animation=\u00a0\u00bbtrue\u00a0\u00bb animation=\u00a0\u00bbfade-in-from-bottom\u00a0\u00bb delay=\u00a0\u00bb300&Prime;][vc_custom_heading text=\u00a0\u00bbAvantages et d\u00e9savantages de la formation en emploi\u00a0\u00bb font_container=\u00a0\u00bbtag:p|text_align:left|color:rgba(255%2C255%2C255%2C0.7)\u00a0\u00bb use_theme_fonts=\u00a0\u00bbyes\u00a0\u00bb][\/vc_column_inner][\/vc_row_inner][\/vc_column][vc_column column_padding=\u00a0\u00bbno-extra-padding\u00a0\u00bb column_padding_position=\u00a0\u00bball\u00a0\u00bb background_color_opacity=\u00a0\u00bb1&Prime; background_hover_color_opacity=\u00a0\u00bb1&Prime; column_link_target=\u00a0\u00bb_self\u00a0\u00bb column_shadow=\u00a0\u00bbnone\u00a0\u00bb column_border_radius=\u00a0\u00bbnone\u00a0\u00bb width=\u00a0\u00bb1\/3&Prime; tablet_width_inherit=\u00a0\u00bbdefault\u00a0\u00bb tablet_text_alignment=\u00a0\u00bbdefault\u00a0\u00bb phone_text_alignment=\u00a0\u00bbdefault\u00a0\u00bb column_border_width=\u00a0\u00bbnone\u00a0\u00bb column_border_style=\u00a0\u00bbsolid\u00a0\u00bb bg_image_animation=\u00a0\u00bbnone\u00a0\u00bb][\/vc_column][\/vc_row][vc_row type=\u00a0\u00bbin_container\u00a0\u00bb full_screen_row_position=\u00a0\u00bbmiddle\u00a0\u00bb scene_position=\u00a0\u00bbcenter\u00a0\u00bb text_color=\u00a0\u00bbdark\u00a0\u00bb text_align=\u00a0\u00bbleft\u00a0\u00bb top_padding=\u00a0\u00bb5%\u00a0\u00bb bottom_padding=\u00a0\u00bb3%\u00a0\u00bb overlay_strength=\u00a0\u00bb0.3&Prime; shape_divider_position=\u00a0\u00bbbottom\u00a0\u00bb bg_image_animation=\u00a0\u00bbnone\u00a0\u00bb shape_type=\u00a0\u00bb\u00a0\u00bb][vc_column column_padding=\u00a0\u00bbno-extra-padding\u00a0\u00bb column_padding_position=\u00a0\u00bball\u00a0\u00bb background_color_opacity=\u00a0\u00bb1&Prime; background_hover_color_opacity=\u00a0\u00bb1&Prime; column_link_target=\u00a0\u00bb_self\u00a0\u00bb column_shadow=\u00a0\u00bbnone\u00a0\u00bb column_border_radius=\u00a0\u00bbnone\u00a0\u00bb width=\u00a0\u00bb3\/4&Prime; tablet_width_inherit=\u00a0\u00bbdefault\u00a0\u00bb tablet_text_alignment=\u00a0\u00bbdefault\u00a0\u00bb phone_text_alignment=\u00a0\u00bbdefault\u00a0\u00bb column_border_width=\u00a0\u00bbnone\u00a0\u00bb column_border_style=\u00a0\u00bbsolid\u00a0\u00bb bg_image_animation=\u00a0\u00bbnone\u00a0\u00bb][vc_custom_heading text=\u00a0\u00bbOptimisez votre temps gr\u00e2ce \u00e0 notre mod\u00e8le de formation flexible\u00a0\u00bb font_container=\u00a0\u00bbtag:h2|font_size:24|text_align:left|line_height:52px\u00a0\u00bb use_theme_fonts=\u00a0\u00bbyes\u00a0\u00bb][vc_column_text css=\u00a0\u00bb.vc_custom_1584956983995{margin-top: 30px !important;margin-bottom: 30px !important;}\u00a0\u00bb]\nLa formation continue se d\u00e9roule souvent parall\u00e8lement \u00e0 un emploi. Dans de nombreux domaines professionnels, cette mani\u00e8re de faire est bien ancr\u00e9e dans les m\u0153urs. Certains employeurs accordent \u00e0 leurs collaborateurs et collaboratrices des am\u00e9nagements du temps de travail afin de leur permettre de suivre des cours.<\/p>\n<p>L\u2019avantage principal de cette formule est de permettre un perfectionnement des connaissances et un \u00e9largissement des aptitudes professionnelles, tout en ayant une source de revenus et en poursuivant sa carri\u00e8re professionnelle. Les employeurs profitent \u00e9galement et directement de la valeur ajout\u00e9e g\u00e9n\u00e9r\u00e9e.<\/p>\n<p>Au chapitre des inconv\u00e9nients figure une \u00e9ventuelle baisse de salaire en cas de r\u00e9duction du temps de travail. Mais surtout, il faut \u00eatre conscient que la formation prend du temps \u2013 pour les cours et pour le travail \u00e0 domicile. Il s\u2019agit d\u2019une activit\u00e9 suppl\u00e9mentaire, \u00e0 mener de front avec le travail, les loisirs et la vie de famille.<\/p>\n<p>La forme d\u2019organisation en cours du soir et en fin de semaine est la plus r\u00e9pandue. Les cours ont lieu la plupart le soir, le vendredi apr\u00e8s-midi ou le samedi matin. L\u2019activit\u00e9 professionnelle se d\u00e9roule en journ\u00e9e, ce qui peut \u00eatre tr\u00e8s exigeant \u00e0 coordonner. C&rsquo;est pour ces raisons que de nombreuses personnes en formation b\u00e9n\u00e9ficient souvent d\u2019une diminution de leur temps de travail.<\/p>\n<p>Les cours de pr\u00e9paration aux examens professionnels et examens professionnels sup\u00e9rieurs, notamment, se d\u00e9roulent souvent selon cette formule. KAIROS par contre a choisi de proposer un mod\u00e8le d&rsquo;enseignement innovateur agile et bien plus flexible. Gr\u00e2ce \u00e0 ce mod\u00e8le, des nombreuses nouvelles possibilit\u00e9s s&rsquo;ouvrent \u00e0 vous pour vous permettre \u00e0 maitriser le d\u00e9fi de mani\u00e8re optimis\u00e9e, en effort et en temps. R\u00e9servez-vous une date et profitez d&rsquo;un conseil personnalis\u00e9.<\/p>\n<p>&nbsp;<\/p>\n<h5><strong>Apprentissage hybride, E-Learning et formation \u00e0 distance<\/strong><\/h5>\n<p>&nbsp;<\/p>\n<p>Gr\u00e2ce \u00e0 la combination pouss\u00e9e de formes d&rsquo;apprentissages hybrides, comme de modules E-Learning, des vid\u00e9os, etc. la personne en formation re\u00e7oit \u00e9galement de la mati\u00e8re \u00e0 apprendre par la Poste ou, de plus en plus, \u00e9tudie directement sur Internet. La qualit\u00e9 de la formation profite de ces formes d&rsquo;apprentissage mixtes, qui peuvent se compl\u00e9ter par un travail ponctuel en groupes ou des s\u00e9quences plus intensives souvent mis en place avant le passage d\u2019examens. Lisez s&rsquo;il-vous-pla\u00eet la description du concept \u00ab\u00a0Social Blended Learning\u00a0\u00bb (en fran\u00e7ais apprentissage hybride) de KAIROS.<\/p>\n<p>KAIROS ne propose donc pas des cours \u00e0 distance classiques, mais combine dans son concept didactique diverses formes d\u2019apprentissage, comme des cours\u00a0 en pr\u00e9sentiel et des cours en ligne. Tous les parcours de formation s&rsquo;orientent au concept \u00ab\u00a0Social Blended Learning\u00a0\u00bb. Ce concept innovateur, aide \u00e0 mieux comprendre le progr\u00e8s individuel dans l&rsquo;apprentissage, assure un meilleur suivi des participants ainsi qu&rsquo;une meilleure assimilation des connaissances (transfer des connaissances).<\/p>\n<p>&nbsp;<\/p>\n<h5><strong>La formation modulaire<\/strong><\/h5>\n<p>&nbsp;<\/p>\n<p>L\u2019organisation des cours par modules existe surtout pour les formations de longue dur\u00e9e d\u00e9bouchant sur des qualifications reconnues officiellement. Le programme est d\u00e9coup\u00e9 en plusieurs parties (modules) comptant chacun un certain nombre de p\u00e9riodes de cours (souvent d\u00e9termin\u00e9 par les organisations professionnelles). Les modules peuvent \u00eatre valid\u00e9s, un par un, par un examen. La particularit\u00e9 de ce syst\u00e8me est que les modules de la formation peuvent \u00eatre suivis dans diff\u00e9rentes \u00e9coles. Lorsque tous les examens des modules ont \u00e9t\u00e9 r\u00e9ussis, la formation est consid\u00e9r\u00e9e comme acquise et le dipl\u00f4me final peut \u00eatre obtenu.<\/p>\n<p>L\u2019avantage d\u2019un tel syst\u00e8me est qu\u2019il permet de r\u00e9partir une formation sur plusieurs ann\u00e9es, en effectuant un ou plusieurs modules \u00e0 la fois ou de faire suivre une pause. Le risque existe par contre de faire durer, voire de ne jamais terminer sa formation.<\/p>\n<p>Source: www.orientation.ch (texte adapt\u00e9)[\/vc_column_text][\/vc_column][vc_column column_padding=\u00a0\u00bbno-extra-padding\u00a0\u00bb column_padding_position=\u00a0\u00bball\u00a0\u00bb background_color_opacity=\u00a0\u00bb1&Prime; background_hover_color_opacity=\u00a0\u00bb1&Prime; column_link_target=\u00a0\u00bb_self\u00a0\u00bb column_shadow=\u00a0\u00bbnone\u00a0\u00bb column_border_radius=\u00a0\u00bbnone\u00a0\u00bb width=\u00a0\u00bb1\/4&Prime; tablet_width_inherit=\u00a0\u00bbdefault\u00a0\u00bb tablet_text_alignment=\u00a0\u00bbdefault\u00a0\u00bb phone_text_alignment=\u00a0\u00bbdefault\u00a0\u00bb column_border_width=\u00a0\u00bbnone\u00a0\u00bb column_border_style=\u00a0\u00bbsolid\u00a0\u00bb bg_image_animation=\u00a0\u00bbnone\u00a0\u00bb offset=\u00a0\u00bbvc_hidden-sm vc_hidden-xs\u00a0\u00bb][\/vc_column][\/vc_row]\n","protected":false},"excerpt":{"rendered":"<p>[vc_row type=\u00a0\u00bbfull_width_background\u00a0\u00bb full_screen_row_position=\u00a0\u00bbmiddle\u00a0\u00bb bg_image=\u00a0\u00bb398&Prime; bg_position=\u00a0\u00bbcenter center\u00a0\u00bb bg_repeat=\u00a0\u00bbno-repeat\u00a0\u00bb bg_color=\u00a0\u00bb#333333&Prime; scene_position=\u00a0\u00bbcenter\u00a0\u00bb video_bg=\u00a0\u00bbuse_video\u00a0\u00bb text_color=\u00a0\u00bblight\u00a0\u00bb text_align=\u00a0\u00bbleft\u00a0\u00bb top_padding=\u00a0\u00bb13%\u00a0\u00bb bottom_padding=\u00a0\u00bb13%\u00a0\u00bb color_overlay=\u00a0\u00bb#0a0a0a\u00a0\u00bb overlay_strength=\u00a0\u00bb0.5&Prime; shape_divider_position=\u00a0\u00bbbottom\u00a0\u00bb bg_image_animation=\u00a0\u00bbnone\u00a0\u00bb parallax_bg=\u00a0\u00bbtrue\u00a0\u00bb parallax_bg_speed=\u00a0\u00bbfast\u00a0\u00bb video_mute=\u00a0\u00bbtrue\u00a0\u00bb shape_type=\u00a0\u00bb\u00a0\u00bb][vc_column column_padding=\u00a0\u00bbno-extra-padding\u00a0\u00bb column_padding_position=\u00a0\u00bball\u00a0\u00bb background_color_opacity=\u00a0\u00bb1&Prime; background_hover_color_opacity=\u00a0\u00bb1&Prime; column_link_target=\u00a0\u00bb_self\u00a0\u00bb column_shadow=\u00a0\u00bbnone\u00a0\u00bb column_border_radius=\u00a0\u00bbnone\u00a0\u00bb width=\u00a0\u00bb2\/3&Prime;&#8230;<\/p>\n","protected":false},"author":1,"featured_media":0,"parent":0,"menu_order":0,"comment_status":"closed","ping_status":"closed","template":"","meta":[],"_links":{"self":[{"href":"https:\/\/kairos-academy.ch\/fr\/wp-json\/wp\/v2\/pages\/834"}],"collection":[{"href":"https:\/\/kairos-academy.ch\/fr\/wp-json\/wp\/v2\/pages"}],"about":[{"href":"https:\/\/kairos-academy.ch\/fr\/wp-json\/wp\/v2\/types\/page"}],"author":[{"embeddable":true,"href":"https:\/\/kairos-academy.ch\/fr\/wp-json\/wp\/v2\/users\/1"}],"replies":[{"embeddable":true,"href":"https:\/\/kairos-academy.ch\/fr\/wp-json\/wp\/v2\/comments?post=834"}],"version-history":[{"count":10,"href":"https:\/\/kairos-academy.ch\/fr\/wp-json\/wp\/v2\/pages\/834\/revisions"}],"predecessor-version":[{"id":1684,"href":"https:\/\/kairos-academy.ch\/fr\/wp-json\/wp\/v2\/pages\/834\/revisions\/1684"}],"wp:attachment":[{"href":"https:\/\/kairos-academy.ch\/fr\/wp-json\/wp\/v2\/media?parent=834"}],"curies":[{"name":"wp","href":"https:\/\/api.w.org\/{rel}","templated":true}]}}