{"id":869,"date":"2020-03-24T14:01:31","date_gmt":"2020-03-24T14:01:31","guid":{"rendered":"https:\/\/seeland.weggli.website\/contributions-financieres\/"},"modified":"2021-11-27T19:22:41","modified_gmt":"2021-11-27T19:22:41","slug":"contributions-financieres","status":"publish","type":"page","link":"https:\/\/kairos-academy.ch\/fr\/contributions-financieres\/","title":{"rendered":"Contributions financi\u00e8res"},"content":{"rendered":"[vc_row type=\u00a0\u00bbfull_width_background\u00a0\u00bb full_screen_row_position=\u00a0\u00bbmiddle\u00a0\u00bb bg_image=\u00a0\u00bb408&Prime; bg_position=\u00a0\u00bbcenter center\u00a0\u00bb bg_repeat=\u00a0\u00bbno-repeat\u00a0\u00bb bg_color=\u00a0\u00bb#333333&Prime; scene_position=\u00a0\u00bbcenter\u00a0\u00bb video_bg=\u00a0\u00bbuse_video\u00a0\u00bb text_color=\u00a0\u00bblight\u00a0\u00bb text_align=\u00a0\u00bbleft\u00a0\u00bb top_padding=\u00a0\u00bb13%\u00a0\u00bb bottom_padding=\u00a0\u00bb13%\u00a0\u00bb color_overlay=\u00a0\u00bb#0a0a0a\u00a0\u00bb overlay_strength=\u00a0\u00bb0.5&Prime; shape_divider_position=\u00a0\u00bbbottom\u00a0\u00bb bg_image_animation=\u00a0\u00bbnone\u00a0\u00bb parallax_bg=\u00a0\u00bbtrue\u00a0\u00bb parallax_bg_speed=\u00a0\u00bbfast\u00a0\u00bb video_mute=\u00a0\u00bbtrue\u00a0\u00bb shape_type=\u00a0\u00bb\u00a0\u00bb][vc_column column_padding=\u00a0\u00bbno-extra-padding\u00a0\u00bb column_padding_position=\u00a0\u00bball\u00a0\u00bb background_color_opacity=\u00a0\u00bb1&Prime; background_hover_color_opacity=\u00a0\u00bb1&Prime; column_link_target=\u00a0\u00bb_self\u00a0\u00bb column_shadow=\u00a0\u00bbnone\u00a0\u00bb column_border_radius=\u00a0\u00bbnone\u00a0\u00bb width=\u00a0\u00bb2\/3&Prime; tablet_width_inherit=\u00a0\u00bbdefault\u00a0\u00bb tablet_text_alignment=\u00a0\u00bbdefault\u00a0\u00bb phone_text_alignment=\u00a0\u00bbdefault\u00a0\u00bb column_border_width=\u00a0\u00bbnone\u00a0\u00bb column_border_style=\u00a0\u00bbsolid\u00a0\u00bb bg_image_animation=\u00a0\u00bbnone\u00a0\u00bb][vc_column_text]\n<h1>Contributions financi\u00e8res<\/h1>\n[\/vc_column_text][vc_row_inner column_margin=\u00a0\u00bbdefault\u00a0\u00bb text_align=\u00a0\u00bbleft\u00a0\u00bb][vc_column_inner column_padding=\u00a0\u00bbno-extra-padding\u00a0\u00bb column_padding_position=\u00a0\u00bball\u00a0\u00bb background_color_opacity=\u00a0\u00bb1&Prime; background_hover_color_opacity=\u00a0\u00bb1&Prime; column_shadow=\u00a0\u00bbnone\u00a0\u00bb column_border_radius=\u00a0\u00bbnone\u00a0\u00bb column_link_target=\u00a0\u00bb_self\u00a0\u00bb width=\u00a0\u00bb1\/1&Prime; tablet_width_inherit=\u00a0\u00bbdefault\u00a0\u00bb column_border_width=\u00a0\u00bbnone\u00a0\u00bb column_border_style=\u00a0\u00bbsolid\u00a0\u00bb bg_image_animation=\u00a0\u00bbnone\u00a0\u00bb enable_animation=\u00a0\u00bbtrue\u00a0\u00bb animation=\u00a0\u00bbfade-in-from-bottom\u00a0\u00bb delay=\u00a0\u00bb300&Prime;][vc_custom_heading text=\u00a0\u00bbSubenvtions de la Conf\u00e9d\u00e9ration et des cantons\u00a0\u00bb font_container=\u00a0\u00bbtag:p|text_align:left|color:rgba(255%2C255%2C255%2C0.7)\u00a0\u00bb use_theme_fonts=\u00a0\u00bbyes\u00a0\u00bb][\/vc_column_inner][\/vc_row_inner][\/vc_column][vc_column column_padding=\u00a0\u00bbno-extra-padding\u00a0\u00bb column_padding_position=\u00a0\u00bball\u00a0\u00bb background_color_opacity=\u00a0\u00bb1&Prime; background_hover_color_opacity=\u00a0\u00bb1&Prime; column_link_target=\u00a0\u00bb_self\u00a0\u00bb column_shadow=\u00a0\u00bbnone\u00a0\u00bb column_border_radius=\u00a0\u00bbnone\u00a0\u00bb width=\u00a0\u00bb1\/3&Prime; tablet_width_inherit=\u00a0\u00bbdefault\u00a0\u00bb tablet_text_alignment=\u00a0\u00bbdefault\u00a0\u00bb phone_text_alignment=\u00a0\u00bbdefault\u00a0\u00bb column_border_width=\u00a0\u00bbnone\u00a0\u00bb column_border_style=\u00a0\u00bbsolid\u00a0\u00bb bg_image_animation=\u00a0\u00bbnone\u00a0\u00bb][\/vc_column][\/vc_row][vc_row type=\u00a0\u00bbin_container\u00a0\u00bb full_screen_row_position=\u00a0\u00bbmiddle\u00a0\u00bb scene_position=\u00a0\u00bbcenter\u00a0\u00bb text_color=\u00a0\u00bbdark\u00a0\u00bb text_align=\u00a0\u00bbleft\u00a0\u00bb top_padding=\u00a0\u00bb5%\u00a0\u00bb bottom_padding=\u00a0\u00bb3%\u00a0\u00bb overlay_strength=\u00a0\u00bb0.3&Prime; shape_divider_position=\u00a0\u00bbbottom\u00a0\u00bb bg_image_animation=\u00a0\u00bbnone\u00a0\u00bb shape_type=\u00a0\u00bb\u00a0\u00bb][vc_column column_padding=\u00a0\u00bbno-extra-padding\u00a0\u00bb column_padding_position=\u00a0\u00bball\u00a0\u00bb background_color_opacity=\u00a0\u00bb1&Prime; background_hover_color_opacity=\u00a0\u00bb1&Prime; column_link_target=\u00a0\u00bb_self\u00a0\u00bb column_shadow=\u00a0\u00bbnone\u00a0\u00bb column_border_radius=\u00a0\u00bbnone\u00a0\u00bb width=\u00a0\u00bb3\/4&Prime; tablet_width_inherit=\u00a0\u00bbdefault\u00a0\u00bb tablet_text_alignment=\u00a0\u00bbdefault\u00a0\u00bb phone_text_alignment=\u00a0\u00bbdefault\u00a0\u00bb column_border_width=\u00a0\u00bbnone\u00a0\u00bb column_border_style=\u00a0\u00bbsolid\u00a0\u00bb bg_image_animation=\u00a0\u00bbnone\u00a0\u00bb][vc_custom_heading text=\u00a0\u00bbLa Conf\u00e9d\u00e9ration remboursera 50% des vos frais de cours\u00a0\u00bb font_container=\u00a0\u00bbtag:h2|font_size:24|text_align:left|line_height:52px\u00a0\u00bb use_theme_fonts=\u00a0\u00bbyes\u00a0\u00bb][vc_column_text css=\u00a0\u00bb.vc_custom_1563279369170{margin-top: 30px !important;margin-bottom: 30px !important;}\u00a0\u00bb]Subventions dans les secteurs de la formation et de la recherche scientifique<\/p>\n<p>La loi f\u00e9d\u00e9rale sur les aides financi\u00e8res et les indemnit\u00e9s (loi sur les subventions ; LSu) pr\u00e9cise ce qu\u2019il faut entendre par subventions \u00bb et \u00e0 quelles conditions elles peuvent \u00eatre octroy\u00e9es.<\/p>\n<p>En vertu de quelque 300 dispositions constitutionnelles ou l\u00e9gales, la Conf\u00e9d\u00e9ration octroie annuellement des subventions pour un montant de quelque 35 milliards de francs (comptes d\u2019Etat 2016), qui repr\u00e9sente une part de 59 % environ des d\u00e9penses f\u00e9d\u00e9rales. Un peu moins de la moiti\u00e9 des ces moyens (46 %) b\u00e9n\u00e9ficie au domaine de la pr\u00e9voyance sociale, suivi des domaines de la formation et de la recherche (17 %) et du trafic (16 %). Le domaine de l\u2019agriculture et de l\u2019alimentation b\u00e9n\u00e9ficie de 9 % des subventions et 8 % sont allou\u00e9s au titre des relations avec l\u2019\u00e9tranger. La part de tous les autres domaines de t\u00e2ches est inf\u00e9rieure \u00e0 1 %.<\/p>\n<p>En compl\u00e9ment au rapport p\u00e9riodique sur l\u2019examen des subventions, l\u2019Administration f\u00e9d\u00e9rale des finances entretient une banque de donn\u00e9es bien fournie, qui permet aux milieux politiques int\u00e9ress\u00e9s, aux administrations et au public d\u2019acc\u00e9der facilement aux donn\u00e9es sur les subventions suisses : la transparence dans ce domaine particuli\u00e8rement sensible sous l\u2019angle financier s\u2019en trouve ainsi am\u00e9lior\u00e9e.<\/p>\n<p>&nbsp;<\/p>\n<h5><strong>Subventions f\u00e9d\u00e9rales<\/strong><\/h5>\n<p>&nbsp;<\/p>\n<p>Bonne nouvelle pour toutes les personnes qui suivent un cours de pr\u00e9paration \u00e0 un examen f\u00e9d\u00e9ral: d\u00e8s 2018, la Conf\u00e9d\u00e9ration remboursera 50% des frais de cours pay\u00e9s. Celles et ceux qui se pr\u00e9sentent \u00e0 un examen professionnel peuvent compter sur un soutien financier de 9\u2019500 francs au plus ; pour un examen professionnel sup\u00e9rieur, ce montant s\u2019\u00e9l\u00e8ve \u00e0 10\u2019500 francs maximum. Ce droit demeure, ind\u00e9pendamment du r\u00e9sultat \u00e0 l\u2019examen. Le Site du Secr\u00e9tariat d\u2019\u00c9tat \u00e0 la formation, \u00e0 la recherche et \u00e0 l\u2019innovation (SEFRI) fournit de plus amples informations sur les conditions et la proc\u00e9dure de demande. Le nouveau r\u00e9gime s\u2019applique d\u00e8s janvier 2018 et est valable pour toutes les \u00e9tudiantes et \u00e9tudiants vivant en Suisse (aussi celles et ceux qui d\u00e9tiennent un permis de s\u00e9jour B ou C).<\/p>\n<p>Ce qui veut dire que toutes les \u00e9tudiantes et tous les \u00e9tudiants qui se pr\u00e9sentent \u00e0 un examen f\u00e9d\u00e9ral, qui ont suivi des cours pr\u00e9paratoire et qui peuvent justifier les co\u00fbts de la formation, recevront une contribution \u00e0 leurs \u00e9tudes de 50% du co\u00fbt de leur formation. Le soutien financier est donc bien plus \u00e9l\u00e9v\u00e9 que pr\u00e9cedemment. Les montants sont vers\u00e9s \u00e0 tous, peu importe o\u00f9 ils habitent et ind\u00e9pend\u00e9mment dans quelle \u00e9cole, ils ont suivi les cours.<\/p>\n<p>&nbsp;<\/p>\n<h5><strong>Contributions des cantons<\/strong><\/h5>\n<p>&nbsp;<\/p>\n<p><span id=\"tran1\">Les cours pr\u00e9paratoires pour les examens professionnels en direction des brevets et dipl\u00f4mes f\u00e9d\u00e9raux sont subventionn\u00e9s par certains cantons et l<\/span>es formations r\u00e9alis\u00e9es par KAIROS sont en grande partie soutenues par les cantons. <span id=\"tran3\">Beaucoup de cantons soutiennent financi\u00e8rement les cours pr\u00e9paratoires. Les montants respectifs sont vers\u00e9s directement aux instituts de formation. Bases l\u00e9gales se sont l\u2019ordonnance sur les \u00e9coles professionnelles, en allemand la Fachschulverordnung (FSV) et les accords avec les cantons<\/span>. <span id=\"tran7\">Vu que les cantons traitent tr\u00e8s diversement les questions de\u00a0 financement, nous vous conseillons de vous orienter directement aupr\u00e8s de l\u2019orientation professionnelle de votre canton.<\/span><\/p>\n<p>Les principes r\u00e9gissant l\u2019octroi d\u2019aides financi\u00e8res et d\u2019indemnit\u00e9s sont d\u00e9crits dans la loi f\u00e9d\u00e9rale du 5 octobre 1990 sur les aides financi\u00e8res et les indemnit\u00e9s (loi sur les subventions, LSu; RS 616.1). Les cantons d\u00e9cident de mani\u00e8re autonome, comment ils souhaitent mettre en place leur politique des subventions.<\/p>\n<p>&nbsp;<\/p>\n[\/vc_column_text][\/vc_column][vc_column column_padding=\u00a0\u00bbno-extra-padding\u00a0\u00bb column_padding_position=\u00a0\u00bball\u00a0\u00bb background_color_opacity=\u00a0\u00bb1&Prime; background_hover_color_opacity=\u00a0\u00bb1&Prime; column_link_target=\u00a0\u00bb_self\u00a0\u00bb column_shadow=\u00a0\u00bbnone\u00a0\u00bb column_border_radius=\u00a0\u00bbnone\u00a0\u00bb width=\u00a0\u00bb1\/4&Prime; tablet_width_inherit=\u00a0\u00bbdefault\u00a0\u00bb tablet_text_alignment=\u00a0\u00bbdefault\u00a0\u00bb phone_text_alignment=\u00a0\u00bbdefault\u00a0\u00bb column_border_width=\u00a0\u00bbnone\u00a0\u00bb column_border_style=\u00a0\u00bbsolid\u00a0\u00bb bg_image_animation=\u00a0\u00bbnone\u00a0\u00bb offset=\u00a0\u00bbvc_hidden-sm vc_hidden-xs\u00a0\u00bb][\/vc_column][\/vc_row]\n","protected":false},"excerpt":{"rendered":"<p>[vc_row type=\u00a0\u00bbfull_width_background\u00a0\u00bb full_screen_row_position=\u00a0\u00bbmiddle\u00a0\u00bb bg_image=\u00a0\u00bb408&Prime; bg_position=\u00a0\u00bbcenter center\u00a0\u00bb bg_repeat=\u00a0\u00bbno-repeat\u00a0\u00bb bg_color=\u00a0\u00bb#333333&Prime; scene_position=\u00a0\u00bbcenter\u00a0\u00bb video_bg=\u00a0\u00bbuse_video\u00a0\u00bb text_color=\u00a0\u00bblight\u00a0\u00bb text_align=\u00a0\u00bbleft\u00a0\u00bb top_padding=\u00a0\u00bb13%\u00a0\u00bb bottom_padding=\u00a0\u00bb13%\u00a0\u00bb color_overlay=\u00a0\u00bb#0a0a0a\u00a0\u00bb overlay_strength=\u00a0\u00bb0.5&Prime; shape_divider_position=\u00a0\u00bbbottom\u00a0\u00bb bg_image_animation=\u00a0\u00bbnone\u00a0\u00bb parallax_bg=\u00a0\u00bbtrue\u00a0\u00bb parallax_bg_speed=\u00a0\u00bbfast\u00a0\u00bb video_mute=\u00a0\u00bbtrue\u00a0\u00bb shape_type=\u00a0\u00bb\u00a0\u00bb][vc_column column_padding=\u00a0\u00bbno-extra-padding\u00a0\u00bb column_padding_position=\u00a0\u00bball\u00a0\u00bb background_color_opacity=\u00a0\u00bb1&Prime; background_hover_color_opacity=\u00a0\u00bb1&Prime; column_link_target=\u00a0\u00bb_self\u00a0\u00bb column_shadow=\u00a0\u00bbnone\u00a0\u00bb column_border_radius=\u00a0\u00bbnone\u00a0\u00bb width=\u00a0\u00bb2\/3&Prime;&#8230;<\/p>\n","protected":false},"author":1,"featured_media":0,"parent":0,"menu_order":0,"comment_status":"closed","ping_status":"closed","template":"","meta":[],"_links":{"self":[{"href":"https:\/\/kairos-academy.ch\/fr\/wp-json\/wp\/v2\/pages\/869"}],"collection":[{"href":"https:\/\/kairos-academy.ch\/fr\/wp-json\/wp\/v2\/pages"}],"about":[{"href":"https:\/\/kairos-academy.ch\/fr\/wp-json\/wp\/v2\/types\/page"}],"author":[{"embeddable":true,"href":"https:\/\/kairos-academy.ch\/fr\/wp-json\/wp\/v2\/users\/1"}],"replies":[{"embeddable":true,"href":"https:\/\/kairos-academy.ch\/fr\/wp-json\/wp\/v2\/comments?post=869"}],"version-history":[{"count":6,"href":"https:\/\/kairos-academy.ch\/fr\/wp-json\/wp\/v2\/pages\/869\/revisions"}],"predecessor-version":[{"id":1658,"href":"https:\/\/kairos-academy.ch\/fr\/wp-json\/wp\/v2\/pages\/869\/revisions\/1658"}],"wp:attachment":[{"href":"https:\/\/kairos-academy.ch\/fr\/wp-json\/wp\/v2\/media?parent=869"}],"curies":[{"name":"wp","href":"https:\/\/api.w.org\/{rel}","templated":true}]}}