{"id":897,"date":"2020-03-24T20:10:13","date_gmt":"2020-03-24T20:10:13","guid":{"rendered":"https:\/\/seeland.weggli.website\/histoire\/"},"modified":"2022-11-24T13:32:14","modified_gmt":"2022-11-24T11:32:14","slug":"histoire","status":"publish","type":"page","link":"https:\/\/kairos-academy.ch\/fr\/histoire\/","title":{"rendered":"Histoire"},"content":{"rendered":"[vc_row type=\u00a0\u00bbfull_width_background\u00a0\u00bb full_screen_row_position=\u00a0\u00bbmiddle\u00a0\u00bb column_margin=\u00a0\u00bbdefault\u00a0\u00bb column_direction=\u00a0\u00bbdefault\u00a0\u00bb column_direction_tablet=\u00a0\u00bbdefault\u00a0\u00bb column_direction_phone=\u00a0\u00bbdefault\u00a0\u00bb bg_color=\u00a0\u00bb#333333&Prime; bg_image=\u00a0\u00bb357&Prime; bg_position=\u00a0\u00bbcenter center\u00a0\u00bb background_image_loading=\u00a0\u00bbdefault\u00a0\u00bb bg_repeat=\u00a0\u00bbno-repeat\u00a0\u00bb video_bg=\u00a0\u00bbuse_video\u00a0\u00bb background_video_loading=\u00a0\u00bbdefault\u00a0\u00bb scene_position=\u00a0\u00bbcenter\u00a0\u00bb top_padding=\u00a0\u00bb13%\u00a0\u00bb bottom_padding=\u00a0\u00bb13%\u00a0\u00bb text_color=\u00a0\u00bblight\u00a0\u00bb text_align=\u00a0\u00bbleft\u00a0\u00bb row_border_radius=\u00a0\u00bbnone\u00a0\u00bb row_border_radius_applies=\u00a0\u00bbbg\u00a0\u00bb overflow=\u00a0\u00bbvisible\u00a0\u00bb color_overlay=\u00a0\u00bb#0a0a0a\u00a0\u00bb overlay_strength=\u00a0\u00bb0.5&Prime; gradient_direction=\u00a0\u00bbleft_to_right\u00a0\u00bb shape_divider_position=\u00a0\u00bbbottom\u00a0\u00bb bg_image_animation=\u00a0\u00bbnone\u00a0\u00bb parallax_bg=\u00a0\u00bbtrue\u00a0\u00bb parallax_bg_speed=\u00a0\u00bbfast\u00a0\u00bb video_mute=\u00a0\u00bbtrue\u00a0\u00bb shape_type=\u00a0\u00bb\u00a0\u00bb][vc_column column_padding=\u00a0\u00bbno-extra-padding\u00a0\u00bb column_padding_tablet=\u00a0\u00bbinherit\u00a0\u00bb column_padding_phone=\u00a0\u00bbinherit\u00a0\u00bb column_padding_position=\u00a0\u00bball\u00a0\u00bb column_element_spacing=\u00a0\u00bbdefault\u00a0\u00bb background_color_opacity=\u00a0\u00bb1&Prime; background_hover_color_opacity=\u00a0\u00bb1&Prime; column_shadow=\u00a0\u00bbnone\u00a0\u00bb column_border_radius=\u00a0\u00bbnone\u00a0\u00bb column_link_target=\u00a0\u00bb_self\u00a0\u00bb column_position=\u00a0\u00bbdefault\u00a0\u00bb gradient_direction=\u00a0\u00bbleft_to_right\u00a0\u00bb overlay_strength=\u00a0\u00bb0.3&Prime; width=\u00a0\u00bb2\/3&Prime; tablet_width_inherit=\u00a0\u00bbdefault\u00a0\u00bb tablet_text_alignment=\u00a0\u00bbdefault\u00a0\u00bb phone_text_alignment=\u00a0\u00bbdefault\u00a0\u00bb animation_type=\u00a0\u00bbdefault\u00a0\u00bb bg_image_animation=\u00a0\u00bbnone\u00a0\u00bb border_type=\u00a0\u00bbsimple\u00a0\u00bb column_border_width=\u00a0\u00bbnone\u00a0\u00bb column_border_style=\u00a0\u00bbsolid\u00a0\u00bb][split_line_heading animation_type=\u00a0\u00bbline-reveal-by-space\u00a0\u00bb font_style=\u00a0\u00bbh1&Prime; line_reveal_by_space_text_effect=\u00a0\u00bbdefault\u00a0\u00bb content_alignment=\u00a0\u00bbdefault\u00a0\u00bb mobile_content_alignment=\u00a0\u00bbinherit\u00a0\u00bb link_target=\u00a0\u00bb_self\u00a0\u00bb text_content=\u00a0\u00bbHistoire\u00a0\u00bb]\n<h1>Geschichte<\/h1>\n[\/split_line_heading][vc_row_inner column_margin=\u00a0\u00bbdefault\u00a0\u00bb column_direction=\u00a0\u00bbdefault\u00a0\u00bb column_direction_tablet=\u00a0\u00bbdefault\u00a0\u00bb column_direction_phone=\u00a0\u00bbdefault\u00a0\u00bb text_align=\u00a0\u00bbleft\u00a0\u00bb row_position=\u00a0\u00bbdefault\u00a0\u00bb row_position_tablet=\u00a0\u00bbinherit\u00a0\u00bb row_position_phone=\u00a0\u00bbinherit\u00a0\u00bb overflow=\u00a0\u00bbvisible\u00a0\u00bb pointer_events=\u00a0\u00bball\u00a0\u00bb][vc_column_inner column_padding=\u00a0\u00bbno-extra-padding\u00a0\u00bb column_padding_tablet=\u00a0\u00bbinherit\u00a0\u00bb column_padding_phone=\u00a0\u00bbinherit\u00a0\u00bb column_padding_position=\u00a0\u00bball\u00a0\u00bb column_element_spacing=\u00a0\u00bbdefault\u00a0\u00bb background_color_opacity=\u00a0\u00bb1&Prime; background_hover_color_opacity=\u00a0\u00bb1&Prime; column_shadow=\u00a0\u00bbnone\u00a0\u00bb column_border_radius=\u00a0\u00bbnone\u00a0\u00bb column_link_target=\u00a0\u00bb_self\u00a0\u00bb gradient_direction=\u00a0\u00bbleft_to_right\u00a0\u00bb overlay_strength=\u00a0\u00bb0.3&Prime; width=\u00a0\u00bb1\/1&Prime; tablet_width_inherit=\u00a0\u00bbdefault\u00a0\u00bb animation_type=\u00a0\u00bbdefault\u00a0\u00bb enable_animation=\u00a0\u00bbtrue\u00a0\u00bb animation=\u00a0\u00bbfade-in-from-bottom\u00a0\u00bb bg_image_animation=\u00a0\u00bbnone\u00a0\u00bb border_type=\u00a0\u00bbsimple\u00a0\u00bb column_border_width=\u00a0\u00bbnone\u00a0\u00bb column_border_style=\u00a0\u00bbsolid\u00a0\u00bb delay=\u00a0\u00bb300&Prime;][vc_custom_heading text=\u00a0\u00bb12 ans de formations qui font progresser\u00a0\u00bb font_container=\u00a0\u00bbtag:p|text_align:left|color:rgba(255%2C255%2C255%2C0.7)\u00a0\u00bb use_theme_fonts=\u00a0\u00bbyes\u00a0\u00bb][\/vc_column_inner][\/vc_row_inner][\/vc_column][vc_column column_padding=\u00a0\u00bbno-extra-padding\u00a0\u00bb column_padding_tablet=\u00a0\u00bbinherit\u00a0\u00bb column_padding_phone=\u00a0\u00bbinherit\u00a0\u00bb column_padding_position=\u00a0\u00bball\u00a0\u00bb column_element_spacing=\u00a0\u00bbdefault\u00a0\u00bb background_color_opacity=\u00a0\u00bb1&Prime; background_hover_color_opacity=\u00a0\u00bb1&Prime; column_shadow=\u00a0\u00bbnone\u00a0\u00bb column_border_radius=\u00a0\u00bbnone\u00a0\u00bb column_link_target=\u00a0\u00bb_self\u00a0\u00bb column_position=\u00a0\u00bbdefault\u00a0\u00bb gradient_direction=\u00a0\u00bbleft_to_right\u00a0\u00bb overlay_strength=\u00a0\u00bb0.3&Prime; width=\u00a0\u00bb1\/3&Prime; tablet_width_inherit=\u00a0\u00bbdefault\u00a0\u00bb tablet_text_alignment=\u00a0\u00bbdefault\u00a0\u00bb phone_text_alignment=\u00a0\u00bbdefault\u00a0\u00bb animation_type=\u00a0\u00bbdefault\u00a0\u00bb bg_image_animation=\u00a0\u00bbnone\u00a0\u00bb border_type=\u00a0\u00bbsimple\u00a0\u00bb column_border_width=\u00a0\u00bbnone\u00a0\u00bb column_border_style=\u00a0\u00bbsolid\u00a0\u00bb][\/vc_column][\/vc_row][vc_row type=\u00a0\u00bbin_container\u00a0\u00bb full_screen_row_position=\u00a0\u00bbmiddle\u00a0\u00bb column_margin=\u00a0\u00bbdefault\u00a0\u00bb column_direction=\u00a0\u00bbdefault\u00a0\u00bb column_direction_tablet=\u00a0\u00bbdefault\u00a0\u00bb column_direction_phone=\u00a0\u00bbdefault\u00a0\u00bb scene_position=\u00a0\u00bbcenter\u00a0\u00bb top_padding=\u00a0\u00bb5%\u00a0\u00bb bottom_padding=\u00a0\u00bb3%\u00a0\u00bb text_color=\u00a0\u00bbdark\u00a0\u00bb text_align=\u00a0\u00bbleft\u00a0\u00bb row_border_radius=\u00a0\u00bbnone\u00a0\u00bb row_border_radius_applies=\u00a0\u00bbbg\u00a0\u00bb overflow=\u00a0\u00bbvisible\u00a0\u00bb overlay_strength=\u00a0\u00bb0.3&Prime; gradient_direction=\u00a0\u00bbleft_to_right\u00a0\u00bb shape_divider_position=\u00a0\u00bbbottom\u00a0\u00bb bg_image_animation=\u00a0\u00bbnone\u00a0\u00bb shape_type=\u00a0\u00bb\u00a0\u00bb][vc_column column_padding=\u00a0\u00bbno-extra-padding\u00a0\u00bb column_padding_tablet=\u00a0\u00bbinherit\u00a0\u00bb column_padding_phone=\u00a0\u00bbinherit\u00a0\u00bb column_padding_position=\u00a0\u00bball\u00a0\u00bb column_element_spacing=\u00a0\u00bbdefault\u00a0\u00bb background_color_opacity=\u00a0\u00bb1&Prime; background_hover_color_opacity=\u00a0\u00bb1&Prime; column_shadow=\u00a0\u00bbnone\u00a0\u00bb column_border_radius=\u00a0\u00bbnone\u00a0\u00bb column_link_target=\u00a0\u00bb_self\u00a0\u00bb column_position=\u00a0\u00bbdefault\u00a0\u00bb gradient_direction=\u00a0\u00bbleft_to_right\u00a0\u00bb overlay_strength=\u00a0\u00bb0.3&Prime; width=\u00a0\u00bb3\/4&Prime; tablet_width_inherit=\u00a0\u00bbdefault\u00a0\u00bb tablet_text_alignment=\u00a0\u00bbdefault\u00a0\u00bb phone_text_alignment=\u00a0\u00bbdefault\u00a0\u00bb animation_type=\u00a0\u00bbdefault\u00a0\u00bb bg_image_animation=\u00a0\u00bbnone\u00a0\u00bb border_type=\u00a0\u00bbsimple\u00a0\u00bb column_border_width=\u00a0\u00bbnone\u00a0\u00bb column_border_style=\u00a0\u00bbsolid\u00a0\u00bb][vc_custom_heading text=\u00a0\u00bbLes d\u00e9buts\u00a0\u00bb font_container=\u00a0\u00bbtag:h2|font_size:24|text_align:left|line_height:52px\u00a0\u00bb use_theme_fonts=\u00a0\u00bbyes\u00a0\u00bb][vc_column_text css=\u00a0\u00bb.vc_custom_1585081241222{margin-top: 30px !important;margin-bottom: 30px !important;}\u00a0\u00bb]Puisque c&rsquo;est difficile de d\u00e9cider, partons pour une approche trillingue et partout en Suisse<\/p>\n<p>L&rsquo;\u00e9cole professionnelle priv\u00e9e KAIROS Academy of art &amp; science a \u00e9t\u00e9 fond\u00e9e en 2008 &#8211; au d\u00e9but avec trois formateurs et sept \u00e9tudiants. Depuis, l&rsquo;\u00e9cole a de plus en plus grandi et a pu r\u00e9gli\u00e8rement \u00e9largir son offre. Les parcours de formation,\u00a0 attractifs et agiles, l&rsquo;atmosph\u00e8re dynamique et amicale, propice \u00e0 l&rsquo;apprentissage, ainsi que l&rsquo;orientation qualit\u00e9 ont contribu\u00e9s \u00e0 cr\u00e9er rapidement\u00a0 l&rsquo;identit\u00e9 unique de KAIROS Academy et \u00e0 solidifier son positionnement. Les nombreux titres tr\u00e8s recherch\u00e9s par les \u00e9tudiantes et \u00e9tudiants, ouvrent les grandement les portes sur le march\u00e9 du travail, et, donnent acc\u00e8s \u00e0 des opportuntit\u00e9s et des carri\u00e8res prometteuses.<\/p>\n<p>En 2019, lors d&rsquo;un Relaunch, l&rsquo;\u00e9cole adopt\u00e9 un nouveau nom \u00ab\u00a0KAIROS Academy of art &amp; science\u00a0\u00bb et avec ceci, une toute nouvelle pr\u00e9sence. KAIROS a transf\u00e9r\u00e9 en m\u00eame temps son si\u00e8ge \u00e0 Morat, au magnifique \u00ab\u00a0St\u00e4dtli\u00a0\u00bb, au coeur de la ville billingue renomm\u00e9e par sa beaut\u00e9 exclusive. KAIROS a proc\u00e9d\u00e9, en m\u00eame temps, \u00e0 l&rsquo;inauguration festive de ses trois nouvelles filales de Z\u00fcrich, Vevey et du Tessin.<\/p>\n<p><strong>2020<\/strong><\/p>\n<p>Inauguration de la nouvelle pr\u00e9sence de KAIROS Academy of art &amp; science avec un nouveau site Web et un nouveau concept. Elargissement de l&rsquo;offre et ouverture de plus que 50 parcours de formation en direction des examens f\u00e9d\u00e9raux des divers domaines, partout en Suisse.<\/p>\n<p><strong>2019<\/strong><\/p>\n<p>Un jalon important \u00e9tait la cr\u00e9ation et inauguration de la filiale de Z\u00fcrich. L&rsquo;\u00e9cole pr\u00e9pare sa un nouvelle pr\u00e9sence. Premi\u00e8re rencontre avec l&rsquo;agence Maxomedia \u00e0 Berne pour la cr\u00e9ation du nouveau site Web. Changement du si\u00e8ge \u00e0 Morat, dans le magnifique \u00ab\u00a0St\u00e4dtli\u00a0\u00bb, au coeur de la ville billingue des plus renomm\u00e9es, appartenant au Canton de Fribourg.<\/p>\n<p><strong>2018<\/strong><\/p>\n<p>Bien 10 ans apr\u00e8s la fondation, renforcement de l&rsquo;\u00e9quipe du secr\u00e9tariat des cours et de l&rsquo;\u00e9quipe des formateurs. En avril, l&rsquo;inauguration festive de la filiale de Bellinzone avec une offre en italien destin\u00e9e au Tessin a lieu.<\/p>\n<p><strong>2017<\/strong><\/p>\n<p>Apr\u00e8s quelques changements strat\u00e9giques et organisationnels, renforcement de l&rsquo;\u00e9quipe au secr\u00e9tariat des cours et engagement de deux nouveaux formateurs-accompagnateurs. Gr\u00e2ce au d\u00e9m\u00e9nagement au chemin des Barques 9, situ\u00e9 directement \u00e0 la gare CFF de Bienne et pr\u00e8s du lac, puis, la fondation de la filiale de Vevey avec des offres destin\u00e9es \u00e0 la Suisse romande, deux nouveaux emplacements id\u00e9alement plac\u00e9s se cr\u00e9erent.<\/p>\n<p><strong>2016<\/strong><\/p>\n<p>KAIROS s&rsquo;agrandit, et, s&rsquo;\u00e9largit par une nouvelle offre de cours de formation propos\u00e9s \u00e0 Lausanne, Yverdon, Vevey, Nyon et Gen\u00e8ve. L&rsquo;\u00e9ventail des cours d\u00e9passe d\u00e9j\u00e0 les 30 offres. Les cours de formation pr\u00e9parent aux examens f\u00e9d\u00e9raux pour l&rsquo;obtention d&rsquo;un brevet ou d&rsquo;un dipl\u00f4me f\u00e9d\u00e9ral dans les divers domaines.<\/p>\n<p><strong>2015<\/strong><\/p>\n<p>Gr\u00e2ce \u00e0 la renovation et la restructuration des locaux \u00e0 la rue du Man\u00e8ge 5 \u00e0 Bienne, KAIROS int\u00e8gre deux nouvelles unit\u00e9s strat\u00e9giques: une \u00e9cole \u00e0 plein temps et une fili\u00e8re RP &amp; communication.<em><br \/>\n<\/em><\/p>\n<p><strong>2014<\/strong><\/p>\n<p>Fusion de l\u2019atelier cr\u00e9atif scms et de <em>seelandAcademy,<\/em> RP &amp; Media Planning, et, cr\u00e9ation d\u2019un tandem d\u2019alliance dans le but de former des jeunes talents d\u00e9sirant entamer une carri\u00e8re dans le secteur professionnel de la communication. L&rsquo;\u00e9cole continue \u00e0 se developper. Rien ne change au sein de l&rsquo;\u00e9cole.<\/p>\n<p><strong>2013<\/strong><\/p>\n<p>Avec la cr\u00e9ation de la propre marque \u00ab\u00a0Swiss Event Management School\u00a0\u00bb, destin\u00e9e \u00e0 accompagner les \u00e9tudiantes et \u00e9tudiants au sein de leurs formations dans le secteur de l&rsquo;\u00e9v\u00e9nementiel, du Sponsoring et l&rsquo;Hospitality, KAIROS devient l&rsquo;\u00e9cole Leader interr\u00e9gionales du secteur.<\/p>\n<p>La collaboration au sein de manifestations culturelles et sportives des diverses\u00a0 r\u00e9gions assure le lien avec l&rsquo;actualit\u00e9, le maintien du r\u00e9s\u00e9au ainsi que l&rsquo;offre de possibilit\u00e9s de stages destin\u00e9s aux \u00e9tudiantes et \u00e9tudiants.<\/p>\n<p><strong>2012<\/strong><\/p>\n<p>L&rsquo;\u00e9largissement de l&rsquo;offre avec de nouveaux parcours de formation pr\u00e9parant \u00e0 des brevets et dipl\u00f4mes f\u00e9d\u00e9raux dans le domaine des RH et l&rsquo;int\u00e9gration d&rsquo;une grande offre de s\u00e9minaires d&rsquo;entreprise compl\u00e9tent l&rsquo;\u00e9ventail des cours en langue fran\u00e7aise et allemande.<\/p>\n<p>Gr\u00e2ce \u00e0 une collaboration avec l&rsquo;ARRA (Association Romande pour la reconnaissance des acquis), KAIROS obtient le droit de conduire des at\u00e9liers de bilan de comp\u00e9tence-portfolio, en langue fran\u00e7aise et en langue allemande. KAIROS devient en plus, centre de formation officiel pour l&rsquo;\u00e9laboration de bilans de comp\u00e9tences selon la m\u00e9thode effe.<\/p>\n<p><strong>2011<\/strong><\/p>\n<p>KAIROS fonde une s\u00e0rl et est inscrit au registre de commerce, le 3.01.2011. En m\u00eame temps, l&rsquo;\u00e9cole professionnelle priv\u00e9e d\u00e9m\u00e9nage dans ses nouveaux locaux \u00e0 la Rue du Man\u00e8ge 5 \u00e0 Bienne. La ville billingue de Bienne, aussi connue comme la ville de la communication, devient le nouveau si\u00e8ge de KAIROS. L&rsquo;objectif est de proposer des cours de qualit\u00e9 dans une ambiance propice \u00e0 l&rsquo;apprentissage et dans des petits groupes ou de cours priv\u00e9s.<\/p>\n<p>En collaboration avec les associations professionnelles, l&rsquo;\u00e9cole lance les nouveaux programmes pour une s\u00e9rie de cours de formation en direction des examens f\u00e9d\u00e9raux. Les cours se d\u00e9roulent selon le mod\u00e8le IET (IET = individualit\u00e9, efficicacit\u00e9, temporalit\u00e9).<\/p>\n<p><strong>2010<\/strong><\/p>\n<p>Les fondateurs de KAIROS (en ce moment, l&rsquo;\u00e9cole s&rsquo;appellait encore\u00a0 seelandAcademy) d\u00e9cident, apr\u00e8s quelques exp\u00e9riences tr\u00e8s positives gr\u00e2ce \u00e0 un travail engag\u00e9 sous les aspects du \u00ab\u00a0Social Blended Learning\u00a0\u00bb, d&rsquo;ouvrir une \u00e9cole professionnelle priv\u00e9e. Dans la m\u00eame ann\u00e9e KAIROS re\u00e7oit la confirmation de l&rsquo;acceptation de la part des autorit\u00e9s.<\/p>\n<p><strong>2008<\/strong><\/p>\n<p>Trois formateurs passionn\u00e9s venant de secteurs tr\u00e8s diff\u00e9rents se rencontrent un apr\u00e8s-midi ensoleil\u00e9, en avril, apr\u00e8s la fin de leurs formations suivis \u00e0 la F\u00e9d\u00e9ration Suisse pour l&rsquo;Enseignement aux Adultes FSEA, dans la charmante vieille ville d&rsquo;Aarau pour un ap\u00e9ro et se lancent, d\u00e9cid\u00e9s, dans la mise un place d&rsquo;un projet. La r\u00e9alisation de quelques cours de formation en Argovie, \u00e0 Berne et au Tessin pour la pr\u00e9paration de quelques participants aux examens du brevet et d&rsquo;un certificat reconnu, est au programme. Les cours rencontrent un grand succ\u00e8s, et, d&rsquo;autres participants ne tardent pas \u00e0 venir.<\/p>\n<p>&nbsp;[\/vc_column_text][\/vc_column][vc_column column_padding=\u00a0\u00bbno-extra-padding\u00a0\u00bb column_padding_tablet=\u00a0\u00bbinherit\u00a0\u00bb column_padding_phone=\u00a0\u00bbinherit\u00a0\u00bb column_padding_position=\u00a0\u00bball\u00a0\u00bb column_element_spacing=\u00a0\u00bbdefault\u00a0\u00bb background_color_opacity=\u00a0\u00bb1&Prime; background_hover_color_opacity=\u00a0\u00bb1&Prime; column_shadow=\u00a0\u00bbnone\u00a0\u00bb column_border_radius=\u00a0\u00bbnone\u00a0\u00bb column_link_target=\u00a0\u00bb_self\u00a0\u00bb column_position=\u00a0\u00bbdefault\u00a0\u00bb gradient_direction=\u00a0\u00bbleft_to_right\u00a0\u00bb overlay_strength=\u00a0\u00bb0.3&Prime; width=\u00a0\u00bb1\/4&Prime; tablet_width_inherit=\u00a0\u00bbdefault\u00a0\u00bb tablet_text_alignment=\u00a0\u00bbdefault\u00a0\u00bb phone_text_alignment=\u00a0\u00bbdefault\u00a0\u00bb animation_type=\u00a0\u00bbdefault\u00a0\u00bb bg_image_animation=\u00a0\u00bbnone\u00a0\u00bb border_type=\u00a0\u00bbsimple\u00a0\u00bb column_border_width=\u00a0\u00bbnone\u00a0\u00bb column_border_style=\u00a0\u00bbsolid\u00a0\u00bb offset=\u00a0\u00bbvc_hidden-sm vc_hidden-xs\u00a0\u00bb][\/vc_column][\/vc_row]\n","protected":false},"excerpt":{"rendered":"<p>[vc_row type=\u00a0\u00bbfull_width_background\u00a0\u00bb full_screen_row_position=\u00a0\u00bbmiddle\u00a0\u00bb column_margin=\u00a0\u00bbdefault\u00a0\u00bb column_direction=\u00a0\u00bbdefault\u00a0\u00bb column_direction_tablet=\u00a0\u00bbdefault\u00a0\u00bb column_direction_phone=\u00a0\u00bbdefault\u00a0\u00bb bg_color=\u00a0\u00bb#333333&Prime; bg_image=\u00a0\u00bb357&Prime; bg_position=\u00a0\u00bbcenter center\u00a0\u00bb background_image_loading=\u00a0\u00bbdefault\u00a0\u00bb bg_repeat=\u00a0\u00bbno-repeat\u00a0\u00bb video_bg=\u00a0\u00bbuse_video\u00a0\u00bb background_video_loading=\u00a0\u00bbdefault\u00a0\u00bb scene_position=\u00a0\u00bbcenter\u00a0\u00bb top_padding=\u00a0\u00bb13%\u00a0\u00bb bottom_padding=\u00a0\u00bb13%\u00a0\u00bb text_color=\u00a0\u00bblight\u00a0\u00bb text_align=\u00a0\u00bbleft\u00a0\u00bb row_border_radius=\u00a0\u00bbnone\u00a0\u00bb row_border_radius_applies=\u00a0\u00bbbg\u00a0\u00bb overflow=\u00a0\u00bbvisible\u00a0\u00bb color_overlay=\u00a0\u00bb#0a0a0a\u00a0\u00bb overlay_strength=\u00a0\u00bb0.5&Prime; gradient_direction=\u00a0\u00bbleft_to_right\u00a0\u00bb shape_divider_position=\u00a0\u00bbbottom\u00a0\u00bb bg_image_animation=\u00a0\u00bbnone\u00a0\u00bb parallax_bg=\u00a0\u00bbtrue\u00a0\u00bb parallax_bg_speed=\u00a0\u00bbfast\u00a0\u00bb&#8230;<\/p>\n","protected":false},"author":1,"featured_media":0,"parent":0,"menu_order":0,"comment_status":"closed","ping_status":"closed","template":"","meta":[],"_links":{"self":[{"href":"https:\/\/kairos-academy.ch\/fr\/wp-json\/wp\/v2\/pages\/897"}],"collection":[{"href":"https:\/\/kairos-academy.ch\/fr\/wp-json\/wp\/v2\/pages"}],"about":[{"href":"https:\/\/kairos-academy.ch\/fr\/wp-json\/wp\/v2\/types\/page"}],"author":[{"embeddable":true,"href":"https:\/\/kairos-academy.ch\/fr\/wp-json\/wp\/v2\/users\/1"}],"replies":[{"embeddable":true,"href":"https:\/\/kairos-academy.ch\/fr\/wp-json\/wp\/v2\/comments?post=897"}],"version-history":[{"count":7,"href":"https:\/\/kairos-academy.ch\/fr\/wp-json\/wp\/v2\/pages\/897\/revisions"}],"predecessor-version":[{"id":3502,"href":"https:\/\/kairos-academy.ch\/fr\/wp-json\/wp\/v2\/pages\/897\/revisions\/3502"}],"wp:attachment":[{"href":"https:\/\/kairos-academy.ch\/fr\/wp-json\/wp\/v2\/media?parent=897"}],"curies":[{"name":"wp","href":"https:\/\/api.w.org\/{rel}","templated":true}]}}