{"id":906,"date":"2020-03-24T21:02:14","date_gmt":"2020-03-24T21:02:14","guid":{"rendered":"https:\/\/seeland.weggli.website\/faites-le-bon-choix\/"},"modified":"2022-08-21T22:39:56","modified_gmt":"2022-08-21T22:39:56","slug":"faites-le-bon-choix","status":"publish","type":"page","link":"https:\/\/kairos-academy.ch\/fr\/faites-le-bon-choix\/","title":{"rendered":"Faites le bon choix"},"content":{"rendered":"[vc_row type=\u00a0\u00bbfull_width_background\u00a0\u00bb full_screen_row_position=\u00a0\u00bbmiddle\u00a0\u00bb bg_image=\u00a0\u00bb357&Prime; bg_position=\u00a0\u00bbcenter center\u00a0\u00bb bg_repeat=\u00a0\u00bbno-repeat\u00a0\u00bb bg_color=\u00a0\u00bb#333333&Prime; scene_position=\u00a0\u00bbcenter\u00a0\u00bb video_bg=\u00a0\u00bbuse_video\u00a0\u00bb text_color=\u00a0\u00bblight\u00a0\u00bb text_align=\u00a0\u00bbleft\u00a0\u00bb top_padding=\u00a0\u00bb13%\u00a0\u00bb bottom_padding=\u00a0\u00bb13%\u00a0\u00bb color_overlay=\u00a0\u00bb#0a0a0a\u00a0\u00bb overlay_strength=\u00a0\u00bb0.5&Prime; shape_divider_position=\u00a0\u00bbbottom\u00a0\u00bb bg_image_animation=\u00a0\u00bbnone\u00a0\u00bb parallax_bg=\u00a0\u00bbtrue\u00a0\u00bb parallax_bg_speed=\u00a0\u00bbfast\u00a0\u00bb video_mute=\u00a0\u00bbtrue\u00a0\u00bb shape_type=\u00a0\u00bb\u00a0\u00bb][vc_column column_padding=\u00a0\u00bbno-extra-padding\u00a0\u00bb column_padding_position=\u00a0\u00bball\u00a0\u00bb background_color_opacity=\u00a0\u00bb1&Prime; background_hover_color_opacity=\u00a0\u00bb1&Prime; column_link_target=\u00a0\u00bb_self\u00a0\u00bb column_shadow=\u00a0\u00bbnone\u00a0\u00bb column_border_radius=\u00a0\u00bbnone\u00a0\u00bb width=\u00a0\u00bb2\/3&Prime; tablet_width_inherit=\u00a0\u00bbdefault\u00a0\u00bb tablet_text_alignment=\u00a0\u00bbdefault\u00a0\u00bb phone_text_alignment=\u00a0\u00bbdefault\u00a0\u00bb column_border_width=\u00a0\u00bbnone\u00a0\u00bb column_border_style=\u00a0\u00bbsolid\u00a0\u00bb bg_image_animation=\u00a0\u00bbnone\u00a0\u00bb][vc_column_text]\n<h1>Votre projet de formation en six pas<\/h1>\n[\/vc_column_text][vc_row_inner column_margin=\u00a0\u00bbdefault\u00a0\u00bb text_align=\u00a0\u00bbleft\u00a0\u00bb][vc_column_inner column_padding=\u00a0\u00bbno-extra-padding\u00a0\u00bb column_padding_position=\u00a0\u00bball\u00a0\u00bb background_color_opacity=\u00a0\u00bb1&Prime; background_hover_color_opacity=\u00a0\u00bb1&Prime; column_shadow=\u00a0\u00bbnone\u00a0\u00bb column_border_radius=\u00a0\u00bbnone\u00a0\u00bb column_link_target=\u00a0\u00bb_self\u00a0\u00bb width=\u00a0\u00bb1\/1&Prime; tablet_width_inherit=\u00a0\u00bbdefault\u00a0\u00bb column_border_width=\u00a0\u00bbnone\u00a0\u00bb column_border_style=\u00a0\u00bbsolid\u00a0\u00bb bg_image_animation=\u00a0\u00bbnone\u00a0\u00bb enable_animation=\u00a0\u00bbtrue\u00a0\u00bb animation=\u00a0\u00bbfade-in-from-bottom\u00a0\u00bb delay=\u00a0\u00bb300&Prime;][vc_custom_heading text=\u00a0\u00bbLe contact personnel nous tient \u00e0 coeur, si vous ne connaissez pas bien le paysage de formation et les possibilit\u00e9s qui s&rsquo;offrent \u00e0 vous, n&rsquo;h\u00e9sitez pas, nous vous conseillons volontiers.\u00a0\u00bb font_container=\u00a0\u00bbtag:p|text_align:left|color:rgba(255%2C255%2C255%2C0.7)\u00a0\u00bb use_theme_fonts=\u00a0\u00bbyes\u00a0\u00bb][\/vc_column_inner][\/vc_row_inner][\/vc_column][vc_column column_padding=\u00a0\u00bbno-extra-padding\u00a0\u00bb column_padding_position=\u00a0\u00bball\u00a0\u00bb background_color_opacity=\u00a0\u00bb1&Prime; background_hover_color_opacity=\u00a0\u00bb1&Prime; column_link_target=\u00a0\u00bb_self\u00a0\u00bb column_shadow=\u00a0\u00bbnone\u00a0\u00bb column_border_radius=\u00a0\u00bbnone\u00a0\u00bb width=\u00a0\u00bb1\/3&Prime; tablet_width_inherit=\u00a0\u00bbdefault\u00a0\u00bb tablet_text_alignment=\u00a0\u00bbdefault\u00a0\u00bb phone_text_alignment=\u00a0\u00bbdefault\u00a0\u00bb column_border_width=\u00a0\u00bbnone\u00a0\u00bb column_border_style=\u00a0\u00bbsolid\u00a0\u00bb bg_image_animation=\u00a0\u00bbnone\u00a0\u00bb][\/vc_column][\/vc_row][vc_row type=\u00a0\u00bbin_container\u00a0\u00bb full_screen_row_position=\u00a0\u00bbmiddle\u00a0\u00bb scene_position=\u00a0\u00bbcenter\u00a0\u00bb text_color=\u00a0\u00bbdark\u00a0\u00bb text_align=\u00a0\u00bbleft\u00a0\u00bb top_padding=\u00a0\u00bb5%\u00a0\u00bb bottom_padding=\u00a0\u00bb3%\u00a0\u00bb overlay_strength=\u00a0\u00bb0.3&Prime; shape_divider_position=\u00a0\u00bbbottom\u00a0\u00bb bg_image_animation=\u00a0\u00bbnone\u00a0\u00bb shape_type=\u00a0\u00bb\u00a0\u00bb][vc_column column_padding=\u00a0\u00bbno-extra-padding\u00a0\u00bb column_padding_position=\u00a0\u00bball\u00a0\u00bb background_color_opacity=\u00a0\u00bb1&Prime; background_hover_color_opacity=\u00a0\u00bb1&Prime; column_link_target=\u00a0\u00bb_self\u00a0\u00bb column_shadow=\u00a0\u00bbnone\u00a0\u00bb column_border_radius=\u00a0\u00bbnone\u00a0\u00bb width=\u00a0\u00bb3\/4&Prime; tablet_width_inherit=\u00a0\u00bbdefault\u00a0\u00bb tablet_text_alignment=\u00a0\u00bbdefault\u00a0\u00bb phone_text_alignment=\u00a0\u00bbdefault\u00a0\u00bb column_border_width=\u00a0\u00bbnone\u00a0\u00bb column_border_style=\u00a0\u00bbsolid\u00a0\u00bb bg_image_animation=\u00a0\u00bbnone\u00a0\u00bb][vc_custom_heading text=\u00a0\u00bbChecklist pour le choix de votre formation\u00a0\u00bb font_container=\u00a0\u00bbtag:h2|font_size:24|text_align:left|line_height:52px\u00a0\u00bb use_theme_fonts=\u00a0\u00bbyes\u00a0\u00bb][vc_column_text css=\u00a0\u00bb.vc_custom_1585084148889{margin-top: 30px !important;margin-bottom: 30px !important;}\u00a0\u00bb]Les plus que 50 offres de cours de formation de KAIROS s&rsquo;organisent partout en Suisse, aussi en langue allemande, en langue italienne, et, pour une partie des cours, en langue anglaise.<\/p>\n<p>Il existe un grand choix de formations dans tous les domaines, de tout type, de courte et de longue dur\u00e9e. Afin de vous guider \u00e0 vous orienter \u2013 voil\u00e0 un outil qui pourrait vous aider \u00e0 faire votre choix:<\/p>\n<ol>\n<li>Faites un point de la situation: Quelle est votre motivation? Pour quelles raisons voulez-vous vous former? Aimeriez-vous acqu\u00e9rir un d\u00e9veloppement professionnel ou personnel?<\/li>\n<li>Formulez vos objectifs: Quel est le but de votre formation? Que voulez- vous atteindre par cette formation?<\/li>\n<li>Cherchez des offres et faites un premier choix: Quelles offres existent? Lesquelles sont les plus r\u00e9alisables pour vous (v. conditions cadre, travail, horaires, famille, finances)?<\/li>\n<li>Choisissez votre formation\u2026<\/li>\n<li>Optimisez votre situation de d\u00e9part: \u00c9tudiez les techniques<\/li>\n<li>d\u2019apprentissage, du management du temps, votre environnement\u00a0 professionnel et priv\u00e9, etc. Quand et comment allez-vous travailler et r\u00e9p\u00e9ter? Qui pourrait vous aider? Quand et \u00e0 quel sujet?<\/li>\n<li>D\u00e9butez votre formation et bon succ\u00e8s!<strong><br \/>\n<\/strong><\/li>\n<\/ol>\n<p><em>Source: \u00ab Lust auf Weiterbildung \u00bb, Regula Zellweger (traduction)<\/em><\/p>\n<p>&nbsp;<\/p>\n<p>&nbsp;<\/p>\n<p>Lieux des cours:<\/p>\n<p>Bern, Biel, Solohurn, Murten, Freiburg, Basel, Olten, Luzern, Z\u00fcrich-Altstetten, Bienne, Yverdon, Morat, Fribourg, Vevey, Lausanne, Bellinzona et Lugano[\/vc_column_text][\/vc_column][vc_column column_padding=\u00a0\u00bbno-extra-padding\u00a0\u00bb column_padding_position=\u00a0\u00bball\u00a0\u00bb background_color_opacity=\u00a0\u00bb1&Prime; background_hover_color_opacity=\u00a0\u00bb1&Prime; column_link_target=\u00a0\u00bb_self\u00a0\u00bb column_shadow=\u00a0\u00bbnone\u00a0\u00bb column_border_radius=\u00a0\u00bbnone\u00a0\u00bb width=\u00a0\u00bb1\/4&Prime; tablet_width_inherit=\u00a0\u00bbdefault\u00a0\u00bb tablet_text_alignment=\u00a0\u00bbdefault\u00a0\u00bb phone_text_alignment=\u00a0\u00bbdefault\u00a0\u00bb column_border_width=\u00a0\u00bbnone\u00a0\u00bb column_border_style=\u00a0\u00bbsolid\u00a0\u00bb bg_image_animation=\u00a0\u00bbnone\u00a0\u00bb offset=\u00a0\u00bbvc_hidden-sm vc_hidden-xs\u00a0\u00bb][\/vc_column][\/vc_row]\n","protected":false},"excerpt":{"rendered":"<p>[vc_row type=\u00a0\u00bbfull_width_background\u00a0\u00bb full_screen_row_position=\u00a0\u00bbmiddle\u00a0\u00bb bg_image=\u00a0\u00bb357&Prime; bg_position=\u00a0\u00bbcenter center\u00a0\u00bb bg_repeat=\u00a0\u00bbno-repeat\u00a0\u00bb bg_color=\u00a0\u00bb#333333&Prime; scene_position=\u00a0\u00bbcenter\u00a0\u00bb video_bg=\u00a0\u00bbuse_video\u00a0\u00bb text_color=\u00a0\u00bblight\u00a0\u00bb text_align=\u00a0\u00bbleft\u00a0\u00bb top_padding=\u00a0\u00bb13%\u00a0\u00bb bottom_padding=\u00a0\u00bb13%\u00a0\u00bb color_overlay=\u00a0\u00bb#0a0a0a\u00a0\u00bb overlay_strength=\u00a0\u00bb0.5&Prime; shape_divider_position=\u00a0\u00bbbottom\u00a0\u00bb bg_image_animation=\u00a0\u00bbnone\u00a0\u00bb parallax_bg=\u00a0\u00bbtrue\u00a0\u00bb parallax_bg_speed=\u00a0\u00bbfast\u00a0\u00bb video_mute=\u00a0\u00bbtrue\u00a0\u00bb shape_type=\u00a0\u00bb\u00a0\u00bb][vc_column column_padding=\u00a0\u00bbno-extra-padding\u00a0\u00bb column_padding_position=\u00a0\u00bball\u00a0\u00bb background_color_opacity=\u00a0\u00bb1&Prime; background_hover_color_opacity=\u00a0\u00bb1&Prime; column_link_target=\u00a0\u00bb_self\u00a0\u00bb column_shadow=\u00a0\u00bbnone\u00a0\u00bb column_border_radius=\u00a0\u00bbnone\u00a0\u00bb width=\u00a0\u00bb2\/3&Prime;&#8230;<\/p>\n","protected":false},"author":1,"featured_media":0,"parent":0,"menu_order":0,"comment_status":"closed","ping_status":"closed","template":"","meta":[],"_links":{"self":[{"href":"https:\/\/kairos-academy.ch\/fr\/wp-json\/wp\/v2\/pages\/906"}],"collection":[{"href":"https:\/\/kairos-academy.ch\/fr\/wp-json\/wp\/v2\/pages"}],"about":[{"href":"https:\/\/kairos-academy.ch\/fr\/wp-json\/wp\/v2\/types\/page"}],"author":[{"embeddable":true,"href":"https:\/\/kairos-academy.ch\/fr\/wp-json\/wp\/v2\/users\/1"}],"replies":[{"embeddable":true,"href":"https:\/\/kairos-academy.ch\/fr\/wp-json\/wp\/v2\/comments?post=906"}],"version-history":[{"count":6,"href":"https:\/\/kairos-academy.ch\/fr\/wp-json\/wp\/v2\/pages\/906\/revisions"}],"predecessor-version":[{"id":1671,"href":"https:\/\/kairos-academy.ch\/fr\/wp-json\/wp\/v2\/pages\/906\/revisions\/1671"}],"wp:attachment":[{"href":"https:\/\/kairos-academy.ch\/fr\/wp-json\/wp\/v2\/media?parent=906"}],"curies":[{"name":"wp","href":"https:\/\/api.w.org\/{rel}","templated":true}]}}