{"id":1638,"date":"2021-11-27T18:26:32","date_gmt":"2021-11-27T18:26:32","guid":{"rendered":"https:\/\/seeland.dev.mxm.agency\/?page_id=1638"},"modified":"2022-11-23T13:12:37","modified_gmt":"2022-11-23T11:12:37","slug":"assicurazione","status":"publish","type":"page","link":"https:\/\/kairos-academy.ch\/it\/assicurazione\/","title":{"rendered":"Assicurazione"},"content":{"rendered":"[vc_row type=&#8221;full_width_background&#8221; full_screen_row_position=&#8221;middle&#8221; column_margin=&#8221;default&#8221; column_direction=&#8221;default&#8221; column_direction_tablet=&#8221;default&#8221; column_direction_phone=&#8221;default&#8221; bg_color=&#8221;#333333&#8243; bg_image=&#8221;414&#8243; bg_position=&#8221;center center&#8221; background_image_loading=&#8221;default&#8221; bg_repeat=&#8221;no-repeat&#8221; video_bg=&#8221;use_video&#8221; background_video_loading=&#8221;default&#8221; scene_position=&#8221;center&#8221; top_padding=&#8221;13%&#8221; bottom_padding=&#8221;13%&#8221; text_color=&#8221;light&#8221; text_align=&#8221;left&#8221; row_border_radius=&#8221;none&#8221; row_border_radius_applies=&#8221;bg&#8221; overflow=&#8221;visible&#8221; color_overlay=&#8221;#0a0a0a&#8221; overlay_strength=&#8221;0.5&#8243; gradient_direction=&#8221;left_to_right&#8221; shape_divider_position=&#8221;bottom&#8221; bg_image_animation=&#8221;none&#8221; parallax_bg=&#8221;true&#8221; parallax_bg_speed=&#8221;fast&#8221; video_mute=&#8221;true&#8221; shape_type=&#8221;&#8221;][vc_column column_padding=&#8221;no-extra-padding&#8221; column_padding_tablet=&#8221;inherit&#8221; column_padding_phone=&#8221;inherit&#8221; column_padding_position=&#8221;all&#8221; column_element_spacing=&#8221;default&#8221; background_color_opacity=&#8221;1&#8243; background_hover_color_opacity=&#8221;1&#8243; column_shadow=&#8221;none&#8221; column_border_radius=&#8221;none&#8221; column_link_target=&#8221;_self&#8221; column_position=&#8221;default&#8221; gradient_direction=&#8221;left_to_right&#8221; overlay_strength=&#8221;0.3&#8243; width=&#8221;2\/3&#8243; tablet_width_inherit=&#8221;default&#8221; tablet_text_alignment=&#8221;default&#8221; phone_text_alignment=&#8221;default&#8221; animation_type=&#8221;default&#8221; bg_image_animation=&#8221;none&#8221; border_type=&#8221;simple&#8221; column_border_width=&#8221;none&#8221; column_border_style=&#8221;solid&#8221;][vc_column_text]\n<h1><strong>Interruzione del corso e assicurazione per l\u2019annullamento <\/strong><\/h1>\n[\/vc_column_text][vc_row_inner column_margin=&#8221;default&#8221; column_direction=&#8221;default&#8221; column_direction_tablet=&#8221;default&#8221; column_direction_phone=&#8221;default&#8221; text_align=&#8221;left&#8221; row_position=&#8221;default&#8221; row_position_tablet=&#8221;inherit&#8221; row_position_phone=&#8221;inherit&#8221; overflow=&#8221;visible&#8221; pointer_events=&#8221;all&#8221;][vc_column_inner column_padding=&#8221;no-extra-padding&#8221; column_padding_tablet=&#8221;inherit&#8221; column_padding_phone=&#8221;inherit&#8221; column_padding_position=&#8221;all&#8221; column_element_spacing=&#8221;default&#8221; background_color_opacity=&#8221;1&#8243; background_hover_color_opacity=&#8221;1&#8243; column_shadow=&#8221;none&#8221; column_border_radius=&#8221;none&#8221; column_link_target=&#8221;_self&#8221; gradient_direction=&#8221;left_to_right&#8221; overlay_strength=&#8221;0.3&#8243; width=&#8221;1\/1&#8243; tablet_width_inherit=&#8221;default&#8221; animation_type=&#8221;default&#8221; enable_animation=&#8221;true&#8221; animation=&#8221;fade-in-from-bottom&#8221; bg_image_animation=&#8221;none&#8221; border_type=&#8221;simple&#8221; column_border_width=&#8221;none&#8221; column_border_style=&#8221;solid&#8221; delay=&#8221;300&#8243;][vc_custom_heading text=&#8221;Assicurazione per l&#8217;annullamento in caso dell&#8217;interruzione del corso&#8221; font_container=&#8221;tag:p|text_align:left|color:rgba(255%2C255%2C255%2C0.7)&#8221; use_theme_fonts=&#8221;yes&#8221;][\/vc_column_inner][\/vc_row_inner][\/vc_column][vc_column column_padding=&#8221;no-extra-padding&#8221; column_padding_tablet=&#8221;inherit&#8221; column_padding_phone=&#8221;inherit&#8221; column_padding_position=&#8221;all&#8221; column_element_spacing=&#8221;default&#8221; background_color_opacity=&#8221;1&#8243; background_hover_color_opacity=&#8221;1&#8243; column_shadow=&#8221;none&#8221; column_border_radius=&#8221;none&#8221; column_link_target=&#8221;_self&#8221; column_position=&#8221;default&#8221; gradient_direction=&#8221;left_to_right&#8221; overlay_strength=&#8221;0.3&#8243; width=&#8221;1\/3&#8243; tablet_width_inherit=&#8221;default&#8221; tablet_text_alignment=&#8221;default&#8221; phone_text_alignment=&#8221;default&#8221; animation_type=&#8221;default&#8221; bg_image_animation=&#8221;none&#8221; border_type=&#8221;simple&#8221; column_border_width=&#8221;none&#8221; column_border_style=&#8221;solid&#8221;][\/vc_column][\/vc_row][vc_row type=&#8221;in_container&#8221; full_screen_row_position=&#8221;middle&#8221; column_margin=&#8221;default&#8221; column_direction=&#8221;default&#8221; column_direction_tablet=&#8221;default&#8221; column_direction_phone=&#8221;default&#8221; scene_position=&#8221;center&#8221; top_padding=&#8221;5%&#8221; bottom_padding=&#8221;3%&#8221; text_color=&#8221;dark&#8221; text_align=&#8221;left&#8221; row_border_radius=&#8221;none&#8221; row_border_radius_applies=&#8221;bg&#8221; overflow=&#8221;visible&#8221; overlay_strength=&#8221;0.3&#8243; gradient_direction=&#8221;left_to_right&#8221; shape_divider_position=&#8221;bottom&#8221; bg_image_animation=&#8221;none&#8221; shape_type=&#8221;&#8221;][vc_column column_padding=&#8221;no-extra-padding&#8221; column_padding_tablet=&#8221;inherit&#8221; column_padding_phone=&#8221;inherit&#8221; column_padding_position=&#8221;all&#8221; column_element_spacing=&#8221;default&#8221; background_color_opacity=&#8221;1&#8243; background_hover_color_opacity=&#8221;1&#8243; column_shadow=&#8221;none&#8221; column_border_radius=&#8221;none&#8221; column_link_target=&#8221;_self&#8221; column_position=&#8221;default&#8221; gradient_direction=&#8221;left_to_right&#8221; overlay_strength=&#8221;0.3&#8243; width=&#8221;3\/4&#8243; tablet_width_inherit=&#8221;default&#8221; tablet_text_alignment=&#8221;default&#8221; phone_text_alignment=&#8221;default&#8221; animation_type=&#8221;default&#8221; bg_image_animation=&#8221;none&#8221; border_type=&#8221;simple&#8221; column_border_width=&#8221;none&#8221; column_border_style=&#8221;solid&#8221;][vc_custom_heading text=&#8221;Optate per una maggiore sicurezza e stipulate un&#8217;assicurazione&#8221; font_container=&#8221;tag:h2|font_size:24|text_align:left|line_height:52px&#8221; use_theme_fonts=&#8221;yes&#8221;][vc_column_text css=&#8221;.vc_custom_1669201682067{margin-top: 30px !important;margin-bottom: 30px !important;}&#8221;]\n<h5><strong>Qualche informazione di base riguardo alle interruzioni dei corsi<\/strong><\/h5>\n<p>&nbsp;<\/p>\n<p>Le condizioni generali di KAIROS sono trasparenti e le descrizioni dei corsi chiare e complete. Attraverso la vostra iscrizione, voi accettate queste condizioni. Ci\u00f2 malgrado, \u00e8 possibile che si presentino degli imprevisti durante il vostro corso di formazione, oppure che avvengano dei cambiamenti nella vostra vita professionale o privata.<\/p>\n<p>In aggiunta, anche se le condizioni per i contratti a pagamento rateizzati sono precisati nella rispettiva documentazione, i programmi, il numero di lezioni, cos\u00ec come le prestazioni, sono comprese nel costo della formazione e vengono comunicate ai partecipanti, nel momento della loro iscrizione. I formatori e le formatrici erogano con costanza i propri corsi e tengono colloqui di consulenza per programmi personalizzati. In aggiunta si svolgono regolarmente serate informative e si tengono sempre aggiornati gli studenti sulle novit\u00e0 e i cambiamenti in atto, dal momento che non tutto pu\u00f2 essere previsto e calcolato. Un percorso di formazione \u00e8 come una camminata in montagna \u2013 \u00e8 possibile che si presentino degli imprevisti: il cammino scelto non pu\u00f2 essere momentaneamente percorso, una tempesta si sta preparando, eccetera.<\/p>\n<p>Durante tutta la durata del corso, la segreteria (guida di montagna) \u00e8 a disposizione degli studenti per rispondere a tutte le loro domande.<\/p>\n<p>Per la vostra sicurezza, tutte le formatrici e i formatori dispongono o di un certificato rilasciato dalla Confederazione Svizzera per l\u2019insegnamento degli adulti FSEA o di un attestato federale di formatrice o di formatore. Inoltre, essi devo aver dato prova di avere un buon senso critico e di apertura al dialogo, indipendentemente dallo stato di avanzamento del corso di formazione, durante le diverse visite pratiche effettuate nel quadro del loro riconoscimento ufficiale.<\/p>\n<p>Le prestazioni erogate sono di conseguenza di alta qualit\u00e0 e adeguate all\u2019insegnamento degli adulti. I tassi di riuscita si attestano tra i migliori. KAIROS sostiene una comunicazione aperta. I gruppi di lavoro della segreteria centrale dei corsi si impegnano a mantenere tutte le prestazioni ad un livello molto elevato e tutte le loro azioni sono orientate alla risoluzione dei problemi.<\/p>\n<p>Se per le ragioni pi\u00f9 disparate o per cause di forza maggiore un\u2019interruzione del corso dovesse palesarsi, ne saremmo seriamente rammaricati, dal momento che le interruzioni del corso non sono di norma ammissibili, come indicato nelle CGV. In caso di dubbi o se avete necessit\u00e0 di presentare una rimostranza, la segreteria dei corsi \u00e8 disponibile durante gli orari d\u2019apertura. I reclami che ci pervengono in ritardo, come, ad esempio, prima o dopo la fine del corso o degli esami, non possono, per le ragioni succitate, essere presi in considerazione.[vc_row][vc_column width=&#8221;1\/1&#8243;][vc_column_text]\n<p>&nbsp;[\/vc_column_text][\/vc_column][\/vc_row][vc_column column_padding=&#8221;no-extra-padding&#8221; column_padding_tablet=&#8221;inherit&#8221; column_padding_phone=&#8221;inherit&#8221; column_padding_position=&#8221;all&#8221; column_element_spacing=&#8221;default&#8221; background_color_opacity=&#8221;1&#8243; background_hover_color_opacity=&#8221;1&#8243; column_shadow=&#8221;none&#8221; column_border_radius=&#8221;none&#8221; column_link_target=&#8221;_self&#8221; column_position=&#8221;default&#8221; gradient_direction=&#8221;left_to_right&#8221; overlay_strength=&#8221;0.3&#8243; width=&#8221;1\/4&#8243; tablet_width_inherit=&#8221;default&#8221; tablet_text_alignment=&#8221;default&#8221; phone_text_alignment=&#8221;default&#8221; animation_type=&#8221;default&#8221; bg_image_animation=&#8221;none&#8221; border_type=&#8221;simple&#8221; column_border_width=&#8221;none&#8221; column_border_style=&#8221;solid&#8221; offset=&#8221;vc_hidden-sm vc_hidden-xs&#8221;][\/vc_column][vc_row type=&#8221;in_container&#8221; full_screen_row_position=&#8221;middle&#8221; column_margin=&#8221;default&#8221; column_direction=&#8221;default&#8221; column_direction_tablet=&#8221;default&#8221; column_direction_phone=&#8221;default&#8221; scene_position=&#8221;center&#8221; text_color=&#8221;dark&#8221; text_align=&#8221;left&#8221; row_border_radius=&#8221;none&#8221; row_border_radius_applies=&#8221;bg&#8221; overflow=&#8221;visible&#8221; overlay_strength=&#8221;0.3&#8243; gradient_direction=&#8221;left_to_right&#8221; shape_divider_position=&#8221;bottom&#8221; bg_image_animation=&#8221;none&#8221;][vc_column column_padding=&#8221;no-extra-padding&#8221; column_padding_tablet=&#8221;inherit&#8221; column_padding_phone=&#8221;inherit&#8221; column_padding_position=&#8221;all&#8221; column_element_spacing=&#8221;default&#8221; background_color_opacity=&#8221;1&#8243; background_hover_color_opacity=&#8221;1&#8243; column_shadow=&#8221;none&#8221; column_border_radius=&#8221;none&#8221; column_link_target=&#8221;_self&#8221; column_position=&#8221;default&#8221; gradient_direction=&#8221;left_to_right&#8221; overlay_strength=&#8221;0.3&#8243; width=&#8221;1\/1&#8243; tablet_width_inherit=&#8221;default&#8221; tablet_text_alignment=&#8221;default&#8221; phone_text_alignment=&#8221;default&#8221; animation_type=&#8221;default&#8221; bg_image_animation=&#8221;none&#8221; border_type=&#8221;simple&#8221; column_border_width=&#8221;none&#8221; column_border_style=&#8221;solid&#8221;][vc_column_text]&nbsp;[\/vc_column_text][\/vc_column][\/vc_row]\n","protected":false},"excerpt":{"rendered":"<p>[vc_row type=&#8221;full_width_background&#8221; full_screen_row_position=&#8221;middle&#8221; column_margin=&#8221;default&#8221; column_direction=&#8221;default&#8221; column_direction_tablet=&#8221;default&#8221; column_direction_phone=&#8221;default&#8221; bg_color=&#8221;#333333&#8243; bg_image=&#8221;414&#8243; bg_position=&#8221;center center&#8221; background_image_loading=&#8221;default&#8221; bg_repeat=&#8221;no-repeat&#8221; video_bg=&#8221;use_video&#8221; background_video_loading=&#8221;default&#8221; scene_position=&#8221;center&#8221; top_padding=&#8221;13%&#8221; bottom_padding=&#8221;13%&#8221; text_color=&#8221;light&#8221; text_align=&#8221;left&#8221; row_border_radius=&#8221;none&#8221; row_border_radius_applies=&#8221;bg&#8221; overflow=&#8221;visible&#8221; color_overlay=&#8221;#0a0a0a&#8221; overlay_strength=&#8221;0.5&#8243; gradient_direction=&#8221;left_to_right&#8221; shape_divider_position=&#8221;bottom&#8221; bg_image_animation=&#8221;none&#8221; parallax_bg=&#8221;true&#8221; parallax_bg_speed=&#8221;fast&#8221;&#8230;<\/p>\n","protected":false},"author":5,"featured_media":0,"parent":0,"menu_order":0,"comment_status":"closed","ping_status":"closed","template":"","meta":[],"_links":{"self":[{"href":"https:\/\/kairos-academy.ch\/it\/wp-json\/wp\/v2\/pages\/1638"}],"collection":[{"href":"https:\/\/kairos-academy.ch\/it\/wp-json\/wp\/v2\/pages"}],"about":[{"href":"https:\/\/kairos-academy.ch\/it\/wp-json\/wp\/v2\/types\/page"}],"author":[{"embeddable":true,"href":"https:\/\/kairos-academy.ch\/it\/wp-json\/wp\/v2\/users\/5"}],"replies":[{"embeddable":true,"href":"https:\/\/kairos-academy.ch\/it\/wp-json\/wp\/v2\/comments?post=1638"}],"version-history":[{"count":6,"href":"https:\/\/kairos-academy.ch\/it\/wp-json\/wp\/v2\/pages\/1638\/revisions"}],"predecessor-version":[{"id":3478,"href":"https:\/\/kairos-academy.ch\/it\/wp-json\/wp\/v2\/pages\/1638\/revisions\/3478"}],"wp:attachment":[{"href":"https:\/\/kairos-academy.ch\/it\/wp-json\/wp\/v2\/media?parent=1638"}],"curies":[{"name":"wp","href":"https:\/\/api.w.org\/{rel}","templated":true}]}}