{"id":1647,"date":"2021-11-27T18:49:35","date_gmt":"2021-11-27T18:49:35","guid":{"rendered":"https:\/\/seeland.dev.mxm.agency\/?page_id=1647"},"modified":"2022-08-21T22:41:04","modified_gmt":"2022-08-21T22:41:04","slug":"concetto-di-formazione","status":"publish","type":"page","link":"https:\/\/kairos-academy.ch\/it\/concetto-di-formazione\/","title":{"rendered":"Concetto di formazione"},"content":{"rendered":"[vc_row type=&#8221;full_width_background&#8221; full_screen_row_position=&#8221;middle&#8221; bg_image=&#8221;395&#8243; bg_position=&#8221;center center&#8221; bg_repeat=&#8221;no-repeat&#8221; bg_color=&#8221;#333333&#8243; scene_position=&#8221;center&#8221; video_bg=&#8221;use_video&#8221; text_color=&#8221;light&#8221; text_align=&#8221;left&#8221; top_padding=&#8221;13%&#8221; bottom_padding=&#8221;13%&#8221; color_overlay=&#8221;#0a0a0a&#8221; overlay_strength=&#8221;0.5&#8243; shape_divider_position=&#8221;bottom&#8221; bg_image_animation=&#8221;none&#8221; parallax_bg=&#8221;true&#8221; parallax_bg_speed=&#8221;fast&#8221; video_mute=&#8221;true&#8221; shape_type=&#8221;&#8221;][vc_column column_padding=&#8221;no-extra-padding&#8221; column_padding_position=&#8221;all&#8221; background_color_opacity=&#8221;1&#8243; background_hover_color_opacity=&#8221;1&#8243; column_link_target=&#8221;_self&#8221; column_shadow=&#8221;none&#8221; column_border_radius=&#8221;none&#8221; width=&#8221;2\/3&#8243; tablet_width_inherit=&#8221;default&#8221; tablet_text_alignment=&#8221;default&#8221; phone_text_alignment=&#8221;default&#8221; column_border_width=&#8221;none&#8221; column_border_style=&#8221;solid&#8221; bg_image_animation=&#8221;none&#8221;][vc_column_text]\n<h1><strong>&#8220;Social Blended Learning&#8221;, un concetto di successo <\/strong><\/h1>\n[\/vc_column_text][vc_row_inner column_margin=&#8221;default&#8221; text_align=&#8221;left&#8221;][vc_column_inner column_padding=&#8221;no-extra-padding&#8221; column_padding_position=&#8221;all&#8221; background_color_opacity=&#8221;1&#8243; background_hover_color_opacity=&#8221;1&#8243; column_shadow=&#8221;none&#8221; column_border_radius=&#8221;none&#8221; column_link_target=&#8221;_self&#8221; width=&#8221;1\/1&#8243; tablet_width_inherit=&#8221;default&#8221; column_border_width=&#8221;none&#8221; column_border_style=&#8221;solid&#8221; bg_image_animation=&#8221;none&#8221; enable_animation=&#8221;true&#8221; animation=&#8221;fade-in-from-bottom&#8221; delay=&#8221;300&#8243;][vc_custom_heading 1=&#8221;Jahre&#8221; 2=&#8221;Erfahrung&#8221; 3=&#8221;mit&#8221; 4=&#8221;der&#8221; 5=&#8221;Blended Learning&#8221; 6=&#8221;Lernmethode.&#8220;&#8221; text=&#8221;Riscoperta del proprio potenziale &#8221; font_container=&#8221;tag:p|text_align:left|color:rgba(255%2C255%2C255%2C0.7)&#8221; use_theme_fonts=&#8221;yes&#8221;][\/vc_column_inner][\/vc_row_inner][\/vc_column][vc_column column_padding=&#8221;no-extra-padding&#8221; column_padding_position=&#8221;all&#8221; background_color_opacity=&#8221;1&#8243; background_hover_color_opacity=&#8221;1&#8243; column_link_target=&#8221;_self&#8221; column_shadow=&#8221;none&#8221; column_border_radius=&#8221;none&#8221; width=&#8221;1\/3&#8243; tablet_width_inherit=&#8221;default&#8221; tablet_text_alignment=&#8221;default&#8221; phone_text_alignment=&#8221;default&#8221; column_border_width=&#8221;none&#8221; column_border_style=&#8221;solid&#8221; bg_image_animation=&#8221;none&#8221;][\/vc_column][\/vc_row][vc_row type=&#8221;in_container&#8221; full_screen_row_position=&#8221;middle&#8221; scene_position=&#8221;center&#8221; text_color=&#8221;dark&#8221; text_align=&#8221;left&#8221; top_padding=&#8221;5%&#8221; bottom_padding=&#8221;3%&#8221; overlay_strength=&#8221;0.3&#8243; shape_divider_position=&#8221;bottom&#8221; bg_image_animation=&#8221;none&#8221; shape_type=&#8221;&#8221;][vc_column column_padding=&#8221;no-extra-padding&#8221; column_padding_position=&#8221;all&#8221; background_color_opacity=&#8221;1&#8243; background_hover_color_opacity=&#8221;1&#8243; column_link_target=&#8221;_self&#8221; column_shadow=&#8221;none&#8221; column_border_radius=&#8221;none&#8221; width=&#8221;3\/4&#8243; tablet_width_inherit=&#8221;default&#8221; tablet_text_alignment=&#8221;default&#8221; phone_text_alignment=&#8221;default&#8221; column_border_width=&#8221;none&#8221; column_border_style=&#8221;solid&#8221; bg_image_animation=&#8221;none&#8221;][vc_custom_heading text=&#8221;Insegnamento orientato allo sviluppo delle competenze&#8221; font_container=&#8221;tag:h2|font_size:24|text_align:left|line_height:52px&#8221; use_theme_fonts=&#8221;yes&#8221;][vc_column_text css=&#8221;.vc_custom_1586798965071{margin-top: 30px !important;margin-bottom: 30px !important;}&#8221;]Dietro questo termine inglese si nasconde, infatti, un principio abbastanza semplice. Le \u00ab Best Practice \u00bb che sostengono l\u2019interazione sociale e lo scambio costruttivo di esperienze e il \u00ab Blended Learning \u00bb che combina metodi d\u2019apprendimento classici con metodi innovativi; ci\u00f2 che si traduce nei corsi presenziali, nel lavoro a gruppi, nell\u2019utilizzo di piattaforme ibride e interattive, e altre modalit\u00e0 didattiche. Grazie alle ultime scoperte sul funzionamento del cervello durante l\u2019apprendimento e l\u2019acquisizione di conoscenze, \u00e8 diventato pi\u00f9 facile al giorno d\u2019oggi colmare le lacune in termini di processi di sviluppo individuali per raggiungere le qualifiche e i titoli di studio desiderati. Le nuove tecnologie apportano ugualmente un contributo importante. In tal senso, ogni studente potr\u00e0 imparare secondo il suo ritmo beneficiando dell\u2019accompagnamento di un formatore o assistente che sar\u00e0 in grado di comprendere, attraverso l\u2019impiego di questi metodi, il livello di ciascuno, di seguire i progressi individuali e apportare il sostegno necessario.<\/p>\n<p>Per tutti questi motivi KAIROS \u00e8 tra i fornitori di prestazioni in ambito formativo pi\u00f9 all\u2019avanguardia in Svizzera e privilegia l\u2019apprendimento misto. Quest\u2019ultimo consiste nell\u2019alternanza tra periodi di corsi in presenza a periodi di lavoro sulla base di strumenti digitali tra i pi\u00f9 disparati o altri metodi idonei all\u2019apprendimento, dal momento che essi sono caldamente raccomandati anche dalla Federazione Svizzera per l\u2019Insegnamento agli Adulti FSEA.<\/p>\n<p>I programmi di formazione continua preparano a diplomi e attestati federali che comprendono di fatto numerose attivit\u00e0 &#8220;Blended Learning&#8221;. Questa scelta didattica ha come obiettivo quello di mettere a disposizione degli studenti corsi con metodi di apprendimento multipli, andando a soddisfare esigenze in termini di supporto e valutazione al pari se non pi\u00f9 elevate rispetto a quelle dei corsi regolari. Gli studenti avranno la facolt\u00e0 di scegliere anche i metodi che pi\u00f9 si confanno al loro modo di apprendere, ci\u00f2 che permetter\u00e0 loro, inoltre, di lavorare o riguardare le lezioni agevolmente per conto proprio e quando lo desiderano.<\/p>\n<p>La modalit\u00e0 di erogazione dei corsi, da KAIROS, si declina nell\u2019impiego di pi\u00f9 risorse : 1) \u00a0Video-lezioni, a volte suddivisi in sequenze, 2) Questionari, quiz ed esercizi per valutare le conoscenze degli studenti e permettere loro di attestare le proprie competenze, 3) Accompagnamento personalizzato dei partecipanti attraverso un dispositivo di corrispondenza e-mail, Moodle o un forum di discussione su Skype o Zoom, 4) Visite organizzate, che comprendono da un lato (secondo il tipo di formazione), visite presso aziende o associazioni, e dall\u2019altro lato la partecipazione a manifestazioni ed eventi, per arricchire le conoscenze degli studenti e orientarli verso le tendenze ed evoluzioni in corso, 5) Progetti multimediali, per incentivare lo sviluppo del pensiero integrato e l\u2019autonomia, 6) Case Study, per sviluppare le competenze pratiche e i saperi tecnici individuali.<\/p>\n<p>Ideato sin dall\u2019inizio e concretizzato durante tutti questi anni dai formatori o assistenti di KAIROS, l&#8217;approccio basato sul concetto \u00abSocial Blended Learning\u00bb ha dato i suoi frutti. Numerosi studenti che hanno fatto un\u2019esperienza molto positiva con la variet\u00e0 di metodi proposti durante i percorsi di formazione seguiti, hanno talvolta anche scoperto e sviluppato nuovi potenziali d\u2019apprendimento.<\/p>\n<h5><strong>Il futuro della formazione<\/strong><\/h5>\n<p>Questi sistemi di apprendimento misti e combinati sono i metodi chiave del mondo della formazione futura. Per i progetti da eseguire, figurano le tematiche seguenti: tandem di studenti per l\u2019apprendimento collaborativo, proposta di una piattaforma sociale per lo scambio di esperienze con la supervisione di esperti, creazione e miglioramento delle piattaforme digitali a disposizione degli studenti, elaborazione e design di nuovi ambienti di apprendimento, eccetera. Ben inteso, si tratta di sfide complesse ed esigenti che richiedono nuove idee, una vera motivazione cos\u00ec come una predisposizione al cambiamento.<\/p>\n<p>&nbsp;<\/p>\n<p><strong>Oggi siamo fieri di poter contare, grazie a questi concetti di successo, pi\u00f9 di 50 formazioni preparatorie basate sul \u00abSocial Blended Learning\u00bb, realizzate praticamente tutte in tre lingue (tedesco, francese e italiano) e presenti in numerose regioni svizzere.<\/strong>[\/vc_column_text][\/vc_column][vc_column column_padding=&#8221;no-extra-padding&#8221; column_padding_position=&#8221;all&#8221; background_color_opacity=&#8221;1&#8243; background_hover_color_opacity=&#8221;1&#8243; column_link_target=&#8221;_self&#8221; column_shadow=&#8221;none&#8221; column_border_radius=&#8221;none&#8221; width=&#8221;1\/4&#8243; tablet_width_inherit=&#8221;default&#8221; tablet_text_alignment=&#8221;default&#8221; phone_text_alignment=&#8221;default&#8221; column_border_width=&#8221;none&#8221; column_border_style=&#8221;solid&#8221; bg_image_animation=&#8221;none&#8221; offset=&#8221;vc_hidden-sm vc_hidden-xs&#8221;][\/vc_column][\/vc_row]\n<p>&nbsp;<\/p>\n","protected":false},"excerpt":{"rendered":"<p>[vc_row type=&#8221;full_width_background&#8221; full_screen_row_position=&#8221;middle&#8221; bg_image=&#8221;395&#8243; bg_position=&#8221;center center&#8221; bg_repeat=&#8221;no-repeat&#8221; bg_color=&#8221;#333333&#8243; scene_position=&#8221;center&#8221; video_bg=&#8221;use_video&#8221; text_color=&#8221;light&#8221; text_align=&#8221;left&#8221; top_padding=&#8221;13%&#8221; bottom_padding=&#8221;13%&#8221; color_overlay=&#8221;#0a0a0a&#8221; overlay_strength=&#8221;0.5&#8243; shape_divider_position=&#8221;bottom&#8221; bg_image_animation=&#8221;none&#8221; parallax_bg=&#8221;true&#8221; parallax_bg_speed=&#8221;fast&#8221; video_mute=&#8221;true&#8221; shape_type=&#8221;&#8221;][vc_column column_padding=&#8221;no-extra-padding&#8221; column_padding_position=&#8221;all&#8221; background_color_opacity=&#8221;1&#8243; background_hover_color_opacity=&#8221;1&#8243; column_link_target=&#8221;_self&#8221; column_shadow=&#8221;none&#8221; column_border_radius=&#8221;none&#8221; width=&#8221;2\/3&#8243;&#8230;<\/p>\n","protected":false},"author":5,"featured_media":0,"parent":0,"menu_order":0,"comment_status":"closed","ping_status":"closed","template":"","meta":[],"_links":{"self":[{"href":"https:\/\/kairos-academy.ch\/it\/wp-json\/wp\/v2\/pages\/1647"}],"collection":[{"href":"https:\/\/kairos-academy.ch\/it\/wp-json\/wp\/v2\/pages"}],"about":[{"href":"https:\/\/kairos-academy.ch\/it\/wp-json\/wp\/v2\/types\/page"}],"author":[{"embeddable":true,"href":"https:\/\/kairos-academy.ch\/it\/wp-json\/wp\/v2\/users\/5"}],"replies":[{"embeddable":true,"href":"https:\/\/kairos-academy.ch\/it\/wp-json\/wp\/v2\/comments?post=1647"}],"version-history":[{"count":3,"href":"https:\/\/kairos-academy.ch\/it\/wp-json\/wp\/v2\/pages\/1647\/revisions"}],"predecessor-version":[{"id":2339,"href":"https:\/\/kairos-academy.ch\/it\/wp-json\/wp\/v2\/pages\/1647\/revisions\/2339"}],"wp:attachment":[{"href":"https:\/\/kairos-academy.ch\/it\/wp-json\/wp\/v2\/media?parent=1647"}],"curies":[{"name":"wp","href":"https:\/\/api.w.org\/{rel}","templated":true}]}}