{"id":1984,"date":"2022-08-01T02:16:00","date_gmt":"2022-08-01T02:16:00","guid":{"rendered":"https:\/\/seeland.dev.mxm.agency\/?page_id=1984"},"modified":"2022-09-26T11:12:31","modified_gmt":"2022-09-26T11:12:31","slug":"specialista-del-commercio-internazionale-con-attestato-federale","status":"publish","type":"page","link":"https:\/\/kairos-academy.ch\/it\/specialista-del-commercio-internazionale-con-attestato-federale\/","title":{"rendered":"Specialista del commercio internazionale con attestato federale"},"content":{"rendered":"[vc_row type=&#8221;in_container&#8221; full_screen_row_position=&#8221;middle&#8221; scene_position=&#8221;center&#8221; text_color=&#8221;dark&#8221; text_align=&#8221;left&#8221; top_padding=&#8221;5%&#8221; overlay_strength=&#8221;0.3&#8243; shape_divider_position=&#8221;bottom&#8221; bg_image_animation=&#8221;none&#8221; shape_type=&#8221;&#8221;][vc_column column_padding=&#8221;no-extra-padding&#8221; column_padding_position=&#8221;all&#8221; background_color_opacity=&#8221;1&#8243; background_hover_color_opacity=&#8221;1&#8243; column_link_target=&#8221;_self&#8221; column_shadow=&#8221;none&#8221; column_border_radius=&#8221;none&#8221; width=&#8221;3\/4&#8243; tablet_width_inherit=&#8221;default&#8221; tablet_text_alignment=&#8221;default&#8221; phone_text_alignment=&#8221;default&#8221; column_border_width=&#8221;none&#8221; column_border_style=&#8221;solid&#8221; bg_image_animation=&#8221;none&#8221;][vc_custom_heading text=&#8221;Specialista del commercio internazionale con attestato federale&#8221; font_container=&#8221;tag:h2|font_size:42|text_align:left|line_height:52px&#8221; use_theme_fonts=&#8221;yes&#8221;][vc_column_text css=&#8221;.vc_custom_1590858315545{margin-top: 30px !important;margin-bottom: 30px !important;}&#8221;]Formazione continua per la qualificazione nel settore del comercio internazionale. I corsi preparano agli esami federali.[\/vc_column_text][\/vc_column][vc_column column_padding=&#8221;no-extra-padding&#8221; column_padding_position=&#8221;all&#8221; background_color_opacity=&#8221;1&#8243; background_hover_color_opacity=&#8221;1&#8243; column_link_target=&#8221;_self&#8221; column_shadow=&#8221;none&#8221; column_border_radius=&#8221;none&#8221; width=&#8221;1\/4&#8243; tablet_width_inherit=&#8221;default&#8221; tablet_text_alignment=&#8221;default&#8221; phone_text_alignment=&#8221;default&#8221; column_border_width=&#8221;none&#8221; column_border_style=&#8221;solid&#8221; bg_image_animation=&#8221;none&#8221; offset=&#8221;vc_hidden-sm vc_hidden-xs&#8221;][\/vc_column][\/vc_row][vc_row type=&#8221;full_width_background&#8221; full_screen_row_position=&#8221;middle&#8221; bg_color=&#8221;#ffffff&#8221; scene_position=&#8221;center&#8221; text_color=&#8221;dark&#8221; text_align=&#8221;left&#8221; bottom_padding=&#8221;3%&#8221; id=&#8221;core-features&#8221; row_name=&#8221;Core Features&#8221; overlay_strength=&#8221;0.3&#8243; shape_divider_position=&#8221;bottom&#8221; bg_image_animation=&#8221;none&#8221; shape_type=&#8221;&#8221;][vc_column centered_text=&#8221;true&#8221; column_padding=&#8221;no-extra-padding&#8221; column_padding_position=&#8221;all&#8221; background_color_opacity=&#8221;1&#8243; background_hover_color_opacity=&#8221;1&#8243; column_link_target=&#8221;_self&#8221; column_shadow=&#8221;none&#8221; column_border_radius=&#8221;none&#8221; width=&#8221;1\/1&#8243; tablet_width_inherit=&#8221;default&#8221; tablet_text_alignment=&#8221;default&#8221; phone_text_alignment=&#8221;default&#8221; column_border_width=&#8221;none&#8221; column_border_style=&#8221;solid&#8221; bg_image_animation=&#8221;none&#8221;][vc_row_inner column_margin=&#8221;default&#8221; text_align=&#8221;left&#8221;][vc_column_inner column_padding=&#8221;no-extra-padding&#8221; column_padding_position=&#8221;all&#8221; background_color_opacity=&#8221;1&#8243; background_hover_color_opacity=&#8221;1&#8243; column_shadow=&#8221;none&#8221; column_border_radius=&#8221;none&#8221; column_link_target=&#8221;_self&#8221; width=&#8221;3\/4&#8243; tablet_width_inherit=&#8221;default&#8221; column_border_width=&#8221;none&#8221; column_border_style=&#8221;solid&#8221; bg_image_animation=&#8221;none&#8221; enable_animation=&#8221;true&#8221; animation=&#8221;fade-in&#8221;][vc_column_text css=&#8221;.vc_custom_1563267436246{padding-bottom: 10px !important;}&#8221;]\n<h2 style=\"text-align: left;\">Descrizione della formazione<\/h2>\n[\/vc_column_text][vc_column_text css=&#8221;.vc_custom_1590858329528{margin-top: 30px !important;margin-bottom: 30px !important;}&#8221;]\n<div class=\"boxContent\">\n<p style=\"text-align: left;\">In qualit\u00e0 di Specialista del commercio internazionale con diploma federale, svolgerai tutte le attivit\u00e0 amministrative legate all&#8217;esportazione e\/o all&#8217;importazione di beni e servizi. Ti occuperai della preparazione dei Preparate i documenti che accompagnano una transazione commerciale (crediti bancari, contratti di assicurazione e di trasporto, formalit\u00e0 doganali, ecc.) e negoziate le condizioni (contratti, scadenze, sconti). Adotterai, inoltre, tutte le misure necessarie per coprire i rischi finanziari, ad esempio quando trattate con clienti nuovi o insicuri.<\/p>\n<p style=\"text-align: left;\">Nella tua funzione, dato che lavori a livello internazionale, una buona conoscenza delle lingue \u00e8 una risorsa importante. In qualit\u00e0 di interlocutore, lavori con professionisti di varie organizzazioni e istituzioni, come banche, assicurazioni, dogane, camere di commercio, uffici federali, referenti esteri, ecc.<\/p>\n<p style=\"text-align: left;\">Nelle grandi aziende, il lavoro \u00e8 solitamente segmentato e gli Specialisti del commercio internazionale svolgono solo operazioni relative a un&#8217;area specifica. In alcuni casi pu\u00f2 essere necessario un viaggio all&#8217;estero.<\/p>\n<p style=\"text-align: left;\">I tuoi compiti principali consistono nello svolgimento delle seguenti attivit\u00e0 :<\/p>\n<p style=\"text-align: left;\"><strong>Negoziazioni e trasporto: <\/strong>valutare le modalit\u00e0 di trasporto (ferroviario, aereo, stradale, marittimo, fluviale), scegliere quella pi\u00f9 adatta in base a costi, velocit\u00e0 di consegna, sicurezza, ecologia, ecc.; prendere gli ordini e stabilire un orario di consegna; assicurare le merci contro i rischi del trasporto (perdita, danneggiamento), contro eventuali danni ai prodotti prima della consegna (assicurazione di responsabilit\u00e0 civile); negoziare in diverse lingue e stipulare contratti di trasporto e stoccaggio per garantire la consegna della merce in tutto il mondo nelle migliori condizioni possibili; a volte affidare la consegna a uno spedizioniere; garantire la qualit\u00e0 dell&#8217;imballaggio e la conformit\u00e0 agli standard di imballaggio; informarsi sull&#8217;instradamento della merce, garantendo i tempi di consegna.<\/p>\n<p style=\"text-align: left;\"><strong>Garanzie e amministrazione: <\/strong>raccogliere informazioni sui mercati internazionali; valutare i rischi potenziali (rischi valutari, rischi politici, insolvenza, ecc.); richiedere garanzie finanziarie, redigere contratti; rispettare gli standard di qualit\u00e0 dei prodotti, le norme di origine, redigere o far redigere i relativi certificati; negoziare le migliori condizioni, ottenere garanzie; richiedere eventuali autorizzazioni (esportazione di armi o di attrezzature che possono essere utilizzate per la loro fabbricazione, di prodotti chimici specifici, ecc.; preparare i documenti doganali in base al paese di destinazione delle merci.<\/p>\n<\/div>\n[\/vc_column_text][\/vc_column_inner][vc_column_inner column_padding=&#8221;no-extra-padding&#8221; column_padding_position=&#8221;all&#8221; background_color_opacity=&#8221;1&#8243; background_hover_color_opacity=&#8221;1&#8243; column_shadow=&#8221;none&#8221; column_border_radius=&#8221;none&#8221; column_link_target=&#8221;_self&#8221; width=&#8221;1\/4&#8243; tablet_width_inherit=&#8221;default&#8221; column_border_width=&#8221;none&#8221; column_border_style=&#8221;solid&#8221; bg_image_animation=&#8221;none&#8221; offset=&#8221;vc_hidden-sm vc_hidden-xs&#8221;][\/vc_column_inner][\/vc_row_inner][\/vc_column][\/vc_row][vc_row type=&#8221;full_width_background&#8221; full_screen_row_position=&#8221;middle&#8221; equal_height=&#8221;yes&#8221; content_placement=&#8221;middle&#8221; bg_color=&#8221;#ffffff&#8221; scene_position=&#8221;center&#8221; text_color=&#8221;custom&#8221; custom_text_color=&#8221;#0a0a0a&#8221; text_align=&#8221;left&#8221; top_padding=&#8221;80&#8243; bottom_padding=&#8221;80&#8243; color_overlay=&#8221;#f27515&#8243; overlay_strength=&#8221;0.95&#8243; shape_divider_position=&#8221;bottom&#8221; bg_image_animation=&#8221;none&#8221; shape_type=&#8221;&#8221;][vc_column column_padding=&#8221;no-extra-padding&#8221; column_padding_position=&#8221;all&#8221; background_color_opacity=&#8221;1&#8243; background_hover_color_opacity=&#8221;1&#8243; column_link_target=&#8221;_self&#8221; column_shadow=&#8221;none&#8221; column_border_radius=&#8221;none&#8221; width=&#8221;8\/12&#8243; tablet_width_inherit=&#8221;default&#8221; tablet_text_alignment=&#8221;center&#8221; phone_text_alignment=&#8221;center&#8221; column_border_width=&#8221;none&#8221; column_border_style=&#8221;solid&#8221; bg_image_animation=&#8221;none&#8221;][nectar_highlighted_text highlight_color=&#8221;#ff1053&#8243; style=&#8221;half_text&#8221;]\n<h2>Per passare all&#8217;iscrizione<\/h2>\n[\/nectar_highlighted_text][vc_column_text]Inscrivez-vous maintenant aux cours pr\u00e9paratoires de Sp\u00e9cialiste du commerce international avec brevet f\u00e9d\u00e9ral[\/vc_column_text][\/vc_column][vc_column column_padding=&#8221;no-extra-padding&#8221; column_padding_position=&#8221;all&#8221; background_color_opacity=&#8221;1&#8243; background_hover_color_opacity=&#8221;1&#8243; column_link_target=&#8221;_self&#8221; column_shadow=&#8221;none&#8221; column_border_radius=&#8221;none&#8221; width=&#8221;4\/12&#8243; tablet_width_inherit=&#8221;default&#8221; tablet_text_alignment=&#8221;center&#8221; phone_text_alignment=&#8221;center&#8221; column_border_width=&#8221;none&#8221; column_border_style=&#8221;solid&#8221; bg_image_animation=&#8221;none&#8221;][vc_row_inner column_margin=&#8221;default&#8221; text_align=&#8221;right&#8221;][vc_column_inner column_padding=&#8221;no-extra-padding&#8221; column_padding_position=&#8221;all&#8221; background_color_opacity=&#8221;1&#8243; background_hover_color_opacity=&#8221;1&#8243; column_shadow=&#8221;none&#8221; column_border_radius=&#8221;none&#8221; column_link_target=&#8221;_self&#8221; width=&#8221;1\/1&#8243; tablet_width_inherit=&#8221;default&#8221; column_border_width=&#8221;none&#8221; column_border_style=&#8221;solid&#8221; bg_image_animation=&#8221;none&#8221;][nectar_btn size=&#8221;jumbo&#8221; button_style=&#8221;regular&#8221; button_color_2=&#8221;Accent-Color&#8221; color_override=&#8221;#262626&#8243; solid_text_color_override=&#8221;#ffffff&#8221; icon_family=&#8221;default_arrow&#8221; url=&#8221;https:\/\/seeland.dev.mxm.agency\/kontakt\/&#8221; text=&#8221;Inscription&#8221;][\/vc_column_inner][\/vc_row_inner][\/vc_column][\/vc_row][vc_row type=&#8221;full_width_background&#8221; full_screen_row_position=&#8221;middle&#8221; bg_color=&#8221;#f7f7f7&#8243; scene_position=&#8221;center&#8221; text_color=&#8221;dark&#8221; text_align=&#8221;left&#8221; top_padding=&#8221;100&#8243; bottom_padding=&#8221;100&#8243; overlay_strength=&#8221;0.3&#8243; shape_divider_position=&#8221;bottom&#8221; bg_image_animation=&#8221;none&#8221;][vc_column column_padding=&#8221;no-extra-padding&#8221; column_padding_position=&#8221;all&#8221; background_color_opacity=&#8221;1&#8243; background_hover_color_opacity=&#8221;1&#8243; column_link_target=&#8221;_self&#8221; column_shadow=&#8221;none&#8221; column_border_radius=&#8221;none&#8221; width=&#8221;3\/4&#8243; tablet_width_inherit=&#8221;default&#8221; tablet_text_alignment=&#8221;default&#8221; phone_text_alignment=&#8221;default&#8221; column_border_width=&#8221;none&#8221; column_border_style=&#8221;solid&#8221; bg_image_animation=&#8221;none&#8221;][vc_column_text]\n<h2>La formazione<\/h2>\n[\/vc_column_text][toggles style=&#8221;default&#8221;][toggle color=&#8221;Default&#8221; title=&#8221;La formation&#8221;][vc_row_inner column_margin=&#8221;default&#8221; text_align=&#8221;left&#8221;][vc_column_inner column_padding=&#8221;no-extra-padding&#8221; column_padding_position=&#8221;all&#8221; background_color_opacity=&#8221;1&#8243; background_hover_color_opacity=&#8221;1&#8243; column_shadow=&#8221;none&#8221; column_border_radius=&#8221;none&#8221; column_link_target=&#8221;_self&#8221; width=&#8221;1\/1&#8243; tablet_width_inherit=&#8221;default&#8221; column_border_width=&#8221;none&#8221; column_border_style=&#8221;solid&#8221; bg_image_animation=&#8221;none&#8221;]<div class=\"nectar-fancy-ul\" data-list-icon=\"icon-salient-thin-line\" data-animation=\"false\" data-animation-delay=\"0\" data-color=\"accent-color\" data-spacing=\"default\" data-alignment=\"left\"> \n<h2><strong>Campi d&#8217;azione e materie d&#8217;esame<\/strong><\/h2>\n<p>&nbsp;<\/p>\n<ul>\n<li>Conoscenza generale del commercio internazionale, esame al computer IT<\/li>\n<li>Studio di caso pratico: studio di caso integrato, scritto; presentazione\/intervista con esperti, orale<\/li>\n<li>Approcci al comportamento professionale: mini-casi, orale; riflessione su una situazione\/intervista, orale<\/li>\n<\/ul>\n <\/div>[vc_column_text]\n<p>&nbsp;<\/p>\n<h2><strong>Programma<\/strong><\/h2>\n[\/vc_column_text][\/vc_column_inner][\/vc_row_inner][vc_row_inner column_margin=&#8221;default&#8221; text_align=&#8221;left&#8221;][vc_column_inner column_padding=&#8221;no-extra-padding&#8221; column_padding_position=&#8221;all&#8221; background_color_opacity=&#8221;1&#8243; background_hover_color_opacity=&#8221;1&#8243; column_shadow=&#8221;none&#8221; column_border_radius=&#8221;none&#8221; column_link_target=&#8221;_self&#8221; width=&#8221;1\/3&#8243; tablet_width_inherit=&#8221;default&#8221; column_border_width=&#8221;none&#8221; column_border_style=&#8221;solid&#8221; bg_image_animation=&#8221;none&#8221;]<div class=\"nectar-fancy-ul\" data-list-icon=\"icon-salient-thin-line\" data-animation=\"true\" data-animation-delay=\"0\" data-color=\"accent-color\" data-spacing=\"default\" data-alignment=\"left\"> \n<h5>BASI<\/h5>\n<p>&nbsp;<\/p>\n<ul>\n<li>Traffic des marchandises et traffic de prestations<\/li>\n<li>Traffico di beni e servizi<\/li>\n<li>Flussi di denaro e garanzie di pagamento<\/li>\n<li>Processi commerciali<\/li>\n<li>Commercio estero<\/li>\n<li>Situazione giuridica\/ condizioni quadro<\/li>\n<li>Diritto contrattuale<\/li>\n<li>Gestione del rischio<\/li>\n<li>Organizzazione e gestione del personale<\/li>\n<li>Gestione del progetto e comunicazione<\/li>\n<li>Marketing<\/li>\n<li>Contabilit\u00e0 e finanze<\/li>\n<\/ul>\n <\/div>[\/vc_column_inner][vc_column_inner column_padding=&#8221;no-extra-padding&#8221; column_padding_position=&#8221;all&#8221; background_color_opacity=&#8221;1&#8243; background_hover_color_opacity=&#8221;1&#8243; column_shadow=&#8221;none&#8221; column_border_radius=&#8221;none&#8221; column_link_target=&#8221;_self&#8221; width=&#8221;1\/3&#8243; tablet_width_inherit=&#8221;default&#8221; column_border_width=&#8221;none&#8221; column_border_style=&#8221;solid&#8221; bg_image_animation=&#8221;none&#8221;]<div class=\"nectar-fancy-ul\" data-list-icon=\"icon-salient-thin-line\" data-animation=\"true\" data-animation-delay=\"0\" data-color=\"accent-color\" data-spacing=\"default\" data-alignment=\"left\"> \n<h5>SVILUPPO DELLE COMPETENZE<\/h5>\n<p>&nbsp;<\/p>\n<ul>\n<li>Approfondimento commercio internazionale<\/li>\n<li>Approfondimento diritto<\/li>\n<li>Approfondimento documentazione<\/li>\n<\/ul>\n <\/div>[\/vc_column_inner][vc_column_inner column_padding=&#8221;no-extra-padding&#8221; column_padding_position=&#8221;all&#8221; background_color_opacity=&#8221;1&#8243; background_hover_color_opacity=&#8221;1&#8243; column_shadow=&#8221;none&#8221; column_border_radius=&#8221;none&#8221; column_link_target=&#8221;_self&#8221; width=&#8221;1\/3&#8243; tablet_width_inherit=&#8221;default&#8221; column_border_width=&#8221;none&#8221; column_border_style=&#8221;solid&#8221; bg_image_animation=&#8221;none&#8221;]<div class=\"nectar-fancy-ul\" data-list-icon=\"icon-salient-thin-line\" data-animation=\"true\" data-animation-delay=\"0\" data-color=\"accent-color\" data-spacing=\"default\" data-alignment=\"left\"> \n<h5>PREPARAZIONE<\/h5>\n<p>&nbsp;<\/p>\n<ul>\n<li>Individuo e gruppo<\/li>\n<li>Animazione di meeting<\/li>\n<li>Tecniche di lavoro<\/li>\n<li>Tecniche di presentazione<\/li>\n<li>Preparazione agli esami orali<\/li>\n<li>Preparazione agli esami scritti<\/li>\n<li>Min. 2-3 simulazioni complete dell&#8217;esame finale<\/li>\n<li>Lavoro di gruppo<\/li>\n<\/ul>\n <\/div>[\/vc_column_inner][\/vc_row_inner][vc_row_inner column_margin=&#8221;default&#8221; text_align=&#8221;left&#8221;][vc_column_inner column_padding=&#8221;no-extra-padding&#8221; column_padding_position=&#8221;all&#8221; background_color_opacity=&#8221;1&#8243; background_hover_color_opacity=&#8221;1&#8243; column_shadow=&#8221;none&#8221; column_border_radius=&#8221;none&#8221; column_link_target=&#8221;_self&#8221; width=&#8221;1\/1&#8243; tablet_width_inherit=&#8221;default&#8221; column_border_width=&#8221;none&#8221; column_border_style=&#8221;solid&#8221; bg_image_animation=&#8221;none&#8221;][vc_column_text]<strong>Obiettivi e materiale didattico<\/strong><\/p>\n<p>Al termine del corso, i partecipanti avranno acquisito la padronanza teorica e pratica e saranno in grado di sostenere gli esami federali per ottenere l&#8217;attestato federale. Il materiale, ampio e ben strutturato, sar\u00e0 fornito in formato elettronico (incluso nel costo della formazione).<\/p>\n<p>Nota: l&#8217;ordine delle materie pu\u00f2 variare di volta in volta.[\/vc_column_text][\/vc_column_inner][\/vc_row_inner][\/toggle][toggle color=&#8221;Default&#8221; title=&#8221;Crit\u00e8res d&#8217;admission&#8221;][vc_column_text]Sono ammessi all&#8217;esame i candidati che dimostrano di essere in possesso di uno dei seguenti titoli di studio o di un titolo equivalente:<\/p>\n<ul>\n<li>Formazione professionale di base, diploma di una scuola di commercio riconosciuta, diploma di maturit\u00e0 e<\/li>\n<li>min. 2 anni di esperienza professionale nel settore del commercio internazionale.[\/vc_column_text][\/toggle][toggle color=&#8221;Default&#8221; title=&#8221;D\u00e9but des cours et d\u00e9tails&#8221;][vc_column_text]\n<ul>\n<li>\n<h4><strong>SPECIALISTA DEL COMMERCIO INTERNAZIONALE CON ATTESTATO FEDERALE \u2013 Variante A)<br \/>\n<\/strong><\/h4>\n<p><strong>260 lezioni di 45 minuti<\/strong>, di cui circa 1\/2 sono proposti nella prospettiva progressista del \u00ab Blended Learning \u00bb, con diversi dispositivi online, concetti e metodi di apprendimento misto, tra cui progetti multimediali e numerosi casi di studio &#8211; durata della\u00a0 formazione 2-3 semestri, costo della formazione<strong>\u00a011&#8217;900 CHF<\/strong> <u>(escluse<\/u> le tasse dell&#8217;esame federale).<\/p>\n<p>Partecipanti: il corso \u00e8 adatto a persone di tutti i settori commerciali che hanno una certa esperienza iniziale nel campo del commercio internazionale, ma non esclude persone con maggiore esperienza che cercano una formazione completa e approfondita con l&#8217;obiettivo di raggiungere il livello di competenza necessario per sostenere l&#8217;esame professionale di Specialista del commercio internazionale con attestato federale.<\/p>\n<p>Vantaggio finanziario: con le sovvenzioni federali del 50% il tuo investimento nella formazione sar\u00e0 di CHF 5\u2019950, contattaci per maggiori informazioni o visita la pagina della SEFRI al link www.sbfi.admin.ch\/contributi<\/li>\n<\/ul>\n<p>&nbsp;<\/p>\n<ul>\n<li>\n<h4><strong>SPECIALISTA DEL COMMERCIO INTERNAZIONALE CON ATTESTATO FEDERALE<\/strong> <strong>\u2013 Variante B)<br \/>\n<\/strong><\/h4>\n<p><strong>150 lezioni di 45 minuti<\/strong>, di cui circa 1\/2 sono proposti nella prospettiva progressista del \u00ab Blended Learning \u00bb, con diversi dispositivi online, concetti e metodi di apprendimento misto, tra cui progetti multimediali e numerosi casi di studio &#8211; durata della\u00a0 formazione 2-3 semestri, costo della formazione<strong>\u00a07&#8217;590 CHF<\/strong> <u>(escluse<\/u> le tasse dell&#8217;esame federale).<\/p>\n<p>Partecipanti: il corso \u00e8 adatto a persone con una vasta esperienza nel campo del commercio internazionale che desiderano sostenere l&#8217;esame professionale per Specialista del commercio internazionale con attestato federale.<\/p>\n<p>Vantaggio finanziario: con le sovvenzioni federali del 50% il tuo investimento nella formazione sar\u00e0 di CHF 3&#8217;795 CHF, contattaci per maggiori informazioni o visita la pagina della SEFRI al link www.sbfi.admin.ch\/contributi<\/li>\n<\/ul>\n<p>&nbsp;<\/p>\n<h4><strong>INIZIO DEI CORSI IN PRIMAVERA E IN AUTUNNO<\/strong><\/h4>\n<p><strong>Un valore aggiunto interessante:<\/strong> KAIROS ti offre la possibilit\u00e0 di scegliere liberamente la lingua della tua formazione e la lingua in cui sostenere gli esami (tre lingue nazionali + inglese per il lavoro di diploma).<\/p>\n[\/vc_column_text][\/toggle][toggle color=&#8221;Default&#8221; title=&#8221;Titre obtenu&#8221;][vc_column_text]\n<div class=\"text-block__text\">\n<p><strong>TITOLO<\/strong><\/p>\n<p>Le persone che superano l&#8217;esame possono avvalersi del seguente titolo riconosciuto:<\/p>\n<p><strong>Specialista del commercio internazionale con attestato federale<\/strong><\/p>\n<p>Per la traduzione inglese il titolo corrispondente \u00e8 &#8220;Executive Foreign Trade Specialist, Federal Diploma of Higher Education&#8221;<\/p>\n<p>Gli esami scritti e orali si svolgono ogni anno a maggio. I dettagli sono disponibili sul sito web dell&#8217;associazione di categoria handel-schweiz.com[\/vc_column_text][\/toggle][\/toggles][\/vc_column][vc_column column_padding=&#8221;no-extra-padding&#8221; column_padding_position=&#8221;all&#8221; background_color_opacity=&#8221;1&#8243; background_hover_color_opacity=&#8221;1&#8243; column_link_target=&#8221;_self&#8221; column_shadow=&#8221;none&#8221; column_border_radius=&#8221;none&#8221; width=&#8221;1\/4&#8243; tablet_width_inherit=&#8221;default&#8221; tablet_text_alignment=&#8221;default&#8221; phone_text_alignment=&#8221;default&#8221; column_border_width=&#8221;none&#8221; column_border_style=&#8221;solid&#8221; bg_image_animation=&#8221;none&#8221; offset=&#8221;vc_hidden-sm vc_hidden-xs&#8221;][\/vc_column][\/vc_row][vc_row type=&#8221;in_container&#8221; full_screen_row_position=&#8221;middle&#8221; scene_position=&#8221;center&#8221; text_color=&#8221;dark&#8221; text_align=&#8221;left&#8221; overlay_strength=&#8221;0.3&#8243; shape_divider_position=&#8221;bottom&#8221; bg_image_animation=&#8221;none&#8221;][vc_column column_padding=&#8221;no-extra-padding&#8221; column_padding_position=&#8221;all&#8221; background_color_opacity=&#8221;1&#8243; background_hover_color_opacity=&#8221;1&#8243; column_link_target=&#8221;_self&#8221; column_shadow=&#8221;none&#8221; column_border_radius=&#8221;none&#8221; width=&#8221;1\/1&#8243; tablet_width_inherit=&#8221;default&#8221; tablet_text_alignment=&#8221;default&#8221; phone_text_alignment=&#8221;default&#8221; column_border_width=&#8221;none&#8221; column_border_style=&#8221;solid&#8221; bg_image_animation=&#8221;none&#8221;][vc_column_text]\n<\/div>\n[\/vc_column_text][\/vc_column][\/vc_row]<\/li>\n<\/ul>\n","protected":false},"excerpt":{"rendered":"<p>[vc_row type=&#8221;in_container&#8221; full_screen_row_position=&#8221;middle&#8221; scene_position=&#8221;center&#8221; text_color=&#8221;dark&#8221; text_align=&#8221;left&#8221; top_padding=&#8221;5%&#8221; overlay_strength=&#8221;0.3&#8243; shape_divider_position=&#8221;bottom&#8221; bg_image_animation=&#8221;none&#8221; shape_type=&#8221;&#8221;][vc_column column_padding=&#8221;no-extra-padding&#8221; column_padding_position=&#8221;all&#8221; background_color_opacity=&#8221;1&#8243; background_hover_color_opacity=&#8221;1&#8243; column_link_target=&#8221;_self&#8221; column_shadow=&#8221;none&#8221; column_border_radius=&#8221;none&#8221; width=&#8221;3\/4&#8243; tablet_width_inherit=&#8221;default&#8221; tablet_text_alignment=&#8221;default&#8221; phone_text_alignment=&#8221;default&#8221; column_border_width=&#8221;none&#8221; column_border_style=&#8221;solid&#8221; bg_image_animation=&#8221;none&#8221;][vc_custom_heading text=&#8221;Specialista del commercio internazionale con&#8230;<\/p>\n","protected":false},"author":5,"featured_media":0,"parent":0,"menu_order":0,"comment_status":"closed","ping_status":"closed","template":"","meta":[],"_links":{"self":[{"href":"https:\/\/kairos-academy.ch\/it\/wp-json\/wp\/v2\/pages\/1984"}],"collection":[{"href":"https:\/\/kairos-academy.ch\/it\/wp-json\/wp\/v2\/pages"}],"about":[{"href":"https:\/\/kairos-academy.ch\/it\/wp-json\/wp\/v2\/types\/page"}],"author":[{"embeddable":true,"href":"https:\/\/kairos-academy.ch\/it\/wp-json\/wp\/v2\/users\/5"}],"replies":[{"embeddable":true,"href":"https:\/\/kairos-academy.ch\/it\/wp-json\/wp\/v2\/comments?post=1984"}],"version-history":[{"count":9,"href":"https:\/\/kairos-academy.ch\/it\/wp-json\/wp\/v2\/pages\/1984\/revisions"}],"predecessor-version":[{"id":3134,"href":"https:\/\/kairos-academy.ch\/it\/wp-json\/wp\/v2\/pages\/1984\/revisions\/3134"}],"wp:attachment":[{"href":"https:\/\/kairos-academy.ch\/it\/wp-json\/wp\/v2\/media?parent=1984"}],"curies":[{"name":"wp","href":"https:\/\/api.w.org\/{rel}","templated":true}]}}