{"id":2488,"date":"2022-08-21T19:06:57","date_gmt":"2022-08-21T19:06:57","guid":{"rendered":"https:\/\/seeland.dev.mxm.agency\/?page_id=2488"},"modified":"2022-08-21T19:12:30","modified_gmt":"2022-08-21T19:12:30","slug":"xx","status":"publish","type":"page","link":"https:\/\/kairos-academy.ch\/it\/xx\/","title":{"rendered":"xx"},"content":{"rendered":"[vc_row type=&#8221;in_container&#8221; full_screen_row_position=&#8221;middle&#8221; column_margin=&#8221;default&#8221; column_direction=&#8221;default&#8221; column_direction_tablet=&#8221;default&#8221; column_direction_phone=&#8221;default&#8221; scene_position=&#8221;center&#8221; text_color=&#8221;dark&#8221; text_align=&#8221;left&#8221; row_border_radius=&#8221;none&#8221; row_border_radius_applies=&#8221;bg&#8221; overflow=&#8221;visible&#8221; overlay_strength=&#8221;0.3&#8243; gradient_direction=&#8221;left_to_right&#8221; shape_divider_position=&#8221;bottom&#8221; bg_image_animation=&#8221;none&#8221;][vc_column column_padding=&#8221;no-extra-padding&#8221; column_padding_tablet=&#8221;inherit&#8221; column_padding_phone=&#8221;inherit&#8221; column_padding_position=&#8221;all&#8221; column_element_spacing=&#8221;default&#8221; background_color_opacity=&#8221;1&#8243; background_hover_color_opacity=&#8221;1&#8243; column_shadow=&#8221;none&#8221; column_border_radius=&#8221;none&#8221; column_link_target=&#8221;_self&#8221; column_position=&#8221;default&#8221; gradient_direction=&#8221;left_to_right&#8221; overlay_strength=&#8221;0.3&#8243; width=&#8221;1\/1&#8243; tablet_width_inherit=&#8221;default&#8221; tablet_text_alignment=&#8221;default&#8221; phone_text_alignment=&#8221;default&#8221; animation_type=&#8221;default&#8221; bg_image_animation=&#8221;none&#8221; border_type=&#8221;simple&#8221; column_border_width=&#8221;none&#8221; column_border_style=&#8221;solid&#8221;][vc_column_text][\/vc_column_text][\/vc_column][\/vc_row][vc_row type=&#8221;full_width_background&#8221; full_screen_row_position=&#8221;middle&#8221; column_margin=&#8221;default&#8221; column_direction=&#8221;default&#8221; column_direction_tablet=&#8221;default&#8221; column_direction_phone=&#8221;default&#8221; bg_color=&#8221;#333333&#8243; bg_image=&#8221;357&#8243; bg_position=&#8221;center center&#8221; background_image_loading=&#8221;default&#8221; bg_repeat=&#8221;no-repeat&#8221; video_bg=&#8221;use_video&#8221; background_video_loading=&#8221;default&#8221; scene_position=&#8221;center&#8221; top_padding=&#8221;13%&#8221; bottom_padding=&#8221;13%&#8221; text_color=&#8221;light&#8221; text_align=&#8221;left&#8221; row_border_radius=&#8221;none&#8221; row_border_radius_applies=&#8221;bg&#8221; overflow=&#8221;visible&#8221; color_overlay=&#8221;#0a0a0a&#8221; overlay_strength=&#8221;0.5&#8243; gradient_direction=&#8221;left_to_right&#8221; shape_divider_position=&#8221;bottom&#8221; bg_image_animation=&#8221;none&#8221; parallax_bg=&#8221;true&#8221; parallax_bg_speed=&#8221;fast&#8221; video_mute=&#8221;true&#8221; shape_type=&#8221;&#8221;][vc_column column_padding=&#8221;no-extra-padding&#8221; column_padding_tablet=&#8221;inherit&#8221; column_padding_phone=&#8221;inherit&#8221; column_padding_position=&#8221;all&#8221; column_element_spacing=&#8221;default&#8221; background_color_opacity=&#8221;1&#8243; background_hover_color_opacity=&#8221;1&#8243; column_shadow=&#8221;none&#8221; column_border_radius=&#8221;none&#8221; column_link_target=&#8221;_self&#8221; column_position=&#8221;default&#8221; gradient_direction=&#8221;left_to_right&#8221; overlay_strength=&#8221;0.3&#8243; width=&#8221;2\/3&#8243; tablet_width_inherit=&#8221;default&#8221; tablet_text_alignment=&#8221;default&#8221; phone_text_alignment=&#8221;default&#8221; animation_type=&#8221;default&#8221; bg_image_animation=&#8221;none&#8221; border_type=&#8221;simple&#8221; column_border_width=&#8221;none&#8221; column_border_style=&#8221;solid&#8221;][split_line_heading animation_type=&#8221;line-reveal-by-space&#8221; font_style=&#8221;h1&#8243; line_reveal_by_space_text_effect=&#8221;default&#8221; content_alignment=&#8221;default&#8221; mobile_content_alignment=&#8221;inherit&#8221; link_target=&#8221;_self&#8221;]\n<h1>La formazione, il biglietto per il vostro futuro professionale<\/h1>\n[\/split_line_heading][vc_row_inner column_margin=&#8221;default&#8221; column_direction=&#8221;default&#8221; column_direction_tablet=&#8221;default&#8221; column_direction_phone=&#8221;default&#8221; text_align=&#8221;left&#8221; row_position=&#8221;default&#8221; row_position_tablet=&#8221;inherit&#8221; row_position_phone=&#8221;inherit&#8221; overflow=&#8221;visible&#8221; pointer_events=&#8221;all&#8221;][vc_column_inner column_padding=&#8221;no-extra-padding&#8221; column_padding_tablet=&#8221;inherit&#8221; column_padding_phone=&#8221;inherit&#8221; column_padding_position=&#8221;all&#8221; column_element_spacing=&#8221;default&#8221; background_color_opacity=&#8221;1&#8243; background_hover_color_opacity=&#8221;1&#8243; column_shadow=&#8221;none&#8221; column_border_radius=&#8221;none&#8221; column_link_target=&#8221;_self&#8221; gradient_direction=&#8221;left_to_right&#8221; overlay_strength=&#8221;0.3&#8243; width=&#8221;1\/1&#8243; tablet_width_inherit=&#8221;default&#8221; animation_type=&#8221;default&#8221; enable_animation=&#8221;true&#8221; animation=&#8221;fade-in-from-bottom&#8221; bg_image_animation=&#8221;none&#8221; border_type=&#8221;simple&#8221; column_border_width=&#8221;none&#8221; column_border_style=&#8221;solid&#8221; delay=&#8221;300&#8243;][vc_custom_heading 1=&#8221;class=&#8220;st&#8220;&gt;Wir&#8221; 2=&#8221;sind&#8221; 3=&#8221;\u00fcberzeugt,&#8221; 4=&#8221;dass&#8221; 5=&#8221;es&#8221; 6=&#8221;Jede&#8221; 7=&#8221;und&#8221; 8=&#8221;Jeder&#8221; 9=&#8221;schaffen&#8221; 10=&#8221;kann&#8221; 11=&#8221;&#8230;&#8220;&#8221; text=&#8221;KAIROS &#8211; Il biglietto per il vostro futuro professionale &#8230;&#8221; font_container=&#8221;tag:p|text_align:left|color:rgba(255%2C255%2C255%2C0.7)&#8221; use_theme_fonts=&#8221;yes&#8221;][\/vc_column_inner][\/vc_row_inner][\/vc_column][vc_column column_padding=&#8221;no-extra-padding&#8221; column_padding_tablet=&#8221;inherit&#8221; column_padding_phone=&#8221;inherit&#8221; column_padding_position=&#8221;all&#8221; column_element_spacing=&#8221;default&#8221; background_color_opacity=&#8221;1&#8243; background_hover_color_opacity=&#8221;1&#8243; column_shadow=&#8221;none&#8221; column_border_radius=&#8221;none&#8221; column_link_target=&#8221;_self&#8221; column_position=&#8221;default&#8221; gradient_direction=&#8221;left_to_right&#8221; overlay_strength=&#8221;0.3&#8243; width=&#8221;1\/3&#8243; tablet_width_inherit=&#8221;default&#8221; tablet_text_alignment=&#8221;default&#8221; phone_text_alignment=&#8221;default&#8221; animation_type=&#8221;default&#8221; bg_image_animation=&#8221;none&#8221; border_type=&#8221;simple&#8221; column_border_width=&#8221;none&#8221; column_border_style=&#8221;solid&#8221;][\/vc_column][\/vc_row][vc_row type=&#8221;in_container&#8221; full_screen_row_position=&#8221;middle&#8221; column_margin=&#8221;default&#8221; column_direction=&#8221;default&#8221; column_direction_tablet=&#8221;default&#8221; column_direction_phone=&#8221;default&#8221; scene_position=&#8221;center&#8221; top_padding=&#8221;5%&#8221; bottom_padding=&#8221;3%&#8221; text_color=&#8221;dark&#8221; text_align=&#8221;left&#8221; row_border_radius=&#8221;none&#8221; row_border_radius_applies=&#8221;bg&#8221; overflow=&#8221;visible&#8221; overlay_strength=&#8221;0.3&#8243; gradient_direction=&#8221;left_to_right&#8221; shape_divider_position=&#8221;bottom&#8221; bg_image_animation=&#8221;none&#8221; shape_type=&#8221;&#8221;][vc_column column_padding=&#8221;no-extra-padding&#8221; column_padding_tablet=&#8221;inherit&#8221; column_padding_phone=&#8221;inherit&#8221; column_padding_position=&#8221;all&#8221; column_element_spacing=&#8221;default&#8221; background_color_opacity=&#8221;1&#8243; background_hover_color_opacity=&#8221;1&#8243; column_shadow=&#8221;none&#8221; column_border_radius=&#8221;none&#8221; column_link_target=&#8221;_self&#8221; column_position=&#8221;default&#8221; gradient_direction=&#8221;left_to_right&#8221; overlay_strength=&#8221;0.3&#8243; width=&#8221;3\/4&#8243; tablet_width_inherit=&#8221;default&#8221; tablet_text_alignment=&#8221;default&#8221; phone_text_alignment=&#8221;default&#8221; animation_type=&#8221;default&#8221; bg_image_animation=&#8221;none&#8221; border_type=&#8221;simple&#8221; column_border_width=&#8221;none&#8221; column_border_style=&#8221;solid&#8221;][vc_custom_heading text=&#8221;KAIROS &#8211; Una buona idea, un nuovo approccio &#8230;&#8221; font_container=&#8221;tag:h2|font_size:24|text_align:left|line_height:52px&#8221; use_theme_fonts=&#8221;yes&#8221;][vc_column_text css=&#8221;.vc_custom_1584794732517{margin-top: 30px !important;margin-bottom: 30px !important;}&#8221;]KAIROS Academy of Art &amp; Science si impegna a sostenere l&#8217;apprendimento continuo e ad offrirvi corsi di formazione progressisti in piccoli gruppi, lezioni private o coaching. Le sessioni di formazione, supportate da un coaching intensivo e dall&#8217;approccio &#8220;Social Blended Learning&#8221; consentono un lavoro efficace e mirato. In alternativa alle grandi aule e alle sale conferenze con decine di partecipanti, questi corsi fatti su misura, rispondono alle esigenze degli studenti professionalmente attivi. I corsi iniziano regolarmente e preparano ai vari esami per le varie certificazioni (associazioni e altro) fino agli esami federali superiori.<\/p>\n<p>Ben insediata nelle diverse regioni della Svizzera da ben 15 anni, KAIROS Academy of Art &amp; Science, in quanto scuola professionale privata progressista, segue le tendenze e si evolve continuamente. Recentemente i media digitali sono entrati a far parte del programma di studi. Ogni anno molte persone provenienti da tutta la Svizzera partecipano ai corsi, ai seminari o ai workshop offerti. La scuola assicura una guida personalizzata attraverso uno spirito dinamico, sostenendo l&#8217;apprendimento e i progressi individuali.<\/p>\n<p>Inoltre, la modalit\u00e0 d&#8217;insegnamento a tempo pieno offre una formazione altamente orientata alla pratica. Questo percorso \u00e8 particolarmente adatto a giovani studenti con poca o nessuna esperienza professionale. Il programma \u00e8 interessante per queste persone perch\u00e9 \u00e8 in parte riconosciuto come esperienza pratica (ad esempio, per l&#8217;ammissione agli esami federali). L&#8217;obiettivo \u00e8 quello di facilitare l&#8217;accesso dei giovani professionisti ai corsi di formazione che portano al conseguimento di un attestato federale in uno dei settori offerti. Per tutta la durata del corso, e anche dopo, i partecipanti vengono sostenuti nella ricerca di un primo impiego o di una formazione pratica.<\/p>\n<h4><strong>Storia<em><br \/>\n<\/em><\/strong><\/h4>\n<p>KAIROS Academy of Art &amp; Science \u00e8 stata fondata nel 2008 a Bienne, nel cuore del Seeland bernese. Il centro di formazione orientato al futuro offre un&#8217;ampia gamma di corsi. Grazie al suo impegno e alla sua passione per la formazione, la scuola professionale privata raggiunge regolarmente alcune delle migliori percentuali di successo. I corsi si tengono in tutta la Svizzera e, grazie al considerevole sviluppo delle piattaforme digitali, sono gi\u00e0 da qualche tempo anche online (percenturale di ca. 30-50%).<\/p>\n<p>Per motivi organizzativi, nel 2019 la scuola si \u00e8 trasferita a Morat FR, dove si trova ora vicino al famoso &#8220;St\u00e4dtli&#8221; (cos\u00ec nominato il centro storico di Morat). La magnifica vista dell&#8217;imponente porta d&#8217;ingresso storica, il &#8220;Berntor&#8221;, \u00e8 un richiamo al simbolismo del luogo &#8211; favorito dal fatto che la nuova sede bilingue \u00e8 il riflesso di una scuola che mira a collegare le varie regioni linguistiche e culturali della Svizzera.<\/p>\n<p>Grazie al suo forte orientamento alla qualit\u00e0, la KAIROS Academy of Art &amp; Science si \u00e8 rapidamente costruita un&#8217;ottima reputazione tra le aziende, le associazioni e l&#8217;opinione pubblica in generale. La sua forte identit\u00e0 si riflette in tutte le decisioni e i concetti e ha rafforzato la sua posizione di centro di formazione dinamico e progressista.<\/p>\n<h4><strong>Organizazzioni partner<\/strong><\/h4>\n<p>KAIROS Academy of Art &amp; Science \u00e8 stata fondata come sagl. I fondatori, i responsabili dei corsi e i formatori sono professionisti appassionati provenienti da un&#8217;ampia gamma di settori, i quali si formano continuamente e regolarmente. Numerosi istituti partner, organizzazioni e associazioni professionali, agenzie pubblicitarie, agenzie web e agenzie di comunicazione sostengono la scuola trilingue. L&#8217;offerta di corsi viene sviluppata e aggiornata in stretta collaborazione con queste organizzazioni.<\/p>\n<h4><strong>Corsi in lingua italiana<br \/>\n<\/strong><\/h4>\n<p>Questo profilo descrive solo brevemente la funzione e gli obiettivi di KAIROS. \u00c8 possibile richiedere senza alcun impegno un consiglio, un colloquio o una documentazione dettagliata per ogni offerta. KAIROS cerca di offrire gli stessi corsi di formazione in tutte le regioni linguistiche, tuttavia il programma in lingua italiana pu\u00f2 variare da quello in lingua tedesca e francese.[\/vc_column_text][\/vc_column][vc_column column_padding=&#8221;no-extra-padding&#8221; column_padding_tablet=&#8221;inherit&#8221; column_padding_phone=&#8221;inherit&#8221; column_padding_position=&#8221;all&#8221; column_element_spacing=&#8221;default&#8221; background_color_opacity=&#8221;1&#8243; background_hover_color_opacity=&#8221;1&#8243; column_shadow=&#8221;none&#8221; column_border_radius=&#8221;none&#8221; column_link_target=&#8221;_self&#8221; column_position=&#8221;default&#8221; gradient_direction=&#8221;left_to_right&#8221; overlay_strength=&#8221;0.3&#8243; width=&#8221;1\/4&#8243; tablet_width_inherit=&#8221;default&#8221; tablet_text_alignment=&#8221;default&#8221; phone_text_alignment=&#8221;default&#8221; animation_type=&#8221;default&#8221; bg_image_animation=&#8221;none&#8221; border_type=&#8221;simple&#8221; column_border_width=&#8221;none&#8221; column_border_style=&#8221;solid&#8221; offset=&#8221;vc_hidden-sm vc_hidden-xs&#8221;][\/vc_column][\/vc_row]\n","protected":false},"excerpt":{"rendered":"<p>[vc_row type=&#8221;in_container&#8221; full_screen_row_position=&#8221;middle&#8221; column_margin=&#8221;default&#8221; column_direction=&#8221;default&#8221; column_direction_tablet=&#8221;default&#8221; column_direction_phone=&#8221;default&#8221; scene_position=&#8221;center&#8221; text_color=&#8221;dark&#8221; text_align=&#8221;left&#8221; row_border_radius=&#8221;none&#8221; row_border_radius_applies=&#8221;bg&#8221; overflow=&#8221;visible&#8221; overlay_strength=&#8221;0.3&#8243; gradient_direction=&#8221;left_to_right&#8221; shape_divider_position=&#8221;bottom&#8221; bg_image_animation=&#8221;none&#8221;][vc_column column_padding=&#8221;no-extra-padding&#8221; column_padding_tablet=&#8221;inherit&#8221; column_padding_phone=&#8221;inherit&#8221; column_padding_position=&#8221;all&#8221; column_element_spacing=&#8221;default&#8221; background_color_opacity=&#8221;1&#8243; background_hover_color_opacity=&#8221;1&#8243; column_shadow=&#8221;none&#8221; column_border_radius=&#8221;none&#8221; column_link_target=&#8221;_self&#8221; column_position=&#8221;default&#8221; gradient_direction=&#8221;left_to_right&#8221; overlay_strength=&#8221;0.3&#8243;&#8230;<\/p>\n","protected":false},"author":5,"featured_media":0,"parent":0,"menu_order":0,"comment_status":"closed","ping_status":"closed","template":"","meta":[],"_links":{"self":[{"href":"https:\/\/kairos-academy.ch\/it\/wp-json\/wp\/v2\/pages\/2488"}],"collection":[{"href":"https:\/\/kairos-academy.ch\/it\/wp-json\/wp\/v2\/pages"}],"about":[{"href":"https:\/\/kairos-academy.ch\/it\/wp-json\/wp\/v2\/types\/page"}],"author":[{"embeddable":true,"href":"https:\/\/kairos-academy.ch\/it\/wp-json\/wp\/v2\/users\/5"}],"replies":[{"embeddable":true,"href":"https:\/\/kairos-academy.ch\/it\/wp-json\/wp\/v2\/comments?post=2488"}],"version-history":[{"count":4,"href":"https:\/\/kairos-academy.ch\/it\/wp-json\/wp\/v2\/pages\/2488\/revisions"}],"predecessor-version":[{"id":2492,"href":"https:\/\/kairos-academy.ch\/it\/wp-json\/wp\/v2\/pages\/2488\/revisions\/2492"}],"wp:attachment":[{"href":"https:\/\/kairos-academy.ch\/it\/wp-json\/wp\/v2\/media?parent=2488"}],"curies":[{"name":"wp","href":"https:\/\/api.w.org\/{rel}","templated":true}]}}