{"id":2498,"date":"2022-08-21T20:01:05","date_gmt":"2022-08-21T20:01:05","guid":{"rendered":"https:\/\/seeland.dev.mxm.agency\/?page_id=2498"},"modified":"2022-08-21T20:02:20","modified_gmt":"2022-08-21T20:02:20","slug":"sistema-di-qualita","status":"publish","type":"page","link":"https:\/\/kairos-academy.ch\/it\/sistema-di-qualita\/","title":{"rendered":"Sistema di qualit\u00e0"},"content":{"rendered":"[vc_row type=&#8221;full_width_background&#8221; full_screen_row_position=&#8221;middle&#8221; column_margin=&#8221;default&#8221; column_direction=&#8221;default&#8221; column_direction_tablet=&#8221;default&#8221; column_direction_phone=&#8221;default&#8221; bg_color=&#8221;#333333&#8243; bg_image=&#8221;380&#8243; bg_position=&#8221;center center&#8221; background_image_loading=&#8221;default&#8221; bg_repeat=&#8221;no-repeat&#8221; video_bg=&#8221;use_video&#8221; background_video_loading=&#8221;default&#8221; scene_position=&#8221;center&#8221; top_padding=&#8221;13%&#8221; bottom_padding=&#8221;13%&#8221; text_color=&#8221;light&#8221; text_align=&#8221;left&#8221; row_border_radius=&#8221;none&#8221; row_border_radius_applies=&#8221;bg&#8221; overflow=&#8221;visible&#8221; color_overlay=&#8221;#0a0a0a&#8221; overlay_strength=&#8221;0.5&#8243; gradient_direction=&#8221;left_to_right&#8221; shape_divider_position=&#8221;bottom&#8221; bg_image_animation=&#8221;none&#8221; parallax_bg=&#8221;true&#8221; parallax_bg_speed=&#8221;fast&#8221; video_mute=&#8221;true&#8221; shape_type=&#8221;&#8221;][vc_column column_padding=&#8221;no-extra-padding&#8221; column_padding_tablet=&#8221;inherit&#8221; column_padding_phone=&#8221;inherit&#8221; column_padding_position=&#8221;all&#8221; column_element_spacing=&#8221;default&#8221; background_color_opacity=&#8221;1&#8243; background_hover_color_opacity=&#8221;1&#8243; column_shadow=&#8221;none&#8221; column_border_radius=&#8221;none&#8221; column_link_target=&#8221;_self&#8221; column_position=&#8221;default&#8221; gradient_direction=&#8221;left_to_right&#8221; overlay_strength=&#8221;0.3&#8243; width=&#8221;2\/3&#8243; tablet_width_inherit=&#8221;default&#8221; tablet_text_alignment=&#8221;default&#8221; phone_text_alignment=&#8221;default&#8221; animation_type=&#8221;default&#8221; bg_image_animation=&#8221;none&#8221; border_type=&#8221;simple&#8221; column_border_width=&#8221;none&#8221; column_border_style=&#8221;solid&#8221;][vc_column_text]\n<h1>Come funziona il sistema di qualit\u00e0 ?<\/h1>\n[\/vc_column_text][vc_row_inner column_margin=&#8221;default&#8221; column_direction=&#8221;default&#8221; column_direction_tablet=&#8221;default&#8221; column_direction_phone=&#8221;default&#8221; text_align=&#8221;left&#8221; row_position=&#8221;default&#8221; row_position_tablet=&#8221;inherit&#8221; row_position_phone=&#8221;inherit&#8221; overflow=&#8221;visible&#8221; pointer_events=&#8221;all&#8221;][vc_column_inner column_padding=&#8221;no-extra-padding&#8221; column_padding_tablet=&#8221;inherit&#8221; column_padding_phone=&#8221;inherit&#8221; column_padding_position=&#8221;all&#8221; column_element_spacing=&#8221;default&#8221; background_color_opacity=&#8221;1&#8243; background_hover_color_opacity=&#8221;1&#8243; column_shadow=&#8221;none&#8221; column_border_radius=&#8221;none&#8221; column_link_target=&#8221;_self&#8221; gradient_direction=&#8221;left_to_right&#8221; overlay_strength=&#8221;0.3&#8243; width=&#8221;1\/1&#8243; tablet_width_inherit=&#8221;default&#8221; animation_type=&#8221;default&#8221; enable_animation=&#8221;true&#8221; animation=&#8221;fade-in-from-bottom&#8221; bg_image_animation=&#8221;none&#8221; border_type=&#8221;simple&#8221; column_border_width=&#8221;none&#8221; column_border_style=&#8221;solid&#8221; delay=&#8221;300&#8243;][vc_custom_heading text=&#8221;Total Quality Management TQM&#8221; font_container=&#8221;tag:p|text_align:left|color:rgba(255%2C255%2C255%2C0.7)&#8221; use_theme_fonts=&#8221;yes&#8221;][\/vc_column_inner][\/vc_row_inner][\/vc_column][vc_column column_padding=&#8221;no-extra-padding&#8221; column_padding_tablet=&#8221;inherit&#8221; column_padding_phone=&#8221;inherit&#8221; column_padding_position=&#8221;all&#8221; column_element_spacing=&#8221;default&#8221; background_color_opacity=&#8221;1&#8243; background_hover_color_opacity=&#8221;1&#8243; column_shadow=&#8221;none&#8221; column_border_radius=&#8221;none&#8221; column_link_target=&#8221;_self&#8221; column_position=&#8221;default&#8221; gradient_direction=&#8221;left_to_right&#8221; overlay_strength=&#8221;0.3&#8243; width=&#8221;1\/3&#8243; tablet_width_inherit=&#8221;default&#8221; tablet_text_alignment=&#8221;default&#8221; phone_text_alignment=&#8221;default&#8221; animation_type=&#8221;default&#8221; bg_image_animation=&#8221;none&#8221; border_type=&#8221;simple&#8221; column_border_width=&#8221;none&#8221; column_border_style=&#8221;solid&#8221;][\/vc_column][\/vc_row][vc_row type=&#8221;in_container&#8221; full_screen_row_position=&#8221;middle&#8221; column_margin=&#8221;default&#8221; column_direction=&#8221;default&#8221; column_direction_tablet=&#8221;default&#8221; column_direction_phone=&#8221;default&#8221; scene_position=&#8221;center&#8221; top_padding=&#8221;5%&#8221; bottom_padding=&#8221;3%&#8221; text_color=&#8221;dark&#8221; text_align=&#8221;left&#8221; row_border_radius=&#8221;none&#8221; row_border_radius_applies=&#8221;bg&#8221; overflow=&#8221;visible&#8221; overlay_strength=&#8221;0.3&#8243; gradient_direction=&#8221;left_to_right&#8221; shape_divider_position=&#8221;bottom&#8221; bg_image_animation=&#8221;none&#8221; shape_type=&#8221;&#8221;][vc_column column_padding=&#8221;no-extra-padding&#8221; column_padding_tablet=&#8221;inherit&#8221; column_padding_phone=&#8221;inherit&#8221; column_padding_position=&#8221;all&#8221; column_element_spacing=&#8221;default&#8221; background_color_opacity=&#8221;1&#8243; background_hover_color_opacity=&#8221;1&#8243; column_shadow=&#8221;none&#8221; column_border_radius=&#8221;none&#8221; column_link_target=&#8221;_self&#8221; column_position=&#8221;default&#8221; gradient_direction=&#8221;left_to_right&#8221; overlay_strength=&#8221;0.3&#8243; width=&#8221;3\/4&#8243; tablet_width_inherit=&#8221;default&#8221; tablet_text_alignment=&#8221;default&#8221; phone_text_alignment=&#8221;default&#8221; animation_type=&#8221;default&#8221; bg_image_animation=&#8221;none&#8221; border_type=&#8221;simple&#8221; column_border_width=&#8221;none&#8221; column_border_style=&#8221;solid&#8221;][vc_custom_heading text=&#8221;Sistema di qualit\u00e0&#8221; font_container=&#8221;tag:h2|font_size:24|text_align:left|line_height:52px&#8221; use_theme_fonts=&#8221;yes&#8221;][vc_column_text css=&#8221;.vc_custom_1584913912825{margin-top: 30px !important;margin-bottom: 30px !important;}&#8221;]KAIROS segue i 7 principi del TQM Total Quality Management, dunque la qualit\u00e0 totale o gestione della qualit\u00e0 totale GQT, in italiano. L&#8217;obiettivo di questo approccio \u00e8 raggiungere un alto livello di mobilitazione e coinvolgimento di tutti i dipendenti dei centri di formazione per ottenere una qualit\u00e0 perfetta, riducendo al minimo gli sprechi e migliorando continuamente i processi.<\/p>\n<p>\u00c8 in Giappone che nel 1949 che sono nati i concetti oggi noti sotto il nome di Total Quality Management (v. principi del toyotismo**, del Kaizen o ancora del Lean, pi\u00f9 diffuso in Svizzera). La base di queste teorie \u00e8 che ogni elemento contribuisce alla realizzazione del tutto. Ogni dipendente, anche il pi\u00f9 giovane, rappresenta dunque una forza trainante che contribuisce agli obiettivi e alla qualit\u00e0. Il controllo \u00e8 continuo nel tempo e condiviso da tutti. I dipendenti sono istruiti, vigili e sanno comunicare efficacemente per aumentare il loro livello di qualifica nel proprio settore. Da qu\u00ec la gestione attiva della selezione e del coinvolgimento dei dipendenti che vengono fidelizzati per il loro livello di qualifica. Essi facilitano la comunicazione interpersonale e organizzativa.<\/p>\n<p>La non qualit\u00e0 \u00e8 costituita da tutti gli eventi che generano una deviazione dal processo proposto nell&#8217;approccio alla qualit\u00e0 (non conformit\u00e0). La rilevazione della deviazione dal processo target consente di progredire e di definire le priorit\u00e0 delle azioni di miglioramento in modo preventivo, secondo i principi della Corrective Action Preventive Action CAPA.<\/p>\n<p>Grazie al suo forte orientamento alla qualit\u00e0, KAIROS Academy of Art &amp; Science si \u00e8 rapidamente costruita un&#8217;ottima reputazione tra le aziende, le associazioni e il pubblico in generale. La sua forte identit\u00e0 si riflette in tutte le decisioni e i concetti e ha rafforzato la sua posizione di centro di formazione dinamico e progressista.<\/p>\n<p>&nbsp;<\/p>\n<h5>Imperativo di qualit\u00e0 per la formazione professionale ?<\/h5>\n<p>&nbsp;<\/p>\n<p>La formazione continua pu\u00f2 essere definita come la continuazione o la ripresa di uno studio organizzato dopo una fase iniziale presso un&#8217;universit\u00e0, una scuola o un apprendistato, con l&#8217;obiettivo primario di aggiornare, approfondire o ampliare le proprie conoscenze, competenze, abilit\u00e0 e capacit\u00e0. La formazione continua \u00e8 quindi un apprendimento mirato realizzato attraverso forme miste di apprendimento, come la partecipazione a corsi o apprendimento autonomo strutturato.<\/p>\n<p>Ulteriori informazioni sul sistema educativo svizzero e sul panorama educativo sono disponibili sul sito web della Conferenza svizzera dei direttori cantonali dell&#8217;educazione pubblica CDIP all&#8217;indirizzo\u00a0www.edk.ch<\/p>\n<p>Lo sviluppo della qualit\u00e0 da parte di tutti gli erogatori della formazione professionale \u00e8 sancito dalla nuova legge federale sull&#8217;istruzione e la formazione professionale e dalla relativa ordinanza.\u00a0 KAIROS si \u00e8 fatta carico di questa esigenza. Il concetto di qualit\u00e0 non si basa pi\u00f9 solo sul principio della buona fede, ma si rende oggettivo attraverso criteri quali la qualit\u00e0 delle strutture scolastiche, il rispetto dell&#8217;etica scolastica, la qualit\u00e0 dell&#8217;insegnamento, la qualit\u00e0 dell&#8217;accoglienza degli studenti e la politica di miglioramento continuo attuata dal comitato di formazione e dalla direzione.<\/p>\n<p>Da KAIROS, l&#8217;approccio alla qualit\u00e0 attraverso i principi del TQM (v. sopra), si traduce in una valutazione continua che viene e verr\u00e0 effettuata regolarmente dal comitato di formazione.<\/p>\n<p>&nbsp;<\/p>\n<h5>Obiettivi<\/h5>\n<p>&nbsp;<\/p>\n<p>KAIROS mira a garantire la coerenza e la qualit\u00e0 della formazione professionale, impiegando formatori con certificazione FSEA o con un attestato federale per l&#8217;insegnamento agli adulti. La scuola offre ai formatori e alle formatrici uno strumento per l&#8217;autovalutazione, il miglioramento delle loro prestazioni e per l&#8217;ottimizzazione dei loro metodi di insegnamento, con l&#8217;obiettivo primario della soddisfazione del cliente e del raggiungimento degli obiettivi formativi, tenendo conto dei principi dell&#8217;educazione degli adulti proposti dalla Federazione svizzera per l&#8217;educazione degli adulti FSEA.<\/p>\n<p>&nbsp;<\/p>\n<h5>Che cosa determina la qualit\u00e0 di una formazione professionale ?<\/h5>\n<p>&nbsp;<\/p>\n<p>\u00ab La qualit\u00e0 della formazione professionale si misura idealmente in base ai suoi effetti rispetto agli obiettivi o alle aspettative degli utenti o dei datori di lavoro. Non \u00e8 sempre facile identificare gli effetti, anche se viene istituito un sistema di monitoraggio su pi\u00f9 anni. Inoltre, nel momento in cui si comprendono le carenze della formazione, le condizioni per l&#8217;esercizio della professione sono gi\u00e0 cambiate e le norme non sono pi\u00f9 valide. Infine, l&#8217;osservazione di alcune carenze non indica ipso facto i relativi rimedi. \u00c8 quindi ragionevole cercare di identificare alcuni indicatori di qualit\u00e0 che si riferiscono al funzionamento della formazione i quali risultano immediatamente analizzabili e che la ricerca e l&#8217;esperienza accumulata suggeriscono essere, in generale, una garanzia di qualit\u00e0 della formazione. Tenendosi agli aspetti principali della progettazione della formazione, non si pu\u00f2 negare che anche la qualit\u00e0 della sua attuazione \u00e8 fonte di qualit\u00e0. \u00bb<\/p>\n<p>&nbsp;<\/p>\n<p><strong>Ecco alcune proposte :<\/strong><\/p>\n<ul>\n<li>Una trasposizione didattica basata sull&#8217;analisi delle pratiche e delle loro evoluzioni.<\/li>\n<li>Un sistema di riferimento delle competenze chiave.<\/li>\n<li>Un piano di formazione organizzato in base alle competenze.<\/li>\n<li>Un apprendimento basato sui problemi.<\/li>\n<li>Una vera e propria integrazione tra teoria e pratica.<\/li>\n<li>Un&#8217;organizzazione modulare e differenziata.<\/li>\n<li>Una valutazione formativa.<\/li>\n<li>Tempo e dispositivi per integrare le conoscenze acquisite.<\/li>\n<li>Una partnership negoziata con i professionisti.<\/li>\n<\/ul>\n<p><em>Fonte: Philippe Perrenoud, Facolt\u00e0 di psicologia e scienze dell&#8217;educazione, Universit\u00e0 di Ginevra<\/em><\/p>\n<p>&nbsp;<\/p>\n<h5>Eduqua<\/h5>\n<p>&nbsp;<\/p>\n<p>Per passare ai 6 criteri eduQua (marchio di qualit\u00e0 della FSEA) :<\/p>\n<p>1. Offerte formative che rispondono al bisogno generale di formazione e alle esigenze specifiche dei clienti<br \/>\n2. Risultati di apprendimento permanenti per tutti i partecipanti<br \/>\n3. Presentazione trasparente delle offerte formative e delle opzioni pedagogiche<br \/>\n4. Servizi orientati al cliente, economici, efficienti ed efficaci<br \/>\n5. Formatori impegnati e aggiornati sugli ultimi sviluppi della metodologia, della didattica e della materia insegnata<br \/>\n6. Garanzia di sviluppo della qualit\u00e0<\/p>\n<p>La trasparenza dell&#8217;offerta di KAIROS e i suoi concetti innovativi di formazione sono concepiti per garantire la piena soddisfazione dei clienti rispetto alla qualit\u00e0 della formazione e dei programmi personalizzati, continuamente ottimizzati.[\/vc_column_text][\/vc_column][vc_column column_padding=&#8221;no-extra-padding&#8221; column_padding_tablet=&#8221;inherit&#8221; column_padding_phone=&#8221;inherit&#8221; column_padding_position=&#8221;all&#8221; column_element_spacing=&#8221;default&#8221; background_color_opacity=&#8221;1&#8243; background_hover_color_opacity=&#8221;1&#8243; column_shadow=&#8221;none&#8221; column_border_radius=&#8221;none&#8221; column_link_target=&#8221;_self&#8221; column_position=&#8221;default&#8221; gradient_direction=&#8221;left_to_right&#8221; overlay_strength=&#8221;0.3&#8243; width=&#8221;1\/4&#8243; tablet_width_inherit=&#8221;default&#8221; tablet_text_alignment=&#8221;default&#8221; phone_text_alignment=&#8221;default&#8221; animation_type=&#8221;default&#8221; bg_image_animation=&#8221;none&#8221; border_type=&#8221;simple&#8221; column_border_width=&#8221;none&#8221; column_border_style=&#8221;solid&#8221; offset=&#8221;vc_hidden-sm vc_hidden-xs&#8221;][\/vc_column][\/vc_row]\n","protected":false},"excerpt":{"rendered":"<p>[vc_row type=&#8221;full_width_background&#8221; full_screen_row_position=&#8221;middle&#8221; column_margin=&#8221;default&#8221; column_direction=&#8221;default&#8221; column_direction_tablet=&#8221;default&#8221; column_direction_phone=&#8221;default&#8221; bg_color=&#8221;#333333&#8243; bg_image=&#8221;380&#8243; bg_position=&#8221;center center&#8221; background_image_loading=&#8221;default&#8221; bg_repeat=&#8221;no-repeat&#8221; video_bg=&#8221;use_video&#8221; background_video_loading=&#8221;default&#8221; scene_position=&#8221;center&#8221; top_padding=&#8221;13%&#8221; bottom_padding=&#8221;13%&#8221; text_color=&#8221;light&#8221; text_align=&#8221;left&#8221; row_border_radius=&#8221;none&#8221; row_border_radius_applies=&#8221;bg&#8221; overflow=&#8221;visible&#8221; color_overlay=&#8221;#0a0a0a&#8221; overlay_strength=&#8221;0.5&#8243; gradient_direction=&#8221;left_to_right&#8221; shape_divider_position=&#8221;bottom&#8221; bg_image_animation=&#8221;none&#8221; parallax_bg=&#8221;true&#8221; parallax_bg_speed=&#8221;fast&#8221;&#8230;<\/p>\n","protected":false},"author":5,"featured_media":0,"parent":0,"menu_order":0,"comment_status":"closed","ping_status":"closed","template":"","meta":[],"_links":{"self":[{"href":"https:\/\/kairos-academy.ch\/it\/wp-json\/wp\/v2\/pages\/2498"}],"collection":[{"href":"https:\/\/kairos-academy.ch\/it\/wp-json\/wp\/v2\/pages"}],"about":[{"href":"https:\/\/kairos-academy.ch\/it\/wp-json\/wp\/v2\/types\/page"}],"author":[{"embeddable":true,"href":"https:\/\/kairos-academy.ch\/it\/wp-json\/wp\/v2\/users\/5"}],"replies":[{"embeddable":true,"href":"https:\/\/kairos-academy.ch\/it\/wp-json\/wp\/v2\/comments?post=2498"}],"version-history":[{"count":2,"href":"https:\/\/kairos-academy.ch\/it\/wp-json\/wp\/v2\/pages\/2498\/revisions"}],"predecessor-version":[{"id":2500,"href":"https:\/\/kairos-academy.ch\/it\/wp-json\/wp\/v2\/pages\/2498\/revisions\/2500"}],"wp:attachment":[{"href":"https:\/\/kairos-academy.ch\/it\/wp-json\/wp\/v2\/media?parent=2498"}],"curies":[{"name":"wp","href":"https:\/\/api.w.org\/{rel}","templated":true}]}}