{"id":2677,"date":"2022-08-30T20:10:58","date_gmt":"2022-08-30T20:10:58","guid":{"rendered":"https:\/\/seeland.dev.mxm.agency\/?page_id=2677"},"modified":"2022-08-30T20:13:24","modified_gmt":"2022-08-30T20:13:24","slug":"partner","status":"publish","type":"page","link":"https:\/\/kairos-academy.ch\/it\/partner\/","title":{"rendered":"Partner"},"content":{"rendered":"[vc_row type=&#8221;full_width_background&#8221; full_screen_row_position=&#8221;middle&#8221; bg_image=&#8221;366&#8243; bg_position=&#8221;center center&#8221; bg_repeat=&#8221;no-repeat&#8221; bg_color=&#8221;#333333&#8243; scene_position=&#8221;center&#8221; video_bg=&#8221;use_video&#8221; text_color=&#8221;light&#8221; text_align=&#8221;left&#8221; top_padding=&#8221;13%&#8221; bottom_padding=&#8221;13%&#8221; color_overlay=&#8221;#0a0a0a&#8221; overlay_strength=&#8221;0.5&#8243; shape_divider_position=&#8221;bottom&#8221; bg_image_animation=&#8221;none&#8221; parallax_bg=&#8221;true&#8221; parallax_bg_speed=&#8221;fast&#8221; video_mute=&#8221;true&#8221; shape_type=&#8221;&#8221;][vc_column column_padding=&#8221;no-extra-padding&#8221; column_padding_position=&#8221;all&#8221; background_color_opacity=&#8221;1&#8243; background_hover_color_opacity=&#8221;1&#8243; column_link_target=&#8221;_self&#8221; column_shadow=&#8221;none&#8221; column_border_radius=&#8221;none&#8221; width=&#8221;2\/3&#8243; tablet_width_inherit=&#8221;default&#8221; tablet_text_alignment=&#8221;default&#8221; phone_text_alignment=&#8221;default&#8221; column_border_width=&#8221;none&#8221; column_border_style=&#8221;solid&#8221; bg_image_animation=&#8221;none&#8221;][vc_column_text]\n<h1>Organizzazioni partner<\/h1>\n[\/vc_column_text][vc_row_inner column_margin=&#8221;default&#8221; text_align=&#8221;left&#8221;][vc_column_inner column_padding=&#8221;no-extra-padding&#8221; column_padding_position=&#8221;all&#8221; background_color_opacity=&#8221;1&#8243; background_hover_color_opacity=&#8221;1&#8243; column_shadow=&#8221;none&#8221; column_border_radius=&#8221;none&#8221; column_link_target=&#8221;_self&#8221; width=&#8221;1\/1&#8243; tablet_width_inherit=&#8221;default&#8221; column_border_width=&#8221;none&#8221; column_border_style=&#8221;solid&#8221; bg_image_animation=&#8221;none&#8221; enable_animation=&#8221;true&#8221; animation=&#8221;fade-in-from-bottom&#8221; delay=&#8221;300&#8243;][vc_custom_heading text=&#8221;Pour votre avantage&#8221; font_container=&#8221;tag:p|text_align:left|color:rgba(255%2C255%2C255%2C0.7)&#8221; use_theme_fonts=&#8221;yes&#8221;][\/vc_column_inner][\/vc_row_inner][\/vc_column][vc_column column_padding=&#8221;no-extra-padding&#8221; column_padding_position=&#8221;all&#8221; background_color_opacity=&#8221;1&#8243; background_hover_color_opacity=&#8221;1&#8243; column_link_target=&#8221;_self&#8221; column_shadow=&#8221;none&#8221; column_border_radius=&#8221;none&#8221; width=&#8221;1\/3&#8243; tablet_width_inherit=&#8221;default&#8221; tablet_text_alignment=&#8221;default&#8221; phone_text_alignment=&#8221;default&#8221; column_border_width=&#8221;none&#8221; column_border_style=&#8221;solid&#8221; bg_image_animation=&#8221;none&#8221;][\/vc_column][\/vc_row][vc_row type=&#8221;in_container&#8221; full_screen_row_position=&#8221;middle&#8221; scene_position=&#8221;center&#8221; text_color=&#8221;dark&#8221; text_align=&#8221;left&#8221; top_padding=&#8221;5%&#8221; bottom_padding=&#8221;3%&#8221; overlay_strength=&#8221;0.3&#8243; shape_divider_position=&#8221;bottom&#8221; bg_image_animation=&#8221;none&#8221; shape_type=&#8221;&#8221;][vc_column column_padding=&#8221;no-extra-padding&#8221; column_padding_position=&#8221;all&#8221; background_color_opacity=&#8221;1&#8243; background_hover_color_opacity=&#8221;1&#8243; column_link_target=&#8221;_self&#8221; column_shadow=&#8221;none&#8221; column_border_radius=&#8221;none&#8221; width=&#8221;3\/4&#8243; tablet_width_inherit=&#8221;default&#8221; tablet_text_alignment=&#8221;default&#8221; phone_text_alignment=&#8221;default&#8221; column_border_width=&#8221;none&#8221; column_border_style=&#8221;solid&#8221; bg_image_animation=&#8221;none&#8221;][vc_custom_heading text=&#8221;Organisations professionnelles, associations et commissions d&#8217;examen&#8221; font_container=&#8221;tag:h2|font_size:24|text_align:left|line_height:52px&#8221; use_theme_fonts=&#8221;yes&#8221;][vc_column_text css=&#8221;.vc_custom_1586802344372{margin-top: 30px !important;margin-bottom: 30px !important;}&#8221;]Qui sont nos partenaires ?<\/p>\n<p>KAIROS s&#8217;engage \u00e0 vous proposer toujours des nouveaut\u00e9s dans le domaine de la formation continue. Gr\u00e2ce \u00e0 une collaboration bonne et intensive avec les associations professionnelles et partenaires de la formation, un excellent r\u00e9seautage et le mentorat, vous profitez d&#8217;un \u00e9ventail d&#8217;offres de formation continuellement revue et mis au go\u00fbt du jour. Ceci se fait de mani\u00e8re soigneuse, dans le but de vous permettre de suivre des cours de formation partout en Suisse et selon vos r\u00eaves professionnels. Vous aimeriez apprendre davantage ? Contactez-nous ou venez nous voir lors d&#8217;une des prochaines s\u00e9ances d&#8217;information.<\/p>\n<p>Informez-vous \u00e9galement aupr\u00e8s de nos organisations partenaires sur les formations qui d\u00e9butent r\u00e9guli\u00e8rement. Vous pourrez ainsi approfondir quelques d\u00e9tails, comme les dates des examens, les conditions d&#8217;admission, etc. des diverses formations:<\/p>\n<p><strong>LIENS<\/strong><\/p>\n<p>EOP Organisatorenpr\u00fcfungen Schweiz<\/p>\n<p>HRSE Schweiz<\/p>\n<p>KSCS Kommunikation Schweiz<\/p>\n<p>KV Schweiz<\/p>\n<p>PR Suisse<\/p>\n<p>Swiss Marketing Club<\/p>\n<p>Texterverband Schweiz<\/p>\n<p>&nbsp;<\/p>\n<p><strong>La plupart des associations et organisastions professionnelles soutiennent KAIROS dans sa t\u00e2che de prestataire pour de formations continues. Le comit\u00e9 de formation s&#8217;\u00e9change r\u00e9guli\u00e8rement avec les responsables, sp\u00e9cialistes et experts, au sujet des nouveaut\u00e9s au niveau des divers programmes de formation. Il participe en outre avec fiert\u00e9 aux r\u00e9guli\u00e8res s\u00e9ances d&#8217;\u00e9coles organis\u00e9es par celles-ci et suit les divers formations propos\u00e9es par les diverses commissions d&#8217;examens, dans le but que vous puissiez \u00eatre au top de l&#8217;actualit\u00e9 et faire confiance \u00e0 la qualit\u00e9 de nos programmes.<\/strong>[\/vc_column_text][\/vc_column][vc_column column_padding=&#8221;no-extra-padding&#8221; column_padding_position=&#8221;all&#8221; background_color_opacity=&#8221;1&#8243; background_hover_color_opacity=&#8221;1&#8243; column_link_target=&#8221;_self&#8221; column_shadow=&#8221;none&#8221; column_border_radius=&#8221;none&#8221; width=&#8221;1\/4&#8243; tablet_width_inherit=&#8221;default&#8221; tablet_text_alignment=&#8221;default&#8221; phone_text_alignment=&#8221;default&#8221; column_border_width=&#8221;none&#8221; column_border_style=&#8221;solid&#8221; bg_image_animation=&#8221;none&#8221; offset=&#8221;vc_hidden-sm vc_hidden-xs&#8221;][\/vc_column][\/vc_row][vc_row type=&#8221;in_container&#8221; full_screen_row_position=&#8221;middle&#8221; scene_position=&#8221;center&#8221; text_color=&#8221;dark&#8221; text_align=&#8221;left&#8221; overlay_strength=&#8221;0.3&#8243; shape_divider_position=&#8221;bottom&#8221; bg_image_animation=&#8221;none&#8221;][vc_column column_padding=&#8221;no-extra-padding&#8221; column_padding_position=&#8221;all&#8221; background_color_opacity=&#8221;1&#8243; background_hover_color_opacity=&#8221;1&#8243; column_link_target=&#8221;_self&#8221; column_shadow=&#8221;none&#8221; column_border_radius=&#8221;none&#8221; width=&#8221;1\/1&#8243; tablet_width_inherit=&#8221;default&#8221; tablet_text_alignment=&#8221;default&#8221; phone_text_alignment=&#8221;default&#8221; column_border_width=&#8221;none&#8221; column_border_style=&#8221;solid&#8221; bg_image_animation=&#8221;none&#8221;][carousel script=&#8221;owl_carousel&#8221; desktop_cols=&#8221;6&#8243; desktop_small_cols=&#8221;6&#8243; tablet_cols=&#8221;2&#8243; mobile_cols=&#8221;1&#8243; column_padding=&#8221;0&#8243;][item id=&#8221;1563279640-2-56&#8243;][image_with_animation image_url=&#8221;368&#8243; alignment=&#8221;center&#8221; animation=&#8221;Fade In&#8221; border_radius=&#8221;none&#8221; box_shadow=&#8221;none&#8221; max_width=&#8221;50%&#8221;][image_with_animation alignment=&#8221;&#8221; animation=&#8221;Fade In&#8221; border_radius=&#8221;none&#8221; box_shadow=&#8221;none&#8221; max_width=&#8221;100%&#8221;][\/item][item id=&#8221;1563279640-2-56&#8243;][image_with_animation image_url=&#8221;369&#8243; alignment=&#8221;center&#8221; animation=&#8221;Fade In&#8221; border_radius=&#8221;none&#8221; box_shadow=&#8221;none&#8221; max_width=&#8221;50%&#8221;][image_with_animation alignment=&#8221;&#8221; animation=&#8221;Fade In&#8221; border_radius=&#8221;none&#8221; box_shadow=&#8221;none&#8221; max_width=&#8221;100%&#8221;][\/item][item id=&#8221;1563279640-2-56&#8243;][image_with_animation image_url=&#8221;370&#8243; alignment=&#8221;center&#8221; animation=&#8221;Fade In&#8221; border_radius=&#8221;none&#8221; box_shadow=&#8221;none&#8221; max_width=&#8221;50%&#8221;][image_with_animation alignment=&#8221;&#8221; animation=&#8221;Fade In&#8221; border_radius=&#8221;none&#8221; box_shadow=&#8221;none&#8221; max_width=&#8221;100%&#8221;][\/item][item id=&#8221;1563279640-2-56&#8243;][image_with_animation image_url=&#8221;371&#8243; alignment=&#8221;center&#8221; animation=&#8221;Fade In&#8221; border_radius=&#8221;none&#8221; box_shadow=&#8221;none&#8221; max_width=&#8221;50%&#8221;][image_with_animation alignment=&#8221;&#8221; animation=&#8221;Fade In&#8221; border_radius=&#8221;none&#8221; box_shadow=&#8221;none&#8221; max_width=&#8221;100%&#8221;][\/item][item id=&#8221;1563279640-2-56&#8243;][image_with_animation image_url=&#8221;373&#8243; alignment=&#8221;center&#8221; animation=&#8221;Fade In&#8221; border_radius=&#8221;none&#8221; box_shadow=&#8221;none&#8221; max_width=&#8221;50%&#8221;][image_with_animation alignment=&#8221;&#8221; animation=&#8221;Fade In&#8221; border_radius=&#8221;none&#8221; box_shadow=&#8221;none&#8221; max_width=&#8221;100%&#8221;][\/item][item id=&#8221;1563279640-2-56&#8243;][image_with_animation image_url=&#8221;372&#8243; alignment=&#8221;center&#8221; animation=&#8221;Fade In&#8221; border_radius=&#8221;none&#8221; box_shadow=&#8221;none&#8221; max_width=&#8221;50%&#8221;][image_with_animation alignment=&#8221;&#8221; animation=&#8221;Fade In&#8221; border_radius=&#8221;none&#8221; box_shadow=&#8221;none&#8221; max_width=&#8221;100%&#8221;][\/item][item id=&#8221;1563279640-2-56&#8243;][image_with_animation image_url=&#8221;375&#8243; alignment=&#8221;center&#8221; animation=&#8221;Fade In&#8221; border_radius=&#8221;none&#8221; box_shadow=&#8221;none&#8221; max_width=&#8221;50%&#8221;][image_with_animation alignment=&#8221;&#8221; animation=&#8221;Fade In&#8221; border_radius=&#8221;none&#8221; box_shadow=&#8221;none&#8221; max_width=&#8221;100%&#8221;][\/item][item id=&#8221;1563279640-2-56&#8243;][image_with_animation image_url=&#8221;374&#8243; alignment=&#8221;center&#8221; animation=&#8221;Fade In&#8221; border_radius=&#8221;none&#8221; box_shadow=&#8221;none&#8221; max_width=&#8221;50%&#8221;][image_with_animation alignment=&#8221;&#8221; animation=&#8221;Fade In&#8221; border_radius=&#8221;none&#8221; box_shadow=&#8221;none&#8221; max_width=&#8221;100%&#8221;][\/item][\/carousel][\/vc_column][\/vc_row]\n","protected":false},"excerpt":{"rendered":"<p>[vc_row type=&#8221;full_width_background&#8221; full_screen_row_position=&#8221;middle&#8221; bg_image=&#8221;366&#8243; bg_position=&#8221;center center&#8221; bg_repeat=&#8221;no-repeat&#8221; bg_color=&#8221;#333333&#8243; scene_position=&#8221;center&#8221; video_bg=&#8221;use_video&#8221; text_color=&#8221;light&#8221; text_align=&#8221;left&#8221; top_padding=&#8221;13%&#8221; bottom_padding=&#8221;13%&#8221; color_overlay=&#8221;#0a0a0a&#8221; overlay_strength=&#8221;0.5&#8243; shape_divider_position=&#8221;bottom&#8221; bg_image_animation=&#8221;none&#8221; parallax_bg=&#8221;true&#8221; parallax_bg_speed=&#8221;fast&#8221; video_mute=&#8221;true&#8221; shape_type=&#8221;&#8221;][vc_column column_padding=&#8221;no-extra-padding&#8221; column_padding_position=&#8221;all&#8221; background_color_opacity=&#8221;1&#8243; background_hover_color_opacity=&#8221;1&#8243; column_link_target=&#8221;_self&#8221; column_shadow=&#8221;none&#8221; column_border_radius=&#8221;none&#8221; width=&#8221;2\/3&#8243;&#8230;<\/p>\n","protected":false},"author":5,"featured_media":0,"parent":0,"menu_order":0,"comment_status":"closed","ping_status":"closed","template":"","meta":[],"_links":{"self":[{"href":"https:\/\/kairos-academy.ch\/it\/wp-json\/wp\/v2\/pages\/2677"}],"collection":[{"href":"https:\/\/kairos-academy.ch\/it\/wp-json\/wp\/v2\/pages"}],"about":[{"href":"https:\/\/kairos-academy.ch\/it\/wp-json\/wp\/v2\/types\/page"}],"author":[{"embeddable":true,"href":"https:\/\/kairos-academy.ch\/it\/wp-json\/wp\/v2\/users\/5"}],"replies":[{"embeddable":true,"href":"https:\/\/kairos-academy.ch\/it\/wp-json\/wp\/v2\/comments?post=2677"}],"version-history":[{"count":3,"href":"https:\/\/kairos-academy.ch\/it\/wp-json\/wp\/v2\/pages\/2677\/revisions"}],"predecessor-version":[{"id":2680,"href":"https:\/\/kairos-academy.ch\/it\/wp-json\/wp\/v2\/pages\/2677\/revisions\/2680"}],"wp:attachment":[{"href":"https:\/\/kairos-academy.ch\/it\/wp-json\/wp\/v2\/media?parent=2677"}],"curies":[{"name":"wp","href":"https:\/\/api.w.org\/{rel}","templated":true}]}}