{"id":2787,"date":"2022-09-06T10:18:25","date_gmt":"2022-09-06T10:18:25","guid":{"rendered":"https:\/\/seeland.dev.mxm.agency\/impressum\/"},"modified":"2022-11-09T09:22:45","modified_gmt":"2022-11-09T09:22:45","slug":"impressum","status":"publish","type":"page","link":"https:\/\/kairos-academy.ch\/it\/impressum\/","title":{"rendered":"Impronta"},"content":{"rendered":"[vc_row type=&#8221;full_width_background&#8221; full_screen_row_position=&#8221;middle&#8221; column_margin=&#8221;default&#8221; column_direction=&#8221;default&#8221; column_direction_tablet=&#8221;default&#8221; column_direction_phone=&#8221;default&#8221; bg_color=&#8221;#333333&#8243; bg_image=&#8221;357&#8243; bg_position=&#8221;center center&#8221; background_image_loading=&#8221;default&#8221; bg_repeat=&#8221;no-repeat&#8221; video_bg=&#8221;use_video&#8221; background_video_loading=&#8221;default&#8221; scene_position=&#8221;center&#8221; top_padding=&#8221;13%&#8221; bottom_padding=&#8221;13%&#8221; text_color=&#8221;light&#8221; text_align=&#8221;left&#8221; row_border_radius=&#8221;none&#8221; row_border_radius_applies=&#8221;bg&#8221; overflow=&#8221;visible&#8221; color_overlay=&#8221;#0a0a0a&#8221; overlay_strength=&#8221;0.5&#8243; gradient_direction=&#8221;left_to_right&#8221; shape_divider_position=&#8221;bottom&#8221; bg_image_animation=&#8221;none&#8221; parallax_bg=&#8221;true&#8221; parallax_bg_speed=&#8221;fast&#8221; video_mute=&#8221;true&#8221; shape_type=&#8221;&#8221;][vc_column column_padding=&#8221;no-extra-padding&#8221; column_padding_tablet=&#8221;inherit&#8221; column_padding_phone=&#8221;inherit&#8221; column_padding_position=&#8221;all&#8221; column_element_spacing=&#8221;default&#8221; background_color_opacity=&#8221;1&#8243; background_hover_color_opacity=&#8221;1&#8243; column_shadow=&#8221;none&#8221; column_border_radius=&#8221;none&#8221; column_link_target=&#8221;_self&#8221; column_position=&#8221;default&#8221; gradient_direction=&#8221;left_to_right&#8221; overlay_strength=&#8221;0.3&#8243; width=&#8221;2\/3&#8243; tablet_width_inherit=&#8221;default&#8221; tablet_text_alignment=&#8221;default&#8221; phone_text_alignment=&#8221;default&#8221; animation_type=&#8221;default&#8221; bg_image_animation=&#8221;none&#8221; border_type=&#8221;simple&#8221; column_border_width=&#8221;none&#8221; column_border_style=&#8221;solid&#8221;][split_line_heading animation_type=&#8221;line-reveal-by-space&#8221; font_style=&#8221;h1&#8243; line_reveal_by_space_text_effect=&#8221;default&#8221; content_alignment=&#8221;default&#8221; mobile_content_alignment=&#8221;inherit&#8221; link_target=&#8221;_self&#8221; text_content=&#8221;IMPRONTA &#8220;]\n<h1>Portrait<\/h1>\n[\/split_line_heading][vc_row_inner column_margin=&#8221;default&#8221; column_direction=&#8221;default&#8221; column_direction_tablet=&#8221;default&#8221; column_direction_phone=&#8221;default&#8221; text_align=&#8221;left&#8221; row_position=&#8221;default&#8221; row_position_tablet=&#8221;inherit&#8221; row_position_phone=&#8221;inherit&#8221; overflow=&#8221;visible&#8221; pointer_events=&#8221;all&#8221;][vc_column_inner column_padding=&#8221;no-extra-padding&#8221; column_padding_tablet=&#8221;inherit&#8221; column_padding_phone=&#8221;inherit&#8221; column_padding_position=&#8221;all&#8221; column_element_spacing=&#8221;default&#8221; background_color_opacity=&#8221;1&#8243; background_hover_color_opacity=&#8221;1&#8243; column_shadow=&#8221;none&#8221; column_border_radius=&#8221;none&#8221; column_link_target=&#8221;_self&#8221; gradient_direction=&#8221;left_to_right&#8221; overlay_strength=&#8221;0.3&#8243; width=&#8221;1\/1&#8243; tablet_width_inherit=&#8221;default&#8221; animation_type=&#8221;default&#8221; enable_animation=&#8221;true&#8221; animation=&#8221;fade-in-from-bottom&#8221; bg_image_animation=&#8221;none&#8221; border_type=&#8221;simple&#8221; column_border_width=&#8221;none&#8221; column_border_style=&#8221;solid&#8221; delay=&#8221;300&#8243;][\/vc_column_inner][\/vc_row_inner][\/vc_column][vc_column column_padding=&#8221;no-extra-padding&#8221; column_padding_tablet=&#8221;inherit&#8221; column_padding_phone=&#8221;inherit&#8221; column_padding_position=&#8221;all&#8221; column_element_spacing=&#8221;default&#8221; background_color_opacity=&#8221;1&#8243; background_hover_color_opacity=&#8221;1&#8243; column_shadow=&#8221;none&#8221; column_border_radius=&#8221;none&#8221; column_link_target=&#8221;_self&#8221; column_position=&#8221;default&#8221; gradient_direction=&#8221;left_to_right&#8221; overlay_strength=&#8221;0.3&#8243; width=&#8221;1\/3&#8243; tablet_width_inherit=&#8221;default&#8221; tablet_text_alignment=&#8221;default&#8221; phone_text_alignment=&#8221;default&#8221; animation_type=&#8221;default&#8221; bg_image_animation=&#8221;none&#8221; border_type=&#8221;simple&#8221; column_border_width=&#8221;none&#8221; column_border_style=&#8221;solid&#8221;][\/vc_column][\/vc_row][vc_row type=&#8221;in_container&#8221; full_screen_row_position=&#8221;middle&#8221; column_margin=&#8221;default&#8221; column_direction=&#8221;default&#8221; column_direction_tablet=&#8221;default&#8221; column_direction_phone=&#8221;default&#8221; scene_position=&#8221;center&#8221; text_color=&#8221;dark&#8221; text_align=&#8221;left&#8221; row_border_radius=&#8221;none&#8221; row_border_radius_applies=&#8221;bg&#8221; overflow=&#8221;visible&#8221; overlay_strength=&#8221;0.3&#8243; gradient_direction=&#8221;left_to_right&#8221; shape_divider_position=&#8221;bottom&#8221; bg_image_animation=&#8221;none&#8221;][vc_column column_padding=&#8221;no-extra-padding&#8221; column_padding_tablet=&#8221;inherit&#8221; column_padding_phone=&#8221;inherit&#8221; column_padding_position=&#8221;all&#8221; column_element_spacing=&#8221;default&#8221; background_color_opacity=&#8221;1&#8243; background_hover_color_opacity=&#8221;1&#8243; column_shadow=&#8221;none&#8221; column_border_radius=&#8221;none&#8221; column_link_target=&#8221;_self&#8221; column_position=&#8221;default&#8221; gradient_direction=&#8221;left_to_right&#8221; overlay_strength=&#8221;0.3&#8243; width=&#8221;1\/1&#8243; tablet_width_inherit=&#8221;default&#8221; tablet_text_alignment=&#8221;default&#8221; phone_text_alignment=&#8221;default&#8221; animation_type=&#8221;default&#8221; bg_image_animation=&#8221;none&#8221; border_type=&#8221;simple&#8221; column_border_width=&#8221;none&#8221; column_border_style=&#8221;solid&#8221;][vc_column_text]&nbsp;<\/p>\n<p>&nbsp;<\/p>\n<p><strong>Indirizzo<\/strong><br \/>\nKAIROS Academy Ltd. &#8211; sede principale<br \/>\nPRA PURY 19 &#8211; 3280 MURTEN &#8211; MORAT<\/p>\n<p>KAIROS Academy Ltd. &#8211; sede in Ticino<br \/>\nIN BUSCIURINA 3 &#8211; 6528 CAMORINO &#8211; BELLINZONA<br \/>\n<span style=\"color: #000000;\"><a style=\"color: #000000;\" href=\"\/it\/contatto\/\">Contatto<\/a><\/span><\/p>\n<p><strong>Responsabile<\/strong><br \/>\nSandra Gehring<br \/>\nDirettrice della scuola<\/p>\n<p><strong>Concept, Design e realizzazione tecnica<\/strong><br \/>\nMaxomedia AG<br \/>\nZinggstrasse 1<br \/>\n3007 Bern<br \/>\nTelefon: 031 370 01 11<br \/>\n<span style=\"color: #000000;\"><u><a style=\"color: #000000;\" href=\"https:\/\/www.maxomedia.ch\">www.maxomedia.ch<\/a><\/u><\/span><\/p>\n<p><strong>Diritto d\u2019autore<\/strong><br \/>\nTutti i marchi citati nel contesto dell&#8217;offerta Internet e protetti da terzi sono soggetti alle disposizioni del diritto dei marchi in vigore e dei diritti di propriet\u00e0. Il copyright di immagini, foto, testi, loghi o altri contenuti pubblicati sul sito e prodotti da KAIROS Academy of Art and Science Ltd. rimane di propriet\u00e0 esclusiva del proprietario o dell&#8217;autore degli stessi. La riproduzione o l&#8217;uso di tali materiali in altre pubblicazioni elettroniche o stampate \u00e8 vietata senza il consenso scritto della KAIROS Academy of Art and Science Ltd. \u00c8 necessario richiedere preventivamente il consenso scritto della KAIROS Academy of Art and Science Ltd. o dell&#8217;autore di tali materiali.<\/p>\n<p><strong>Clausola di non-responsabilit\u00e0<\/strong><br \/>\nKAIROS Academy of Art and Science Ltd. non si assume alcuna responsabilit\u00e0 per l&#8217;attualit\u00e0, l&#8217;affidabilit\u00e0, la completezza o la qualit\u00e0 delle informazioni fornite. Sono escluse le rivendicazioni di responsabilit\u00e0 nei confronti della KAIROS Academy of Art and Science Ltd. che si riferiscono a danni materiali o immateriali causati dall&#8217;accesso, dall&#8217;uso o dal mancato uso delle informazioni fornite o dall&#8217;uso di informazioni errate e incomplete, dall&#8217;uso improprio del collegamento a Internet o da guasti tecnici. KAIROS Academy of Art and Science Ltd. si riserva il diritto di modificare, integrare o cancellare pagine o parti di pagine, offerte o parti di offerte senza preavviso, nonch\u00e9 di sospendere temporaneamente o definitivamente la pubblicazione.<\/p>\n<p><strong>Link e riferimenti ad altri siti web<\/strong><br \/>\nKAIROS Academy of Art and Science Ltd. dichiara espressamente di non essere responsabile dei contenuti dei siti web collegati. KAIROS Academy of Art and Science Ltd. si dissocia espressamente dal contenuto di tutti i siti collegati e in particolare da qualsiasi danno derivante dall&#8217;uso o dal mancato uso di tali informazioni. Il proprietario del sito collegato \u00e8 l&#8217;unico responsabile dei contenuti pubblicati. L&#8217;accesso e l&#8217;utilizzo sono a rischio e pericolo dell&#8217;utente.<\/p>\n<p><strong>Validit\u00e0 giuridica<\/strong><br \/>\nGli elementi di cui sopra sono da considerarsi come parte dell&#8217;offerta di KAIROS Academy of Art and Science Ltd.<\/p>\n<p>\u00a9 KAIROS Academy of Art and Science Ltd., Murten-Morat, settembre 2022[\/vc_column_text][\/vc_column][\/vc_row]\n","protected":false},"excerpt":{"rendered":"<p>[vc_row type=&#8221;full_width_background&#8221; full_screen_row_position=&#8221;middle&#8221; column_margin=&#8221;default&#8221; column_direction=&#8221;default&#8221; column_direction_tablet=&#8221;default&#8221; column_direction_phone=&#8221;default&#8221; bg_color=&#8221;#333333&#8243; bg_image=&#8221;357&#8243; bg_position=&#8221;center center&#8221; background_image_loading=&#8221;default&#8221; bg_repeat=&#8221;no-repeat&#8221; video_bg=&#8221;use_video&#8221; background_video_loading=&#8221;default&#8221; scene_position=&#8221;center&#8221; top_padding=&#8221;13%&#8221; bottom_padding=&#8221;13%&#8221; text_color=&#8221;light&#8221; text_align=&#8221;left&#8221; row_border_radius=&#8221;none&#8221; row_border_radius_applies=&#8221;bg&#8221; overflow=&#8221;visible&#8221; color_overlay=&#8221;#0a0a0a&#8221; overlay_strength=&#8221;0.5&#8243; gradient_direction=&#8221;left_to_right&#8221; shape_divider_position=&#8221;bottom&#8221; bg_image_animation=&#8221;none&#8221; parallax_bg=&#8221;true&#8221; parallax_bg_speed=&#8221;fast&#8221;&#8230;<\/p>\n","protected":false},"author":6,"featured_media":0,"parent":0,"menu_order":0,"comment_status":"closed","ping_status":"closed","template":"","meta":[],"_links":{"self":[{"href":"https:\/\/kairos-academy.ch\/it\/wp-json\/wp\/v2\/pages\/2787"}],"collection":[{"href":"https:\/\/kairos-academy.ch\/it\/wp-json\/wp\/v2\/pages"}],"about":[{"href":"https:\/\/kairos-academy.ch\/it\/wp-json\/wp\/v2\/types\/page"}],"author":[{"embeddable":true,"href":"https:\/\/kairos-academy.ch\/it\/wp-json\/wp\/v2\/users\/6"}],"replies":[{"embeddable":true,"href":"https:\/\/kairos-academy.ch\/it\/wp-json\/wp\/v2\/comments?post=2787"}],"version-history":[{"count":17,"href":"https:\/\/kairos-academy.ch\/it\/wp-json\/wp\/v2\/pages\/2787\/revisions"}],"predecessor-version":[{"id":3396,"href":"https:\/\/kairos-academy.ch\/it\/wp-json\/wp\/v2\/pages\/2787\/revisions\/3396"}],"wp:attachment":[{"href":"https:\/\/kairos-academy.ch\/it\/wp-json\/wp\/v2\/media?parent=2787"}],"curies":[{"name":"wp","href":"https:\/\/api.w.org\/{rel}","templated":true}]}}